{"id":20026,"date":"2019-02-15T14:52:57","date_gmt":"2019-02-15T14:52:57","guid":{"rendered":"http:\/\/bifrost.local\/?page_id=20026"},"modified":"2026-04-15T13:58:25","modified_gmt":"2026-04-15T13:58:25","slug":"metro-portfolio","status":"publish","type":"page","link":"https:\/\/concettaprobanza.com\/en\/","title":{"rendered":"Home"},"content":{"rendered":"<div data-elementor-type=\"wp-post\" data-elementor-id=\"20026\" class=\"elementor elementor-20026\" data-elementor-post-type=\"page\">\n\t\t\t\t\t\t<section class=\"elementor-section elementor-top-section elementor-element elementor-element-274baea7 elementor-section-full_width elementor-section-height-default elementor-section-height-default neuron-fixed-no\" data-id=\"274baea7\" data-element_type=\"section\">\n\t\t\t\t\t\t<div class=\"elementor-container elementor-column-gap-no\">\n\t\t\t\t\t<div class=\"elementor-column elementor-col-100 elementor-top-column elementor-element elementor-element-d13169d\" data-id=\"d13169d\" data-element_type=\"column\" data-settings=\"{&quot;background_background&quot;:&quot;slideshow&quot;,&quot;background_slideshow_gallery&quot;:[{&quot;id&quot;:29962,&quot;url&quot;:&quot;https:\\\/\\\/concettaprobanza.com\\\/wp-content\\\/uploads\\\/2025\\\/04\\\/ElpeixetFederico_Arola-18.jpg&quot;},{&quot;id&quot;:29696,&quot;url&quot;:&quot;https:\\\/\\\/concettaprobanza.com\\\/wp-content\\\/uploads\\\/2025\\\/04\\\/Azaroa25_Hitzaldia_onlineFB.jpg&quot;},{&quot;id&quot;:29992,&quot;url&quot;:&quot;https:\\\/\\\/concettaprobanza.com\\\/wp-content\\\/uploads\\\/2025\\\/04\\\/jajatxo_barrukoa-8.jpg&quot;},{&quot;id&quot;:29668,&quot;url&quot;:&quot;https:\\\/\\\/concettaprobanza.com\\\/wp-content\\\/uploads\\\/2025\\\/04\\\/Egutegi_Femista2019_EHBF_INP-12.jpg&quot;},{&quot;id&quot;:29999,&quot;url&quot;:&quot;https:\\\/\\\/concettaprobanza.com\\\/wp-content\\\/uploads\\\/2025\\\/04\\\/jajatxo_barrukoa-24.jpg&quot;},{&quot;id&quot;:29996,&quot;url&quot;:&quot;https:\\\/\\\/concettaprobanza.com\\\/wp-content\\\/uploads\\\/2025\\\/04\\\/jajatxo_barrukoa-19.jpg&quot;},{&quot;id&quot;:29963,&quot;url&quot;:&quot;https:\\\/\\\/concettaprobanza.com\\\/wp-content\\\/uploads\\\/2025\\\/04\\\/ElpeixetFederico_Arola-30.jpg&quot;}],&quot;background_slideshow_loop&quot;:&quot;yes&quot;,&quot;background_slideshow_slide_duration&quot;:5000,&quot;background_slideshow_slide_transition&quot;:&quot;fade&quot;,&quot;background_slideshow_transition_duration&quot;:500}\">\n\t\t\t<div class=\"elementor-widget-wrap elementor-element-populated\">\n\t\t\t\t\t\t<div class=\"elementor-element elementor-element-b673e69 elementor-widget elementor-widget-spacer\" data-id=\"b673e69\" data-element_type=\"widget\" data-widget_type=\"spacer.default\">\n\t\t\t\t<div class=\"elementor-widget-container\">\n\t\t\t\t\t\t\t<div class=\"elementor-spacer\">\n\t\t\t<div class=\"elementor-spacer-inner\"><\/div>\n\t\t<\/div>\n\t\t\t\t\t\t<\/div>\n\t\t\t\t<\/div>\n\t\t\t\t\t<\/div>\n\t\t<\/div>\n\t\t\t\t\t<\/div>\n\t\t<\/section>\n\t\t<div class=\"elementor-element elementor-element-ccac2cc e-flex e-con-boxed neuron-fixed-no e-con e-parent\" data-id=\"ccac2cc\" data-element_type=\"container\">\n\t\t\t\t\t<div class=\"e-con-inner\">\n\t\t\t\t<div class=\"elementor-element elementor-element-48a2ebd e-transform elementor-widget elementor-widget-heading\" data-id=\"48a2ebd\" data-element_type=\"widget\" data-settings=\"{&quot;_transform_scale_effect&quot;:{&quot;unit&quot;:&quot;px&quot;,&quot;size&quot;:0.2,&quot;sizes&quot;:[]},&quot;_transform_scale_effect_tablet&quot;:{&quot;unit&quot;:&quot;px&quot;,&quot;size&quot;:&quot;&quot;,&quot;sizes&quot;:[]},&quot;_transform_scale_effect_mobile&quot;:{&quot;unit&quot;:&quot;px&quot;,&quot;size&quot;:&quot;&quot;,&quot;sizes&quot;:[]}}\" data-widget_type=\"heading.default\">\n\t\t\t\t<div class=\"elementor-widget-container\">\n\t\t\t\t\t<h1 class=\"elementor-heading-title elementor-size-default\">Ilustraciones y Pintura en Euskadi<\/h1>\t\t\t\t<\/div>\n\t\t\t\t<\/div>\n\t\t\t\t<div class=\"elementor-element elementor-element-45332d6 elementor-icon-list--layout-inline elementor-align-center elementor-list-item-link-full_width elementor-widget elementor-widget-icon-list\" data-id=\"45332d6\" data-element_type=\"widget\" data-widget_type=\"icon-list.default\">\n\t\t\t\t<div class=\"elementor-widget-container\">\n\t\t\t\t\t\t\t<ul class=\"elementor-icon-list-items elementor-inline-items\">\n\t\t\t\t\t\t\t<li class=\"elementor-icon-list-item elementor-inline-item\">\n\t\t\t\t\t\t\t\t\t\t\t<a href=\"https:\/\/concettaprobanza.live-website.com\/aviso-legal\">\n\n\t\t\t\t\t\t\t\t\t\t\t<span class=\"elementor-icon-list-text\">Legal notice<\/span>\n\t\t\t\t\t\t\t\t\t\t\t<\/a>\n\t\t\t\t\t\t\t\t\t<\/li>\n\t\t\t\t\t\t\t\t<li class=\"elementor-icon-list-item elementor-inline-item\">\n\t\t\t\t\t\t\t\t\t\t\t<a href=\"https:\/\/concettaprobanza.live-website.com\/politica-de-cookies\">\n\n\t\t\t\t\t\t\t\t\t\t\t<span class=\"elementor-icon-list-text\">Cookie policy<\/span>\n\t\t\t\t\t\t\t\t\t\t\t<\/a>\n\t\t\t\t\t\t\t\t\t<\/li>\n\t\t\t\t\t\t\t\t<li class=\"elementor-icon-list-item elementor-inline-item\">\n\t\t\t\t\t\t\t\t\t\t\t<a href=\"https:\/\/concettaprobanza.live-website.com\/terminos-y-condiciones\">\n\n\t\t\t\t\t\t\t\t\t\t\t<span class=\"elementor-icon-list-text\">Terms and conditions<\/span>\n\t\t\t\t\t\t\t\t\t\t\t<\/a>\n\t\t\t\t\t\t\t\t\t<\/li>\n\t\t\t\t\t\t<\/ul>\n\t\t\t\t\t\t<\/div>\n\t\t\t\t<\/div>\n\t\t\t\t<div class=\"elementor-element elementor-element-2b7b20f elementor-widget elementor-widget-image\" data-id=\"2b7b20f\" data-element_type=\"widget\" data-widget_type=\"image.default\">\n\t\t\t\t<div class=\"elementor-widget-container\">\n\t\t\t\t\t\t\t\t\t\t\t\t\t\t\t<img fetchpriority=\"high\" decoding=\"async\" width=\"1024\" height=\"96\" src=\"https:\/\/concettaprobanza.com\/wp-content\/uploads\/2025\/04\/CONBANDERA_KITDIGITAL-1024x96-1.png.webp\" class=\"attachment-large size-large wp-image-30151\" alt=\"\" srcset=\"https:\/\/concettaprobanza.com\/wp-content\/uploads\/2025\/04\/CONBANDERA_KITDIGITAL-1024x96-1.png.webp 1024w, https:\/\/concettaprobanza.com\/wp-content\/uploads\/2025\/04\/CONBANDERA_KITDIGITAL-1024x96-1.png-300x28.webp 300w, https:\/\/concettaprobanza.com\/wp-content\/uploads\/2025\/04\/CONBANDERA_KITDIGITAL-1024x96-1.png-768x72.webp 768w, https:\/\/concettaprobanza.com\/wp-content\/uploads\/2025\/04\/CONBANDERA_KITDIGITAL-1024x96-1.png-600x56.webp 600w\" sizes=\"(max-width: 1024px) 100vw, 1024px\" \/>\t\t\t\t\t\t\t\t\t\t\t\t\t\t\t<\/div>\n\t\t\t\t<\/div>\n\t\t\t\t\t<\/div>\n\t\t\t\t<\/div>\n\t\t\t\t<\/div>","protected":false},"excerpt":{"rendered":"<p>Ilustraciones y Pintura en Euskadi Aviso legal Pol\u00edtica de cookies T\u00e9rminos y condiciones<\/p>","protected":false},"author":2,"featured_media":29250,"parent":0,"menu_order":42,"comment_status":"closed","ping_status":"closed","template":"elementor_theme","meta":{"_acf_changed":false,"footnotes":""},"class_list":["post-20026","page","type-page","status-publish","has-post-thumbnail","hentry"],"acf":[],"yoast_head":"<!-- This site is optimized with the Yoast SEO plugin v25.6 - https:\/\/yoast.com\/wordpress\/plugins\/seo\/ -->\n<title>Concetta Probanza | Ilustraci\u00f3n y Pintura<\/title>\n<meta name=\"description\" content=\"Bienvenido al universo visual de Concetta Probanza: ilustraci\u00f3n, pintura y arte editorial con alma. \u00a1Explora su mundo creativo ya!\" \/>\n<meta name=\"robots\" content=\"index, follow, max-snippet:-1, max-image-preview:large, max-video-preview:-1\" \/>\n<link rel=\"canonical\" href=\"https:\/\/concettaprobanza.com\/en\/\" \/>\n<meta property=\"og:locale\" content=\"en_GB\" \/>\n<meta property=\"og:type\" content=\"article\" \/>\n<meta property=\"og:title\" content=\"Concetta Probanza | Ilustraci\u00f3n y Pintura\" \/>\n<meta property=\"og:description\" content=\"Bienvenido al universo visual de Concetta Probanza: ilustraci\u00f3n, pintura y arte editorial con alma. \u00a1Explora su mundo creativo ya!\" \/>\n<meta property=\"og:url\" content=\"https:\/\/concettaprobanza.com\/en\/\" \/>\n<meta property=\"og:site_name\" content=\"Concetta Probanza\" \/>\n<meta property=\"article:modified_time\" content=\"2026-04-15T13:58:25+00:00\" \/>\n<meta property=\"og:image\" content=\"https:\/\/concettaprobanza.com\/wp-content\/uploads\/2025\/04\/69b4f5129cd8-SInaduraConcetta2022.jpg\" \/>\n\t<meta property=\"og:image:width\" content=\"469\" \/>\n\t<meta property=\"og:image:height\" content=\"276\" \/>\n\t<meta property=\"og:image:type\" content=\"image\/jpeg\" \/>\n<meta name=\"twitter:card\" content=\"summary_large_image\" \/>\n<meta name=\"twitter:label1\" content=\"Estimated reading time\" \/>\n\t<meta name=\"twitter:data1\" content=\"1 minute\" \/>\n<script type=\"application\/ld+json\" class=\"yoast-schema-graph\">{\"@context\":\"https:\/\/schema.org\",\"@graph\":[{\"@type\":\"WebPage\",\"@id\":\"https:\/\/concettaprobanza.com\/\",\"url\":\"https:\/\/concettaprobanza.com\/\",\"name\":\"Concetta Probanza | Ilustraci\u00f3n y Pintura\",\"isPartOf\":{\"@id\":\"https:\/\/concettaprobanza.com\/#website\"},\"primaryImageOfPage\":{\"@id\":\"https:\/\/concettaprobanza.com\/#primaryimage\"},\"image\":{\"@id\":\"https:\/\/concettaprobanza.com\/#primaryimage\"},\"thumbnailUrl\":\"https:\/\/concettaprobanza.com\/wp-content\/uploads\/2025\/04\/69b4f5129cd8-SInaduraConcetta2022.jpg\",\"datePublished\":\"2019-02-15T14:52:57+00:00\",\"dateModified\":\"2026-04-15T13:58:25+00:00\",\"description\":\"Bienvenido al universo visual de Concetta Probanza: ilustraci\u00f3n, pintura y arte editorial con alma. \u00a1Explora su mundo creativo ya!\",\"breadcrumb\":{\"@id\":\"https:\/\/concettaprobanza.com\/#breadcrumb\"},\"inLanguage\":\"en-GB\",\"potentialAction\":[{\"@type\":\"ReadAction\",\"target\":[\"https:\/\/concettaprobanza.com\/\"]}]},{\"@type\":\"ImageObject\",\"inLanguage\":\"en-GB\",\"@id\":\"https:\/\/concettaprobanza.com\/#primaryimage\",\"url\":\"https:\/\/concettaprobanza.com\/wp-content\/uploads\/2025\/04\/69b4f5129cd8-SInaduraConcetta2022.jpg\",\"contentUrl\":\"https:\/\/concettaprobanza.com\/wp-content\/uploads\/2025\/04\/69b4f5129cd8-SInaduraConcetta2022.jpg\",\"width\":469,\"height\":276},{\"@type\":\"BreadcrumbList\",\"@id\":\"https:\/\/concettaprobanza.com\/#breadcrumb\",\"itemListElement\":[{\"@type\":\"ListItem\",\"position\":1,\"name\":\"Portada\",\"item\":\"https:\/\/concettaprobanza.com\/\"},{\"@type\":\"ListItem\",\"position\":2,\"name\":\"Home\"}]},{\"@type\":\"WebSite\",\"@id\":\"https:\/\/concettaprobanza.com\/#website\",\"url\":\"https:\/\/concettaprobanza.com\/\",\"name\":\"Concetta Probanza\",\"description\":\"Concetta Probanza es una ilustradora con formaci\u00f3n en Bellas Artes y grabado, cuya trayectoria lo llev\u00f3 del lienzo y la madera al mundo editorial y el arte digital. Sus ilustraciones, llenas de detalle y sensibilidad, evocan los paisajes y culturas que descubri\u00f3 en sus viajes por Senegal, Camer\u00fan, Indonesia y Jap\u00f3n.\",\"potentialAction\":[{\"@type\":\"SearchAction\",\"target\":{\"@type\":\"EntryPoint\",\"urlTemplate\":\"https:\/\/concettaprobanza.com\/?s={search_term_string}\"},\"query-input\":{\"@type\":\"PropertyValueSpecification\",\"valueRequired\":true,\"valueName\":\"search_term_string\"}}],\"inLanguage\":\"en-GB\"}]}<\/script>\n<!-- \/ Yoast SEO plugin. -->","yoast_head_json":{"title":"Concetta Probanza | Ilustraci\u00f3n y Pintura","description":"Bienvenido al universo visual de Concetta Probanza: ilustraci\u00f3n, pintura y arte editorial con alma. \u00a1Explora su mundo creativo ya!","robots":{"index":"index","follow":"follow","max-snippet":"max-snippet:-1","max-image-preview":"max-image-preview:large","max-video-preview":"max-video-preview:-1"},"canonical":"https:\/\/concettaprobanza.com\/en\/","og_locale":"en_GB","og_type":"article","og_title":"Concetta Probanza | Ilustraci\u00f3n y Pintura","og_description":"Bienvenido al universo visual de Concetta Probanza: ilustraci\u00f3n, pintura y arte editorial con alma. \u00a1Explora su mundo creativo ya!","og_url":"https:\/\/concettaprobanza.com\/en\/","og_site_name":"Concetta Probanza","article_modified_time":"2026-04-15T13:58:25+00:00","og_image":[{"width":469,"height":276,"url":"https:\/\/concettaprobanza.com\/wp-content\/uploads\/2025\/04\/69b4f5129cd8-SInaduraConcetta2022.jpg","type":"image\/jpeg"}],"twitter_card":"summary_large_image","twitter_misc":{"Estimated reading time":"1 minute"},"schema":{"@context":"https:\/\/schema.org","@graph":[{"@type":"WebPage","@id":"https:\/\/concettaprobanza.com\/","url":"https:\/\/concettaprobanza.com\/","name":"Concetta Probanza | Ilustraci\u00f3n y Pintura","isPartOf":{"@id":"https:\/\/concettaprobanza.com\/#website"},"primaryImageOfPage":{"@id":"https:\/\/concettaprobanza.com\/#primaryimage"},"image":{"@id":"https:\/\/concettaprobanza.com\/#primaryimage"},"thumbnailUrl":"https:\/\/concettaprobanza.com\/wp-content\/uploads\/2025\/04\/69b4f5129cd8-SInaduraConcetta2022.jpg","datePublished":"2019-02-15T14:52:57+00:00","dateModified":"2026-04-15T13:58:25+00:00","description":"Bienvenido al universo visual de Concetta Probanza: ilustraci\u00f3n, pintura y arte editorial con alma. \u00a1Explora su mundo creativo ya!","breadcrumb":{"@id":"https:\/\/concettaprobanza.com\/#breadcrumb"},"inLanguage":"en-GB","potentialAction":[{"@type":"ReadAction","target":["https:\/\/concettaprobanza.com\/"]}]},{"@type":"ImageObject","inLanguage":"en-GB","@id":"https:\/\/concettaprobanza.com\/#primaryimage","url":"https:\/\/concettaprobanza.com\/wp-content\/uploads\/2025\/04\/69b4f5129cd8-SInaduraConcetta2022.jpg","contentUrl":"https:\/\/concettaprobanza.com\/wp-content\/uploads\/2025\/04\/69b4f5129cd8-SInaduraConcetta2022.jpg","width":469,"height":276},{"@type":"BreadcrumbList","@id":"https:\/\/concettaprobanza.com\/#breadcrumb","itemListElement":[{"@type":"ListItem","position":1,"name":"Portada","item":"https:\/\/concettaprobanza.com\/"},{"@type":"ListItem","position":2,"name":"Home"}]},{"@type":"WebSite","@id":"https:\/\/concettaprobanza.com\/#website","url":"https:\/\/concettaprobanza.com\/","name":"Concetta Probanza","description":"Concetta Probanza es una ilustradora con formaci\u00f3n en Bellas Artes y grabado, cuya trayectoria lo llev\u00f3 del lienzo y la madera al mundo editorial y el arte digital. Sus ilustraciones, llenas de detalle y sensibilidad, evocan los paisajes y culturas que descubri\u00f3 en sus viajes por Senegal, Camer\u00fan, Indonesia y Jap\u00f3n.","potentialAction":[{"@type":"SearchAction","target":{"@type":"EntryPoint","urlTemplate":"https:\/\/concettaprobanza.com\/?s={search_term_string}"},"query-input":{"@type":"PropertyValueSpecification","valueRequired":true,"valueName":"search_term_string"}}],"inLanguage":"en-GB"}]}},"_links":{"self":[{"href":"https:\/\/concettaprobanza.com\/en\/wp-json\/wp\/v2\/pages\/20026","targetHints":{"allow":["GET"]}}],"collection":[{"href":"https:\/\/concettaprobanza.com\/en\/wp-json\/wp\/v2\/pages"}],"about":[{"href":"https:\/\/concettaprobanza.com\/en\/wp-json\/wp\/v2\/types\/page"}],"author":[{"embeddable":true,"href":"https:\/\/concettaprobanza.com\/en\/wp-json\/wp\/v2\/users\/2"}],"replies":[{"embeddable":true,"href":"https:\/\/concettaprobanza.com\/en\/wp-json\/wp\/v2\/comments?post=20026"}],"version-history":[{"count":0,"href":"https:\/\/concettaprobanza.com\/en\/wp-json\/wp\/v2\/pages\/20026\/revisions"}],"wp:featuredmedia":[{"embeddable":true,"href":"https:\/\/concettaprobanza.com\/en\/wp-json\/wp\/v2\/media\/29250"}],"wp:attachment":[{"href":"https:\/\/concettaprobanza.com\/en\/wp-json\/wp\/v2\/media?parent=20026"}],"curies":[{"name":"wp","href":"https:\/\/api.w.org\/{rel}","templated":true}]}}