{"id":30104,"date":"2025-04-04T10:03:39","date_gmt":"2025-04-04T10:03:39","guid":{"rendered":"https:\/\/ultbit.com\/concetta\/?page_id=30104"},"modified":"2025-04-04T12:34:58","modified_gmt":"2025-04-04T12:34:58","slug":"aviso-legal","status":"publish","type":"page","link":"https:\/\/concettaprobanza.com\/en\/aviso-legal\/","title":{"rendered":"Legal notice"},"content":{"rendered":"<div data-elementor-type=\"wp-post\" data-elementor-id=\"30104\" class=\"elementor elementor-30104\" data-elementor-post-type=\"page\">\n\t\t\t\t\t\t<section class=\"elementor-section elementor-top-section elementor-element elementor-element-5c2128d elementor-section-boxed elementor-section-height-default elementor-section-height-default neuron-fixed-no\" data-id=\"5c2128d\" data-element_type=\"section\">\n\t\t\t\t\t\t<div class=\"elementor-container elementor-column-gap-default\">\n\t\t\t\t\t<div class=\"elementor-column elementor-col-100 elementor-top-column elementor-element elementor-element-659d66a\" data-id=\"659d66a\" data-element_type=\"column\">\n\t\t\t<div class=\"elementor-widget-wrap elementor-element-populated\">\n\t\t\t\t\t\t<div class=\"elementor-element elementor-element-27e3900 elementor-widget elementor-widget-heading\" data-id=\"27e3900\" data-element_type=\"widget\" data-widget_type=\"heading.default\">\n\t\t\t\t<div class=\"elementor-widget-container\">\n\t\t\t\t\t<h3 class=\"elementor-heading-title elementor-size-default\">Legal notice<\/h3>\t\t\t\t<\/div>\n\t\t\t\t<\/div>\n\t\t\t\t<div class=\"elementor-element elementor-element-103404f elementor-widget-divider--view-line elementor-widget elementor-widget-divider\" data-id=\"103404f\" data-element_type=\"widget\" data-widget_type=\"divider.default\">\n\t\t\t\t<div class=\"elementor-widget-container\">\n\t\t\t\t\t\t\t<div class=\"elementor-divider\">\n\t\t\t<span class=\"elementor-divider-separator\">\n\t\t\t\t\t\t<\/span>\n\t\t<\/div>\n\t\t\t\t\t\t<\/div>\n\t\t\t\t<\/div>\n\t\t\t\t<div class=\"elementor-element elementor-element-1f8b205 elementor-widget elementor-widget-text-editor\" data-id=\"1f8b205\" data-element_type=\"widget\" data-widget_type=\"text-editor.default\">\n\t\t\t\t<div class=\"elementor-widget-container\">\n\t\t\t\t\t\t\t\t\t<p>In compliance with the provisions of Law 34\/2002, of 11 July, on Services of the Information Society and Electronic Commerce (LSSI-CE), we inform you of the following legal aspects of this website:<\/p><p>\u00a0<\/p><h4>Ownership of Website<\/h4><p><strong>Social reason: <\/strong>M. Conception Probanza Arrizabalaga<\/p><p><strong>CIF: <\/strong>72574795C<\/p><p><strong>Address tax and social:<\/strong> Street Ward 9 Maicas (Teruel) 44791<\/p><p><strong>E-mail:<\/strong><\/p><p class=\"p1\"><span class=\"s1\"><a href=\"mailto:cprobanza@yahoo.es\">cprobanza@yahoo.es<\/a><\/span><\/p><p>\u00a0<\/p><h4>Terms of use<\/h4><p>Access to and use of the web site of M. Conception Probanza Arrizabalaga attributes the condition of user and implies the full and unreserved acceptance of each and every one of the provisions included in this Legal Notice in the version published by M. Conception Probanza Arrizabalaga at the same moment that the user accesses the website.<\/p><p>\u00a0<\/p><h4>Intellectual and Industrial property<\/h4><p>All contents on the website, which is understood, but not limited to, text, photographs, graphics, images, icons, technology, software, and other audiovisual or sound content, as well as its graphic design and source codes are the intellectual property of M. Conception Probanza Arrizabalaga, without being transferred to the user none of the exploitation rights over them beyond what is strictly necessary for the correct use of the website.<\/p><p>\u00a0<\/p><h4>Data protection<\/h4><p>M. Conception Probanza Arrizabalaga complies with the current regulations on data protection, and ensures the correct management of the personal data that may be collected through the contact forms on the website, in accordance with the provisions of Regulation (EU) 2016\/679 (General Regulation on Data Protection).<\/p><p>\u00a0<\/p><h4>Liability for Contents<\/h4><p>M. Conception Probanza Arrizabalaga is not responsible for the legality of other third party websites from which you accessed this website. Not be liable for the legality of other third party websites that may be linked to or linked from this web site.<\/p><p>\u00a0<\/p><h4>Applicable legislation and Jurisdiction<\/h4><p>The relationship between M. Conception Probanza Arrizabalaga and the user shall be governed by current Spanish regulations and any controversy will be submitted to the Courts and Tribunals of the city of Teruel, unless the applicable law provides otherwise.<\/p><hr \/><p>For more information or any doubt about this Legal Notice, please contact us via e-mail: <a class=\"css-1rn59kg\" title=\"mailto:cprobanza@yahoo.es\" href=\"mailto:cprobanza@yahoo.es\" data-testid=\"link-with-safety\" data-renderer-mark=\"true\">cprobanza@yahoo.es<\/a><\/p>\t\t\t\t\t\t\t\t<\/div>\n\t\t\t\t<\/div>\n\t\t\t\t\t<\/div>\n\t\t<\/div>\n\t\t\t\t\t<\/div>\n\t\t<\/section>\n\t\t<div class=\"elementor-element elementor-element-10c68c2 e-flex e-con-boxed neuron-fixed-no e-con e-parent\" data-id=\"10c68c2\" data-element_type=\"container\">\n\t\t\t\t\t<div class=\"e-con-inner\">\n\t\t\t\t<div class=\"elementor-element elementor-element-39702c4 elementor-icon-list--layout-inline elementor-align-center elementor-list-item-link-full_width elementor-widget elementor-widget-icon-list\" data-id=\"39702c4\" data-element_type=\"widget\" data-widget_type=\"icon-list.default\">\n\t\t\t\t<div class=\"elementor-widget-container\">\n\t\t\t\t\t\t\t<ul class=\"elementor-icon-list-items elementor-inline-items\">\n\t\t\t\t\t\t\t<li class=\"elementor-icon-list-item elementor-inline-item\">\n\t\t\t\t\t\t\t\t\t\t\t<a href=\"https:\/\/concettaprobanza.live-website.com\/aviso-legal\">\n\n\t\t\t\t\t\t\t\t\t\t\t<span class=\"elementor-icon-list-text\">Legal notice<\/span>\n\t\t\t\t\t\t\t\t\t\t\t<\/a>\n\t\t\t\t\t\t\t\t\t<\/li>\n\t\t\t\t\t\t\t\t<li class=\"elementor-icon-list-item elementor-inline-item\">\n\t\t\t\t\t\t\t\t\t\t\t<a href=\"https:\/\/concettaprobanza.live-website.com\/politica-de-cookies\">\n\n\t\t\t\t\t\t\t\t\t\t\t<span class=\"elementor-icon-list-text\">Cookie policy<\/span>\n\t\t\t\t\t\t\t\t\t\t\t<\/a>\n\t\t\t\t\t\t\t\t\t<\/li>\n\t\t\t\t\t\t\t\t<li class=\"elementor-icon-list-item elementor-inline-item\">\n\t\t\t\t\t\t\t\t\t\t\t<a href=\"https:\/\/concettaprobanza.live-website.com\/terminos-y-condiciones\">\n\n\t\t\t\t\t\t\t\t\t\t\t<span class=\"elementor-icon-list-text\">Terms and conditions<\/span>\n\t\t\t\t\t\t\t\t\t\t\t<\/a>\n\t\t\t\t\t\t\t\t\t<\/li>\n\t\t\t\t\t\t<\/ul>\n\t\t\t\t\t\t<\/div>\n\t\t\t\t<\/div>\n\t\t\t\t<div class=\"elementor-element elementor-element-9ef9ff6 elementor-widget elementor-widget-image\" data-id=\"9ef9ff6\" data-element_type=\"widget\" data-widget_type=\"image.default\">\n\t\t\t\t<div class=\"elementor-widget-container\">\n\t\t\t\t\t\t\t\t\t\t\t\t\t\t\t<img fetchpriority=\"high\" decoding=\"async\" width=\"1024\" height=\"96\" src=\"https:\/\/concettaprobanza.com\/wp-content\/uploads\/2025\/04\/CONBANDERA_KITDIGITAL-1024x96-1.png.webp\" class=\"attachment-large size-large wp-image-30151\" alt=\"\" srcset=\"https:\/\/concettaprobanza.com\/wp-content\/uploads\/2025\/04\/CONBANDERA_KITDIGITAL-1024x96-1.png.webp 1024w, https:\/\/concettaprobanza.com\/wp-content\/uploads\/2025\/04\/CONBANDERA_KITDIGITAL-1024x96-1.png-300x28.webp 300w, https:\/\/concettaprobanza.com\/wp-content\/uploads\/2025\/04\/CONBANDERA_KITDIGITAL-1024x96-1.png-768x72.webp 768w, https:\/\/concettaprobanza.com\/wp-content\/uploads\/2025\/04\/CONBANDERA_KITDIGITAL-1024x96-1.png-600x56.webp 600w\" sizes=\"(max-width: 1024px) 100vw, 1024px\" \/>\t\t\t\t\t\t\t\t\t\t\t\t\t\t\t<\/div>\n\t\t\t\t<\/div>\n\t\t\t\t\t<\/div>\n\t\t\t\t<\/div>\n\t\t\t\t<\/div>","protected":false},"excerpt":{"rendered":"<p>Aviso legal En cumplimiento con lo dispuesto en la Ley 34\/2002, de 11 de julio, de Servicios de&#8230;<\/p>","protected":false},"author":2,"featured_media":0,"parent":0,"menu_order":42,"comment_status":"closed","ping_status":"closed","template":"elementor_theme","meta":{"_acf_changed":false,"footnotes":""},"class_list":["post-30104","page","type-page","status-publish","hentry"],"acf":[],"yoast_head":"<!-- This site is optimized with the Yoast SEO plugin v25.6 - https:\/\/yoast.com\/wordpress\/plugins\/seo\/ -->\n<title>Aviso legal - Concetta Probanza<\/title>\n<meta name=\"robots\" content=\"index, follow, max-snippet:-1, max-image-preview:large, max-video-preview:-1\" \/>\n<link rel=\"canonical\" href=\"https:\/\/concettaprobanza.com\/en\/aviso-legal\/\" \/>\n<meta property=\"og:locale\" content=\"en_GB\" \/>\n<meta property=\"og:type\" content=\"article\" \/>\n<meta property=\"og:title\" content=\"Aviso legal - Concetta Probanza\" \/>\n<meta property=\"og:description\" content=\"Aviso legal En cumplimiento con lo dispuesto en la Ley 34\/2002, de 11 de julio, de Servicios de...\" \/>\n<meta property=\"og:url\" content=\"https:\/\/concettaprobanza.com\/en\/aviso-legal\/\" \/>\n<meta property=\"og:site_name\" content=\"Concetta Probanza\" \/>\n<meta property=\"article:modified_time\" content=\"2025-04-04T12:34:58+00:00\" \/>\n<meta property=\"og:image\" content=\"https:\/\/concettaprobanza.live-website.com\/wp-content\/uploads\/2025\/04\/CONBANDERA_KITDIGITAL-1024x96-1.png.webp\" \/>\n<meta name=\"twitter:card\" content=\"summary_large_image\" \/>\n<meta name=\"twitter:label1\" content=\"Estimated reading time\" \/>\n\t<meta name=\"twitter:data1\" content=\"2 minutes\" \/>\n<script type=\"application\/ld+json\" class=\"yoast-schema-graph\">{\"@context\":\"https:\/\/schema.org\",\"@graph\":[{\"@type\":\"WebPage\",\"@id\":\"https:\/\/concettaprobanza.com\/aviso-legal\/\",\"url\":\"https:\/\/concettaprobanza.com\/aviso-legal\/\",\"name\":\"Aviso legal - Concetta Probanza\",\"isPartOf\":{\"@id\":\"https:\/\/concettaprobanza.com\/#website\"},\"primaryImageOfPage\":{\"@id\":\"https:\/\/concettaprobanza.com\/aviso-legal\/#primaryimage\"},\"image\":{\"@id\":\"https:\/\/concettaprobanza.com\/aviso-legal\/#primaryimage\"},\"thumbnailUrl\":\"https:\/\/concettaprobanza.live-website.com\/wp-content\/uploads\/2025\/04\/CONBANDERA_KITDIGITAL-1024x96-1.png.webp\",\"datePublished\":\"2025-04-04T10:03:39+00:00\",\"dateModified\":\"2025-04-04T12:34:58+00:00\",\"breadcrumb\":{\"@id\":\"https:\/\/concettaprobanza.com\/aviso-legal\/#breadcrumb\"},\"inLanguage\":\"en-GB\",\"potentialAction\":[{\"@type\":\"ReadAction\",\"target\":[\"https:\/\/concettaprobanza.com\/aviso-legal\/\"]}]},{\"@type\":\"ImageObject\",\"inLanguage\":\"en-GB\",\"@id\":\"https:\/\/concettaprobanza.com\/aviso-legal\/#primaryimage\",\"url\":\"https:\/\/concettaprobanza.live-website.com\/wp-content\/uploads\/2025\/04\/CONBANDERA_KITDIGITAL-1024x96-1.png.webp\",\"contentUrl\":\"https:\/\/concettaprobanza.live-website.com\/wp-content\/uploads\/2025\/04\/CONBANDERA_KITDIGITAL-1024x96-1.png.webp\"},{\"@type\":\"BreadcrumbList\",\"@id\":\"https:\/\/concettaprobanza.com\/aviso-legal\/#breadcrumb\",\"itemListElement\":[{\"@type\":\"ListItem\",\"position\":1,\"name\":\"Portada\",\"item\":\"https:\/\/concettaprobanza.com\/\"},{\"@type\":\"ListItem\",\"position\":2,\"name\":\"Aviso legal\"}]},{\"@type\":\"WebSite\",\"@id\":\"https:\/\/concettaprobanza.com\/#website\",\"url\":\"https:\/\/concettaprobanza.com\/\",\"name\":\"Concetta Probanza\",\"description\":\"Concetta Probanza es una ilustradora con formaci\u00f3n en Bellas Artes y grabado, cuya trayectoria lo llev\u00f3 del lienzo y la madera al mundo editorial y el arte digital. Sus ilustraciones, llenas de detalle y sensibilidad, evocan los paisajes y culturas que descubri\u00f3 en sus viajes por Senegal, Camer\u00fan, Indonesia y Jap\u00f3n.\",\"potentialAction\":[{\"@type\":\"SearchAction\",\"target\":{\"@type\":\"EntryPoint\",\"urlTemplate\":\"https:\/\/concettaprobanza.com\/?s={search_term_string}\"},\"query-input\":{\"@type\":\"PropertyValueSpecification\",\"valueRequired\":true,\"valueName\":\"search_term_string\"}}],\"inLanguage\":\"en-GB\"}]}<\/script>\n<!-- \/ Yoast SEO plugin. -->","yoast_head_json":{"title":"Aviso legal - Concetta Probanza","robots":{"index":"index","follow":"follow","max-snippet":"max-snippet:-1","max-image-preview":"max-image-preview:large","max-video-preview":"max-video-preview:-1"},"canonical":"https:\/\/concettaprobanza.com\/en\/aviso-legal\/","og_locale":"en_GB","og_type":"article","og_title":"Aviso legal - Concetta Probanza","og_description":"Aviso legal En cumplimiento con lo dispuesto en la Ley 34\/2002, de 11 de julio, de Servicios de...","og_url":"https:\/\/concettaprobanza.com\/en\/aviso-legal\/","og_site_name":"Concetta Probanza","article_modified_time":"2025-04-04T12:34:58+00:00","og_image":[{"url":"https:\/\/concettaprobanza.live-website.com\/wp-content\/uploads\/2025\/04\/CONBANDERA_KITDIGITAL-1024x96-1.png.webp","type":"","width":"","height":""}],"twitter_card":"summary_large_image","twitter_misc":{"Estimated reading time":"2 minutes"},"schema":{"@context":"https:\/\/schema.org","@graph":[{"@type":"WebPage","@id":"https:\/\/concettaprobanza.com\/aviso-legal\/","url":"https:\/\/concettaprobanza.com\/aviso-legal\/","name":"Aviso legal - Concetta Probanza","isPartOf":{"@id":"https:\/\/concettaprobanza.com\/#website"},"primaryImageOfPage":{"@id":"https:\/\/concettaprobanza.com\/aviso-legal\/#primaryimage"},"image":{"@id":"https:\/\/concettaprobanza.com\/aviso-legal\/#primaryimage"},"thumbnailUrl":"https:\/\/concettaprobanza.live-website.com\/wp-content\/uploads\/2025\/04\/CONBANDERA_KITDIGITAL-1024x96-1.png.webp","datePublished":"2025-04-04T10:03:39+00:00","dateModified":"2025-04-04T12:34:58+00:00","breadcrumb":{"@id":"https:\/\/concettaprobanza.com\/aviso-legal\/#breadcrumb"},"inLanguage":"en-GB","potentialAction":[{"@type":"ReadAction","target":["https:\/\/concettaprobanza.com\/aviso-legal\/"]}]},{"@type":"ImageObject","inLanguage":"en-GB","@id":"https:\/\/concettaprobanza.com\/aviso-legal\/#primaryimage","url":"https:\/\/concettaprobanza.live-website.com\/wp-content\/uploads\/2025\/04\/CONBANDERA_KITDIGITAL-1024x96-1.png.webp","contentUrl":"https:\/\/concettaprobanza.live-website.com\/wp-content\/uploads\/2025\/04\/CONBANDERA_KITDIGITAL-1024x96-1.png.webp"},{"@type":"BreadcrumbList","@id":"https:\/\/concettaprobanza.com\/aviso-legal\/#breadcrumb","itemListElement":[{"@type":"ListItem","position":1,"name":"Portada","item":"https:\/\/concettaprobanza.com\/"},{"@type":"ListItem","position":2,"name":"Aviso legal"}]},{"@type":"WebSite","@id":"https:\/\/concettaprobanza.com\/#website","url":"https:\/\/concettaprobanza.com\/","name":"Concetta Probanza","description":"Concetta Probanza es una ilustradora con formaci\u00f3n en Bellas Artes y grabado, cuya trayectoria lo llev\u00f3 del lienzo y la madera al mundo editorial y el arte digital. Sus ilustraciones, llenas de detalle y sensibilidad, evocan los paisajes y culturas que descubri\u00f3 en sus viajes por Senegal, Camer\u00fan, Indonesia y Jap\u00f3n.","potentialAction":[{"@type":"SearchAction","target":{"@type":"EntryPoint","urlTemplate":"https:\/\/concettaprobanza.com\/?s={search_term_string}"},"query-input":{"@type":"PropertyValueSpecification","valueRequired":true,"valueName":"search_term_string"}}],"inLanguage":"en-GB"}]}},"_links":{"self":[{"href":"https:\/\/concettaprobanza.com\/en\/wp-json\/wp\/v2\/pages\/30104","targetHints":{"allow":["GET"]}}],"collection":[{"href":"https:\/\/concettaprobanza.com\/en\/wp-json\/wp\/v2\/pages"}],"about":[{"href":"https:\/\/concettaprobanza.com\/en\/wp-json\/wp\/v2\/types\/page"}],"author":[{"embeddable":true,"href":"https:\/\/concettaprobanza.com\/en\/wp-json\/wp\/v2\/users\/2"}],"replies":[{"embeddable":true,"href":"https:\/\/concettaprobanza.com\/en\/wp-json\/wp\/v2\/comments?post=30104"}],"version-history":[{"count":0,"href":"https:\/\/concettaprobanza.com\/en\/wp-json\/wp\/v2\/pages\/30104\/revisions"}],"wp:attachment":[{"href":"https:\/\/concettaprobanza.com\/en\/wp-json\/wp\/v2\/media?parent=30104"}],"curies":[{"name":"wp","href":"https:\/\/api.w.org\/{rel}","templated":true}]}}