{"id":30264,"date":"2025-04-08T17:09:36","date_gmt":"2025-04-08T17:09:36","guid":{"rendered":"https:\/\/ultbit.com\/concettav2\/?page_id=30264"},"modified":"2025-08-04T13:03:57","modified_gmt":"2025-08-04T13:03:57","slug":"otras-publicaciones","status":"publish","type":"page","link":"https:\/\/concettaprobanza.com\/en\/otras-publicaciones\/","title":{"rendered":"Other publications"},"content":{"rendered":"<div data-elementor-type=\"wp-post\" data-elementor-id=\"30264\" class=\"elementor elementor-30264\" data-elementor-post-type=\"page\">\n\t\t\t\t\t\t<section class=\"elementor-section elementor-top-section elementor-element elementor-element-274baea7 elementor-section-full_width elementor-section-height-default elementor-section-height-default neuron-fixed-no\" data-id=\"274baea7\" data-element_type=\"section\">\n\t\t\t\t\t\t<div class=\"elementor-container elementor-column-gap-no\">\n\t\t\t\t\t<div class=\"elementor-column elementor-col-100 elementor-top-column elementor-element elementor-element-763641f\" data-id=\"763641f\" data-element_type=\"column\">\n\t\t\t<div class=\"elementor-widget-wrap elementor-element-populated\">\n\t\t\t\t\t\t<div class=\"elementor-element elementor-element-7b0e7e3b h-offset--no elementor-widget elementor-widget-neuron-posts\" data-id=\"7b0e7e3b\" data-element_type=\"widget\" data-widget_type=\"neuron-posts.default\">\n\t\t\t\t<div class=\"elementor-widget-container\">\n\t\t\t\t\t\t\t<div class=\"l-posts-wrapper l-filters-holder l-posts-wrapper--meta-outside h-overflow-hidden l-portfolio-wrapper\" data-posts=\"7b0e7e3b\">\n\t\t\t\t\t\t\t\t\t<div class=\"l-portfolio-wrapper__items-holder l-portfolio-wrapper__items-holder--meta-outside h-overflow-hidden\">\n\t\t\t\t    <div class=\"row masonry\" data-masonry-id=\"81c971534d0e2ca919aae3b502021b01\">\n                                <div class=\"selector col-lg-3 libros otras-publicaciones post-29911 portfolio type-portfolio status-publish has-post-thumbnail hentry portfolio_category-libros portfolio_category-otras-publicaciones\" data-id=\"29911\" data-columns=\"4-columns\">\n                <div class=\"o-post o-portfolio-item wow h-fadeInUpNeuron\" >\n                        <div class=\"o-neuron-hover\">\r\n        <div class=\"o-neuron-hover-holder\">\r\n            <div class=\"o-neuron-hover-holder__header\">\r\n                                    <a href=\"https:\/\/concettaprobanza.com\/en\/portfolio\/gora-euskal-kantagintza-2025\/\" class=\"o-neuron-hover-holder__header__media\">\r\n                                                    <div class=\"h-calculated-image\" style=\"padding-bottom: 80.623306% !important;\">\r\n                                <img fetchpriority=\"high\" decoding=\"async\" width=\"738\" height=\"595\" src=\"https:\/\/concettaprobanza.com\/wp-content\/uploads\/2025\/04\/Azala_Gida_GoraEuskalKantagintza_INP-1.jpg\" class=\"attachment-full size-full wp-post-image\" alt=\"\" srcset=\"https:\/\/concettaprobanza.com\/wp-content\/uploads\/2025\/04\/Azala_Gida_GoraEuskalKantagintza_INP-1.jpg 738w, https:\/\/concettaprobanza.com\/wp-content\/uploads\/2025\/04\/Azala_Gida_GoraEuskalKantagintza_INP-1-300x242.jpg 300w, https:\/\/concettaprobanza.com\/wp-content\/uploads\/2025\/04\/Azala_Gida_GoraEuskalKantagintza_INP-1-15x12.jpg 15w, https:\/\/concettaprobanza.com\/wp-content\/uploads\/2025\/04\/Azala_Gida_GoraEuskalKantagintza_INP-1-600x484.jpg 600w\" sizes=\"(max-width: 738px) 100vw, 738px\" \/>                            <\/div>\r\n                                            <\/a>\r\n                                            <\/div>\r\n                    <\/div>\r\n    <\/div>\r\n<div class=\"o-portfolio-item__content o-neuron-post__content\">\r\n            <h5 class=\"o-portfolio-item__title o-neuron-post__title\"><a href=\"https:\/\/concettaprobanza.com\/en\/portfolio\/gora-euskal-kantagintza-2025\/\">Gora Euskal kantagintza (2025)<\/a><\/h5>\r\n        <\/div>                <\/div>\n            <\/div>\n                                <div class=\"selector col-lg-3 libros otras-publicaciones post-29900 portfolio type-portfolio status-publish has-post-thumbnail hentry portfolio_category-libros portfolio_category-otras-publicaciones\" data-id=\"29900\" data-columns=\"4-columns\">\n                <div class=\"o-post o-portfolio-item wow h-fadeInUpNeuron\" data-wow-delay=\"0.2s\">\n                        <div class=\"o-neuron-hover\">\r\n        <div class=\"o-neuron-hover-holder\">\r\n            <div class=\"o-neuron-hover-holder__header\">\r\n                                    <a href=\"https:\/\/concettaprobanza.com\/en\/portfolio\/desaparecidos-de-gabriel-gatti-2021\/\" class=\"o-neuron-hover-holder__header__media\">\r\n                                                    <div class=\"h-calculated-image\" style=\"padding-bottom: 159.203980% !important;\">\r\n                                <img decoding=\"async\" width=\"402\" height=\"640\" src=\"https:\/\/concettaprobanza.com\/wp-content\/uploads\/2025\/04\/00106533068232____1__640x640-1.jpg\" class=\"attachment-full size-full wp-post-image\" alt=\"\" srcset=\"https:\/\/concettaprobanza.com\/wp-content\/uploads\/2025\/04\/00106533068232____1__640x640-1.jpg 402w, https:\/\/concettaprobanza.com\/wp-content\/uploads\/2025\/04\/00106533068232____1__640x640-1-188x300.jpg 188w, https:\/\/concettaprobanza.com\/wp-content\/uploads\/2025\/04\/00106533068232____1__640x640-1-8x12.jpg 8w\" sizes=\"(max-width: 402px) 100vw, 402px\" \/>                            <\/div>\r\n                                            <\/a>\r\n                                            <\/div>\r\n                    <\/div>\r\n    <\/div>\r\n<div class=\"o-portfolio-item__content o-neuron-post__content\">\r\n            <h5 class=\"o-portfolio-item__title o-neuron-post__title\"><a href=\"https:\/\/concettaprobanza.com\/en\/portfolio\/desaparecidos-de-gabriel-gatti-2021\/\">Desaparecidos de Gabriel Gatti (2021)<\/a><\/h5>\r\n        <\/div>                <\/div>\n            <\/div>\n                                <div class=\"selector col-lg-3 libros otras-publicaciones post-29892 portfolio type-portfolio status-publish has-post-thumbnail hentry portfolio_category-libros portfolio_category-otras-publicaciones\" data-id=\"29892\" data-columns=\"4-columns\">\n                <div class=\"o-post o-portfolio-item wow h-fadeInUpNeuron\" data-wow-delay=\"0.4s\">\n                        <div class=\"o-neuron-hover\">\r\n        <div class=\"o-neuron-hover-holder\">\r\n            <div class=\"o-neuron-hover-holder__header\">\r\n                                    <a href=\"https:\/\/concettaprobanza.com\/en\/portfolio\/desatando-nudos-de-miriam-luki-2018\/\" class=\"o-neuron-hover-holder__header__media\">\r\n                                                    <div class=\"h-calculated-image\" style=\"padding-bottom: 139.972900% !important;\">\r\n                                <img decoding=\"async\" width=\"738\" height=\"1033\" src=\"https:\/\/concettaprobanza.com\/wp-content\/uploads\/2025\/04\/CUB_Desatandonudos-1.jpg\" class=\"attachment-full size-full wp-post-image\" alt=\"\" srcset=\"https:\/\/concettaprobanza.com\/wp-content\/uploads\/2025\/04\/CUB_Desatandonudos-1.jpg 738w, https:\/\/concettaprobanza.com\/wp-content\/uploads\/2025\/04\/CUB_Desatandonudos-1-214x300.jpg 214w, https:\/\/concettaprobanza.com\/wp-content\/uploads\/2025\/04\/CUB_Desatandonudos-1-732x1024.jpg 732w, https:\/\/concettaprobanza.com\/wp-content\/uploads\/2025\/04\/CUB_Desatandonudos-1-9x12.jpg 9w, https:\/\/concettaprobanza.com\/wp-content\/uploads\/2025\/04\/CUB_Desatandonudos-1-500x700.jpg 500w, https:\/\/concettaprobanza.com\/wp-content\/uploads\/2025\/04\/CUB_Desatandonudos-1-600x840.jpg 600w\" sizes=\"(max-width: 738px) 100vw, 738px\" \/>                            <\/div>\r\n                                            <\/a>\r\n                                            <\/div>\r\n                    <\/div>\r\n    <\/div>\r\n<div class=\"o-portfolio-item__content o-neuron-post__content\">\r\n            <h5 class=\"o-portfolio-item__title o-neuron-post__title\"><a href=\"https:\/\/concettaprobanza.com\/en\/portfolio\/desatando-nudos-de-miriam-luki-2018\/\">Desatando nudos de Miriam Luki (2018)<\/a><\/h5>\r\n        <\/div>                <\/div>\n            <\/div>\n                                <div class=\"selector col-lg-3 libros otras-publicaciones post-29884 portfolio type-portfolio status-publish has-post-thumbnail hentry portfolio_category-libros portfolio_category-otras-publicaciones\" data-id=\"29884\" data-columns=\"4-columns\">\n                <div class=\"o-post o-portfolio-item wow h-fadeInUpNeuron\" data-wow-delay=\"0.6s\">\n                        <div class=\"o-neuron-hover\">\r\n        <div class=\"o-neuron-hover-holder\">\r\n            <div class=\"o-neuron-hover-holder__header\">\r\n                                    <a href=\"https:\/\/concettaprobanza.com\/en\/portfolio\/guia-para-la-comunicacion-inclusiva-2016\/\" class=\"o-neuron-hover-holder__header__media\">\r\n                                                    <div class=\"h-calculated-image\" style=\"padding-bottom: 141.099164% !important;\">\r\n                                <img loading=\"lazy\" decoding=\"async\" width=\"837\" height=\"1181\" src=\"https:\/\/concettaprobanza.com\/wp-content\/uploads\/2025\/04\/CUB_Gida_KomunikazioInklusibo-1-1.jpg\" class=\"attachment-full size-full wp-post-image\" alt=\"\" srcset=\"https:\/\/concettaprobanza.com\/wp-content\/uploads\/2025\/04\/CUB_Gida_KomunikazioInklusibo-1-1.jpg 837w, https:\/\/concettaprobanza.com\/wp-content\/uploads\/2025\/04\/CUB_Gida_KomunikazioInklusibo-1-1-213x300.jpg 213w, https:\/\/concettaprobanza.com\/wp-content\/uploads\/2025\/04\/CUB_Gida_KomunikazioInklusibo-1-1-726x1024.jpg 726w, https:\/\/concettaprobanza.com\/wp-content\/uploads\/2025\/04\/CUB_Gida_KomunikazioInklusibo-1-1-768x1084.jpg 768w, https:\/\/concettaprobanza.com\/wp-content\/uploads\/2025\/04\/CUB_Gida_KomunikazioInklusibo-1-1-9x12.jpg 9w, https:\/\/concettaprobanza.com\/wp-content\/uploads\/2025\/04\/CUB_Gida_KomunikazioInklusibo-1-1-600x847.jpg 600w\" sizes=\"(max-width: 837px) 100vw, 837px\" \/>                            <\/div>\r\n                                            <\/a>\r\n                                            <\/div>\r\n                    <\/div>\r\n    <\/div>\r\n<div class=\"o-portfolio-item__content o-neuron-post__content\">\r\n            <h5 class=\"o-portfolio-item__title o-neuron-post__title\"><a href=\"https:\/\/concettaprobanza.com\/en\/portfolio\/guia-para-la-comunicacion-inclusiva-2016\/\">Gu\u00eda para la comunicaci\u00f3n inclusiva (2016)<\/a><\/h5>\r\n        <\/div>                <\/div>\n            <\/div>\n                                <div class=\"selector col-lg-3 libros otras-publicaciones post-29880 portfolio type-portfolio status-publish has-post-thumbnail hentry portfolio_category-libros portfolio_category-otras-publicaciones\" data-id=\"29880\" data-columns=\"4-columns\">\n                <div class=\"o-post o-portfolio-item wow h-fadeInUpNeuron\" data-wow-delay=\"0.8s\">\n                        <div class=\"o-neuron-hover\">\r\n        <div class=\"o-neuron-hover-holder\">\r\n            <div class=\"o-neuron-hover-holder__header\">\r\n                                    <a href=\"https:\/\/concettaprobanza.com\/en\/portfolio\/m8-monografico-2015\/\" class=\"o-neuron-hover-holder__header__media\">\r\n                                                    <div class=\"h-calculated-image\" style=\"padding-bottom: 140.243902% !important;\">\r\n                                <img loading=\"lazy\" decoding=\"async\" width=\"738\" height=\"1035\" src=\"https:\/\/concettaprobanza.com\/wp-content\/uploads\/2025\/04\/CubM8Monografikoa_DF-1-2.jpg\" class=\"attachment-full size-full wp-post-image\" alt=\"\" srcset=\"https:\/\/concettaprobanza.com\/wp-content\/uploads\/2025\/04\/CubM8Monografikoa_DF-1-2.jpg 738w, https:\/\/concettaprobanza.com\/wp-content\/uploads\/2025\/04\/CubM8Monografikoa_DF-1-2-214x300.jpg 214w, https:\/\/concettaprobanza.com\/wp-content\/uploads\/2025\/04\/CubM8Monografikoa_DF-1-2-730x1024.jpg 730w, https:\/\/concettaprobanza.com\/wp-content\/uploads\/2025\/04\/CubM8Monografikoa_DF-1-2-9x12.jpg 9w, https:\/\/concettaprobanza.com\/wp-content\/uploads\/2025\/04\/CubM8Monografikoa_DF-1-2-500x700.jpg 500w, https:\/\/concettaprobanza.com\/wp-content\/uploads\/2025\/04\/CubM8Monografikoa_DF-1-2-600x841.jpg 600w\" sizes=\"(max-width: 738px) 100vw, 738px\" \/>                            <\/div>\r\n                                            <\/a>\r\n                                            <\/div>\r\n                    <\/div>\r\n    <\/div>\r\n<div class=\"o-portfolio-item__content o-neuron-post__content\">\r\n            <h5 class=\"o-portfolio-item__title o-neuron-post__title\"><a href=\"https:\/\/concettaprobanza.com\/en\/portfolio\/m8-monografico-2015\/\">M8 monogr\u00e1fico (2015)<\/a><\/h5>\r\n        <\/div>                <\/div>\n            <\/div>\n                                <div class=\"selector col-lg-3 libros otras-publicaciones post-29876 portfolio type-portfolio status-publish has-post-thumbnail hentry portfolio_category-libros portfolio_category-otras-publicaciones\" data-id=\"29876\" data-columns=\"4-columns\">\n                <div class=\"o-post o-portfolio-item wow h-fadeInUpNeuron\" data-wow-delay=\"1s\">\n                        <div class=\"o-neuron-hover\">\r\n        <div class=\"o-neuron-hover-holder\">\r\n            <div class=\"o-neuron-hover-holder__header\">\r\n                                    <a href=\"https:\/\/concettaprobanza.com\/en\/portfolio\/euslandia-de-miriam-luki-2011\/\" class=\"o-neuron-hover-holder__header__media\">\r\n                                                    <div class=\"h-calculated-image\" style=\"padding-bottom: 142.547425% !important;\">\r\n                                <img loading=\"lazy\" decoding=\"async\" width=\"738\" height=\"1052\" src=\"https:\/\/concettaprobanza.com\/wp-content\/uploads\/2025\/04\/CubiertaEuslandia2011DF-1.jpg\" class=\"attachment-full size-full wp-post-image\" alt=\"\" srcset=\"https:\/\/concettaprobanza.com\/wp-content\/uploads\/2025\/04\/CubiertaEuslandia2011DF-1.jpg 738w, https:\/\/concettaprobanza.com\/wp-content\/uploads\/2025\/04\/CubiertaEuslandia2011DF-1-210x300.jpg 210w, https:\/\/concettaprobanza.com\/wp-content\/uploads\/2025\/04\/CubiertaEuslandia2011DF-1-718x1024.jpg 718w, https:\/\/concettaprobanza.com\/wp-content\/uploads\/2025\/04\/CubiertaEuslandia2011DF-1-8x12.jpg 8w, https:\/\/concettaprobanza.com\/wp-content\/uploads\/2025\/04\/CubiertaEuslandia2011DF-1-600x855.jpg 600w\" sizes=\"(max-width: 738px) 100vw, 738px\" \/>                            <\/div>\r\n                                            <\/a>\r\n                                            <\/div>\r\n                    <\/div>\r\n    <\/div>\r\n<div class=\"o-portfolio-item__content o-neuron-post__content\">\r\n            <h5 class=\"o-portfolio-item__title o-neuron-post__title\"><a href=\"https:\/\/concettaprobanza.com\/en\/portfolio\/euslandia-de-miriam-luki-2011\/\">Euslandia de Miriam Luki (2011)<\/a><\/h5>\r\n        <\/div>                <\/div>\n            <\/div>\n            <\/div>\n\n\n\n\n\t\t\t<\/div>\n        <\/div>\n        \t\t\t\t<\/div>\n\t\t\t\t<\/div>\n\t\t\t\t\t<\/div>\n\t\t<\/div>\n\t\t\t\t\t<\/div>\n\t\t<\/section>\n\t\t<div class=\"elementor-element elementor-element-3eb39d3 e-flex e-con-boxed neuron-fixed-no e-con e-parent\" data-id=\"3eb39d3\" data-element_type=\"container\">\n\t\t\t\t\t<div class=\"e-con-inner\">\n\t\t\t\t<div class=\"elementor-element elementor-element-478abbe elementor-icon-list--layout-inline elementor-align-center elementor-list-item-link-full_width elementor-widget elementor-widget-icon-list\" data-id=\"478abbe\" data-element_type=\"widget\" data-widget_type=\"icon-list.default\">\n\t\t\t\t<div class=\"elementor-widget-container\">\n\t\t\t\t\t\t\t<ul class=\"elementor-icon-list-items elementor-inline-items\">\n\t\t\t\t\t\t\t<li class=\"elementor-icon-list-item elementor-inline-item\">\n\t\t\t\t\t\t\t\t\t\t\t<a href=\"https:\/\/concettaprobanza.live-website.com\/aviso-legal\">\n\n\t\t\t\t\t\t\t\t\t\t\t<span class=\"elementor-icon-list-text\">Legal notice<\/span>\n\t\t\t\t\t\t\t\t\t\t\t<\/a>\n\t\t\t\t\t\t\t\t\t<\/li>\n\t\t\t\t\t\t\t\t<li class=\"elementor-icon-list-item elementor-inline-item\">\n\t\t\t\t\t\t\t\t\t\t\t<a href=\"https:\/\/concettaprobanza.live-website.com\/politica-de-cookies\">\n\n\t\t\t\t\t\t\t\t\t\t\t<span class=\"elementor-icon-list-text\">Cookie policy<\/span>\n\t\t\t\t\t\t\t\t\t\t\t<\/a>\n\t\t\t\t\t\t\t\t\t<\/li>\n\t\t\t\t\t\t\t\t<li class=\"elementor-icon-list-item elementor-inline-item\">\n\t\t\t\t\t\t\t\t\t\t\t<a href=\"https:\/\/concettaprobanza.live-website.com\/terminos-y-condiciones\">\n\n\t\t\t\t\t\t\t\t\t\t\t<span class=\"elementor-icon-list-text\">Terms and conditions<\/span>\n\t\t\t\t\t\t\t\t\t\t\t<\/a>\n\t\t\t\t\t\t\t\t\t<\/li>\n\t\t\t\t\t\t<\/ul>\n\t\t\t\t\t\t<\/div>\n\t\t\t\t<\/div>\n\t\t\t\t<div class=\"elementor-element elementor-element-edafa32 elementor-widget elementor-widget-image\" data-id=\"edafa32\" data-element_type=\"widget\" data-widget_type=\"image.default\">\n\t\t\t\t<div class=\"elementor-widget-container\">\n\t\t\t\t\t\t\t\t\t\t\t\t\t\t\t<img loading=\"lazy\" decoding=\"async\" width=\"1024\" height=\"96\" src=\"https:\/\/concettaprobanza.com\/wp-content\/uploads\/2025\/04\/CONBANDERA_KITDIGITAL-1024x96-1.png.webp\" class=\"attachment-large size-large wp-image-30151\" alt=\"\" srcset=\"https:\/\/concettaprobanza.com\/wp-content\/uploads\/2025\/04\/CONBANDERA_KITDIGITAL-1024x96-1.png.webp 1024w, https:\/\/concettaprobanza.com\/wp-content\/uploads\/2025\/04\/CONBANDERA_KITDIGITAL-1024x96-1.png-300x28.webp 300w, https:\/\/concettaprobanza.com\/wp-content\/uploads\/2025\/04\/CONBANDERA_KITDIGITAL-1024x96-1.png-768x72.webp 768w, https:\/\/concettaprobanza.com\/wp-content\/uploads\/2025\/04\/CONBANDERA_KITDIGITAL-1024x96-1.png-600x56.webp 600w\" sizes=\"(max-width: 1024px) 100vw, 1024px\" \/>\t\t\t\t\t\t\t\t\t\t\t\t\t\t\t<\/div>\n\t\t\t\t<\/div>\n\t\t\t\t\t<\/div>\n\t\t\t\t<\/div>\n\t\t\t\t<\/div>","protected":false},"excerpt":{"rendered":"<p>Gora Euskal kantagintza (2025) Desaparecidos de Gabriel Gatti (2021) Desatando nudos de Miriam Luki (2018) Gu\u00eda para la&#8230;<\/p>","protected":false},"author":2,"featured_media":0,"parent":0,"menu_order":42,"comment_status":"closed","ping_status":"closed","template":"elementor_theme","meta":{"_acf_changed":false,"footnotes":""},"class_list":["post-30264","page","type-page","status-publish","hentry"],"acf":[],"yoast_head":"<!-- This site is optimized with the Yoast SEO plugin v25.6 - https:\/\/yoast.com\/wordpress\/plugins\/seo\/ -->\n<title>Otras Publicaciones | Concetta Probanza<\/title>\n<meta name=\"description\" content=\"Descubre las publicaciones y proyectos especiales de Concetta Probanza, llenos de creatividad y detalle. \u00a1Explora su arte \u00fanico ya!\" \/>\n<meta name=\"robots\" content=\"index, follow, max-snippet:-1, max-image-preview:large, max-video-preview:-1\" \/>\n<link rel=\"canonical\" href=\"https:\/\/concettaprobanza.com\/en\/otras-publicaciones\/\" \/>\n<meta property=\"og:locale\" content=\"en_GB\" \/>\n<meta property=\"og:type\" content=\"article\" \/>\n<meta property=\"og:title\" content=\"Otras Publicaciones | Concetta Probanza\" \/>\n<meta property=\"og:description\" content=\"Descubre las publicaciones y proyectos especiales de Concetta Probanza, llenos de creatividad y detalle. \u00a1Explora su arte \u00fanico ya!\" \/>\n<meta property=\"og:url\" content=\"https:\/\/concettaprobanza.com\/en\/otras-publicaciones\/\" \/>\n<meta property=\"og:site_name\" content=\"Concetta Probanza\" \/>\n<meta property=\"article:modified_time\" content=\"2025-08-04T13:03:57+00:00\" \/>\n<meta property=\"og:image\" content=\"https:\/\/concettaprobanza.live-website.com\/wp-content\/uploads\/2025\/04\/Azala_Gida_GoraEuskalKantagintza_INP-1.jpg\" \/>\n<meta name=\"twitter:card\" content=\"summary_large_image\" \/>\n<meta name=\"twitter:label1\" content=\"Estimated reading time\" \/>\n\t<meta name=\"twitter:data1\" content=\"2 minutes\" \/>\n<script type=\"application\/ld+json\" class=\"yoast-schema-graph\">{\"@context\":\"https:\/\/schema.org\",\"@graph\":[{\"@type\":\"WebPage\",\"@id\":\"https:\/\/concettaprobanza.com\/otras-publicaciones\/\",\"url\":\"https:\/\/concettaprobanza.com\/otras-publicaciones\/\",\"name\":\"Otras Publicaciones | Concetta Probanza\",\"isPartOf\":{\"@id\":\"https:\/\/concettaprobanza.com\/#website\"},\"primaryImageOfPage\":{\"@id\":\"https:\/\/concettaprobanza.com\/otras-publicaciones\/#primaryimage\"},\"image\":{\"@id\":\"https:\/\/concettaprobanza.com\/otras-publicaciones\/#primaryimage\"},\"thumbnailUrl\":\"https:\/\/concettaprobanza.live-website.com\/wp-content\/uploads\/2025\/04\/Azala_Gida_GoraEuskalKantagintza_INP-1.jpg\",\"datePublished\":\"2025-04-08T17:09:36+00:00\",\"dateModified\":\"2025-08-04T13:03:57+00:00\",\"description\":\"Descubre las publicaciones y proyectos especiales de Concetta Probanza, llenos de creatividad y detalle. \u00a1Explora su arte \u00fanico ya!\",\"breadcrumb\":{\"@id\":\"https:\/\/concettaprobanza.com\/otras-publicaciones\/#breadcrumb\"},\"inLanguage\":\"en-GB\",\"potentialAction\":[{\"@type\":\"ReadAction\",\"target\":[\"https:\/\/concettaprobanza.com\/otras-publicaciones\/\"]}]},{\"@type\":\"ImageObject\",\"inLanguage\":\"en-GB\",\"@id\":\"https:\/\/concettaprobanza.com\/otras-publicaciones\/#primaryimage\",\"url\":\"https:\/\/concettaprobanza.live-website.com\/wp-content\/uploads\/2025\/04\/Azala_Gida_GoraEuskalKantagintza_INP-1.jpg\",\"contentUrl\":\"https:\/\/concettaprobanza.live-website.com\/wp-content\/uploads\/2025\/04\/Azala_Gida_GoraEuskalKantagintza_INP-1.jpg\"},{\"@type\":\"BreadcrumbList\",\"@id\":\"https:\/\/concettaprobanza.com\/otras-publicaciones\/#breadcrumb\",\"itemListElement\":[{\"@type\":\"ListItem\",\"position\":1,\"name\":\"Portada\",\"item\":\"https:\/\/concettaprobanza.com\/\"},{\"@type\":\"ListItem\",\"position\":2,\"name\":\"Otras publicaciones\"}]},{\"@type\":\"WebSite\",\"@id\":\"https:\/\/concettaprobanza.com\/#website\",\"url\":\"https:\/\/concettaprobanza.com\/\",\"name\":\"Concetta Probanza\",\"description\":\"Concetta Probanza es una ilustradora con formaci\u00f3n en Bellas Artes y grabado, cuya trayectoria lo llev\u00f3 del lienzo y la madera al mundo editorial y el arte digital. Sus ilustraciones, llenas de detalle y sensibilidad, evocan los paisajes y culturas que descubri\u00f3 en sus viajes por Senegal, Camer\u00fan, Indonesia y Jap\u00f3n.\",\"potentialAction\":[{\"@type\":\"SearchAction\",\"target\":{\"@type\":\"EntryPoint\",\"urlTemplate\":\"https:\/\/concettaprobanza.com\/?s={search_term_string}\"},\"query-input\":{\"@type\":\"PropertyValueSpecification\",\"valueRequired\":true,\"valueName\":\"search_term_string\"}}],\"inLanguage\":\"en-GB\"}]}<\/script>\n<!-- \/ Yoast SEO plugin. -->","yoast_head_json":{"title":"Otras Publicaciones | Concetta Probanza","description":"Descubre las publicaciones y proyectos especiales de Concetta Probanza, llenos de creatividad y detalle. \u00a1Explora su arte \u00fanico ya!","robots":{"index":"index","follow":"follow","max-snippet":"max-snippet:-1","max-image-preview":"max-image-preview:large","max-video-preview":"max-video-preview:-1"},"canonical":"https:\/\/concettaprobanza.com\/en\/otras-publicaciones\/","og_locale":"en_GB","og_type":"article","og_title":"Otras Publicaciones | Concetta Probanza","og_description":"Descubre las publicaciones y proyectos especiales de Concetta Probanza, llenos de creatividad y detalle. \u00a1Explora su arte \u00fanico ya!","og_url":"https:\/\/concettaprobanza.com\/en\/otras-publicaciones\/","og_site_name":"Concetta Probanza","article_modified_time":"2025-08-04T13:03:57+00:00","og_image":[{"url":"https:\/\/concettaprobanza.live-website.com\/wp-content\/uploads\/2025\/04\/Azala_Gida_GoraEuskalKantagintza_INP-1.jpg","type":"","width":"","height":""}],"twitter_card":"summary_large_image","twitter_misc":{"Estimated reading time":"2 minutes"},"schema":{"@context":"https:\/\/schema.org","@graph":[{"@type":"WebPage","@id":"https:\/\/concettaprobanza.com\/otras-publicaciones\/","url":"https:\/\/concettaprobanza.com\/otras-publicaciones\/","name":"Otras Publicaciones | Concetta Probanza","isPartOf":{"@id":"https:\/\/concettaprobanza.com\/#website"},"primaryImageOfPage":{"@id":"https:\/\/concettaprobanza.com\/otras-publicaciones\/#primaryimage"},"image":{"@id":"https:\/\/concettaprobanza.com\/otras-publicaciones\/#primaryimage"},"thumbnailUrl":"https:\/\/concettaprobanza.live-website.com\/wp-content\/uploads\/2025\/04\/Azala_Gida_GoraEuskalKantagintza_INP-1.jpg","datePublished":"2025-04-08T17:09:36+00:00","dateModified":"2025-08-04T13:03:57+00:00","description":"Descubre las publicaciones y proyectos especiales de Concetta Probanza, llenos de creatividad y detalle. \u00a1Explora su arte \u00fanico ya!","breadcrumb":{"@id":"https:\/\/concettaprobanza.com\/otras-publicaciones\/#breadcrumb"},"inLanguage":"en-GB","potentialAction":[{"@type":"ReadAction","target":["https:\/\/concettaprobanza.com\/otras-publicaciones\/"]}]},{"@type":"ImageObject","inLanguage":"en-GB","@id":"https:\/\/concettaprobanza.com\/otras-publicaciones\/#primaryimage","url":"https:\/\/concettaprobanza.live-website.com\/wp-content\/uploads\/2025\/04\/Azala_Gida_GoraEuskalKantagintza_INP-1.jpg","contentUrl":"https:\/\/concettaprobanza.live-website.com\/wp-content\/uploads\/2025\/04\/Azala_Gida_GoraEuskalKantagintza_INP-1.jpg"},{"@type":"BreadcrumbList","@id":"https:\/\/concettaprobanza.com\/otras-publicaciones\/#breadcrumb","itemListElement":[{"@type":"ListItem","position":1,"name":"Portada","item":"https:\/\/concettaprobanza.com\/"},{"@type":"ListItem","position":2,"name":"Otras publicaciones"}]},{"@type":"WebSite","@id":"https:\/\/concettaprobanza.com\/#website","url":"https:\/\/concettaprobanza.com\/","name":"Concetta Probanza","description":"Concetta Probanza es una ilustradora con formaci\u00f3n en Bellas Artes y grabado, cuya trayectoria lo llev\u00f3 del lienzo y la madera al mundo editorial y el arte digital. Sus ilustraciones, llenas de detalle y sensibilidad, evocan los paisajes y culturas que descubri\u00f3 en sus viajes por Senegal, Camer\u00fan, Indonesia y Jap\u00f3n.","potentialAction":[{"@type":"SearchAction","target":{"@type":"EntryPoint","urlTemplate":"https:\/\/concettaprobanza.com\/?s={search_term_string}"},"query-input":{"@type":"PropertyValueSpecification","valueRequired":true,"valueName":"search_term_string"}}],"inLanguage":"en-GB"}]}},"_links":{"self":[{"href":"https:\/\/concettaprobanza.com\/en\/wp-json\/wp\/v2\/pages\/30264","targetHints":{"allow":["GET"]}}],"collection":[{"href":"https:\/\/concettaprobanza.com\/en\/wp-json\/wp\/v2\/pages"}],"about":[{"href":"https:\/\/concettaprobanza.com\/en\/wp-json\/wp\/v2\/types\/page"}],"author":[{"embeddable":true,"href":"https:\/\/concettaprobanza.com\/en\/wp-json\/wp\/v2\/users\/2"}],"replies":[{"embeddable":true,"href":"https:\/\/concettaprobanza.com\/en\/wp-json\/wp\/v2\/comments?post=30264"}],"version-history":[{"count":0,"href":"https:\/\/concettaprobanza.com\/en\/wp-json\/wp\/v2\/pages\/30264\/revisions"}],"wp:attachment":[{"href":"https:\/\/concettaprobanza.com\/en\/wp-json\/wp\/v2\/media?parent=30264"}],"curies":[{"name":"wp","href":"https:\/\/api.w.org\/{rel}","templated":true}]}}