{"id":30270,"date":"2025-04-08T17:10:40","date_gmt":"2025-04-08T17:10:40","guid":{"rendered":"https:\/\/ultbit.com\/concettav2\/?page_id=30270"},"modified":"2025-08-04T13:07:54","modified_gmt":"2025-08-04T13:07:54","slug":"discos","status":"publish","type":"page","link":"https:\/\/concettaprobanza.com\/en\/discos\/","title":{"rendered":"Disks"},"content":{"rendered":"<div data-elementor-type=\"wp-post\" data-elementor-id=\"30270\" class=\"elementor elementor-30270\" data-elementor-post-type=\"page\">\n\t\t\t\t\t\t<section class=\"elementor-section elementor-top-section elementor-element elementor-element-274baea7 elementor-section-full_width elementor-section-height-default elementor-section-height-default neuron-fixed-no\" data-id=\"274baea7\" data-element_type=\"section\">\n\t\t\t\t\t\t<div class=\"elementor-container elementor-column-gap-no\">\n\t\t\t\t\t<div class=\"elementor-column elementor-col-100 elementor-top-column elementor-element elementor-element-763641f\" data-id=\"763641f\" data-element_type=\"column\">\n\t\t\t<div class=\"elementor-widget-wrap elementor-element-populated\">\n\t\t\t\t\t\t<div class=\"elementor-element elementor-element-7b0e7e3b h-offset--no elementor-widget elementor-widget-neuron-posts\" data-id=\"7b0e7e3b\" data-element_type=\"widget\" data-widget_type=\"neuron-posts.default\">\n\t\t\t\t<div class=\"elementor-widget-container\">\n\t\t\t\t\t\t\t<div class=\"l-posts-wrapper l-filters-holder l-posts-wrapper--meta-outside h-overflow-hidden l-portfolio-wrapper\" data-posts=\"7b0e7e3b\">\n\t\t\t\t\t\t\t\t\t<div class=\"l-portfolio-wrapper__items-holder l-portfolio-wrapper__items-holder--meta-outside h-overflow-hidden\">\n\t\t\t\t    <div class=\"row masonry\" data-masonry-id=\"81c971534d0e2ca919aae3b502021b01\">\n                                <div class=\"selector col-lg-3 discos post-29690 portfolio type-portfolio status-publish has-post-thumbnail hentry portfolio_category-discos\" data-id=\"29690\" data-columns=\"4-columns\">\n                <div class=\"o-post o-portfolio-item wow h-fadeInUpNeuron\" >\n                        <div class=\"o-neuron-hover\">\r\n        <div class=\"o-neuron-hover-holder\">\r\n            <div class=\"o-neuron-hover-holder__header\">\r\n                                    <a href=\"https:\/\/concettaprobanza.com\/en\/portfolio\/azala-berritzen-2020\/\" class=\"o-neuron-hover-holder__header__media\">\r\n                                                    <div class=\"h-calculated-image\" style=\"padding-bottom: 89.726444% !important;\">\r\n                                <img fetchpriority=\"high\" decoding=\"async\" width=\"1645\" height=\"1476\" src=\"https:\/\/concettaprobanza.com\/wp-content\/uploads\/2025\/04\/AzalBerritzen_DJ-2.jpg\" class=\"attachment-full size-full wp-post-image\" alt=\"\" srcset=\"https:\/\/concettaprobanza.com\/wp-content\/uploads\/2025\/04\/AzalBerritzen_DJ-2.jpg 1645w, https:\/\/concettaprobanza.com\/wp-content\/uploads\/2025\/04\/AzalBerritzen_DJ-2-300x269.jpg 300w, https:\/\/concettaprobanza.com\/wp-content\/uploads\/2025\/04\/AzalBerritzen_DJ-2-1024x919.jpg 1024w, https:\/\/concettaprobanza.com\/wp-content\/uploads\/2025\/04\/AzalBerritzen_DJ-2-768x689.jpg 768w, https:\/\/concettaprobanza.com\/wp-content\/uploads\/2025\/04\/AzalBerritzen_DJ-2-1536x1378.jpg 1536w, https:\/\/concettaprobanza.com\/wp-content\/uploads\/2025\/04\/AzalBerritzen_DJ-2-13x12.jpg 13w, https:\/\/concettaprobanza.com\/wp-content\/uploads\/2025\/04\/AzalBerritzen_DJ-2-600x538.jpg 600w\" sizes=\"(max-width: 1645px) 100vw, 1645px\" \/>                            <\/div>\r\n                                            <\/a>\r\n                                            <\/div>\r\n                    <\/div>\r\n    <\/div>\r\n<div class=\"o-portfolio-item__content o-neuron-post__content\">\r\n            <h5 class=\"o-portfolio-item__title o-neuron-post__title\"><a href=\"https:\/\/concettaprobanza.com\/en\/portfolio\/azala-berritzen-2020\/\">Azala berritzen (2020)<\/a><\/h5>\r\n        <\/div>                <\/div>\n            <\/div>\n                                <div class=\"selector col-lg-3 discos post-29694 portfolio type-portfolio status-publish has-post-thumbnail hentry portfolio_category-discos\" data-id=\"29694\" data-columns=\"4-columns\">\n                <div class=\"o-post o-portfolio-item wow h-fadeInUpNeuron\" data-wow-delay=\"0.2s\">\n                        <div class=\"o-neuron-hover\">\r\n        <div class=\"o-neuron-hover-holder\">\r\n            <div class=\"o-neuron-hover-holder__header\">\r\n                                    <a href=\"https:\/\/concettaprobanza.com\/en\/portfolio\/izar-uxo-2009\/\" class=\"o-neuron-hover-holder__header__media\">\r\n                                                    <div class=\"h-calculated-image\" style=\"padding-bottom: 96.517413% !important;\">\r\n                                <img decoding=\"async\" width=\"603\" height=\"582\" src=\"https:\/\/concettaprobanza.com\/wp-content\/uploads\/2025\/04\/AzalaIzarUxo03-2.jpg\" class=\"attachment-full size-full wp-post-image\" alt=\"Dise\u00f1o de cartel cultural para teatro creado con texturas org\u00e1nicas e ilustraci\u00f3n vectorial por Concetta Probanza.\" srcset=\"https:\/\/concettaprobanza.com\/wp-content\/uploads\/2025\/04\/AzalaIzarUxo03-2.jpg 603w, https:\/\/concettaprobanza.com\/wp-content\/uploads\/2025\/04\/AzalaIzarUxo03-2-300x290.jpg 300w, https:\/\/concettaprobanza.com\/wp-content\/uploads\/2025\/04\/AzalaIzarUxo03-2-12x12.jpg 12w, https:\/\/concettaprobanza.com\/wp-content\/uploads\/2025\/04\/AzalaIzarUxo03-2-600x579.jpg 600w\" sizes=\"(max-width: 603px) 100vw, 603px\" \/>                            <\/div>\r\n                                            <\/a>\r\n                                            <\/div>\r\n                    <\/div>\r\n    <\/div>\r\n<div class=\"o-portfolio-item__content o-neuron-post__content\">\r\n            <h5 class=\"o-portfolio-item__title o-neuron-post__title\"><a href=\"https:\/\/concettaprobanza.com\/en\/portfolio\/izar-uxo-2009\/\">Lift uxo (2009)<\/a><\/h5>\r\n        <\/div>                <\/div>\n            <\/div>\n                                <div class=\"selector col-lg-3 discos post-29705 portfolio type-portfolio status-publish has-post-thumbnail hentry portfolio_category-discos\" data-id=\"29705\" data-columns=\"4-columns\">\n                <div class=\"o-post o-portfolio-item wow h-fadeInUpNeuron\" data-wow-delay=\"0.4s\">\n                        <div class=\"o-neuron-hover\">\r\n        <div class=\"o-neuron-hover-holder\">\r\n            <div class=\"o-neuron-hover-holder__header\">\r\n                                    <a href=\"https:\/\/concettaprobanza.com\/en\/portfolio\/zure-begiek-2008\/\" class=\"o-neuron-hover-holder__header__media\">\r\n                                                    <div class=\"h-calculated-image\" style=\"padding-bottom: 100.000000% !important;\">\r\n                                <img decoding=\"async\" width=\"640\" height=\"640\" src=\"https:\/\/concettaprobanza.com\/wp-content\/uploads\/2025\/04\/Caratula_Zurebegiek.jpeg\" class=\"attachment-full size-full wp-post-image\" alt=\"\" srcset=\"https:\/\/concettaprobanza.com\/wp-content\/uploads\/2025\/04\/Caratula_Zurebegiek.jpeg 640w, https:\/\/concettaprobanza.com\/wp-content\/uploads\/2025\/04\/Caratula_Zurebegiek-300x300.jpeg 300w, https:\/\/concettaprobanza.com\/wp-content\/uploads\/2025\/04\/Caratula_Zurebegiek-150x150.jpeg 150w, https:\/\/concettaprobanza.com\/wp-content\/uploads\/2025\/04\/Caratula_Zurebegiek-12x12.jpeg 12w, https:\/\/concettaprobanza.com\/wp-content\/uploads\/2025\/04\/Caratula_Zurebegiek-500x500.jpeg 500w, https:\/\/concettaprobanza.com\/wp-content\/uploads\/2025\/04\/Caratula_Zurebegiek-600x600.jpeg 600w, https:\/\/concettaprobanza.com\/wp-content\/uploads\/2025\/04\/Caratula_Zurebegiek-100x100.jpeg 100w\" sizes=\"(max-width: 640px) 100vw, 640px\" \/>                            <\/div>\r\n                                            <\/a>\r\n                                            <\/div>\r\n                    <\/div>\r\n    <\/div>\r\n<div class=\"o-portfolio-item__content o-neuron-post__content\">\r\n            <h5 class=\"o-portfolio-item__title o-neuron-post__title\"><a href=\"https:\/\/concettaprobanza.com\/en\/portfolio\/zure-begiek-2008\/\">Zure begiek (2008)<\/a><\/h5>\r\n        <\/div>                <\/div>\n            <\/div>\n                                <div class=\"selector col-lg-3 discos post-29710 portfolio type-portfolio status-publish has-post-thumbnail hentry portfolio_category-discos\" data-id=\"29710\" data-columns=\"4-columns\">\n                <div class=\"o-post o-portfolio-item wow h-fadeInUpNeuron\" data-wow-delay=\"0.6s\">\n                        <div class=\"o-neuron-hover\">\r\n        <div class=\"o-neuron-hover-holder\">\r\n            <div class=\"o-neuron-hover-holder__header\">\r\n                                    <a href=\"https:\/\/concettaprobanza.com\/en\/portfolio\/santi-careta-group-2007\/\" class=\"o-neuron-hover-holder__header__media\">\r\n                                                    <div class=\"h-calculated-image\" style=\"padding-bottom: 100.000000% !important;\">\r\n                                <img loading=\"lazy\" decoding=\"async\" width=\"560\" height=\"560\" src=\"https:\/\/concettaprobanza.com\/wp-content\/uploads\/2025\/04\/santi-careta-group-with-juliane-heinemann.jpg\" class=\"attachment-full size-full wp-post-image\" alt=\"\" srcset=\"https:\/\/concettaprobanza.com\/wp-content\/uploads\/2025\/04\/santi-careta-group-with-juliane-heinemann.jpg 560w, https:\/\/concettaprobanza.com\/wp-content\/uploads\/2025\/04\/santi-careta-group-with-juliane-heinemann-300x300.jpg 300w, https:\/\/concettaprobanza.com\/wp-content\/uploads\/2025\/04\/santi-careta-group-with-juliane-heinemann-150x150.jpg 150w, https:\/\/concettaprobanza.com\/wp-content\/uploads\/2025\/04\/santi-careta-group-with-juliane-heinemann-12x12.jpg 12w, https:\/\/concettaprobanza.com\/wp-content\/uploads\/2025\/04\/santi-careta-group-with-juliane-heinemann-500x500.jpg 500w, https:\/\/concettaprobanza.com\/wp-content\/uploads\/2025\/04\/santi-careta-group-with-juliane-heinemann-100x100.jpg 100w\" sizes=\"(max-width: 560px) 100vw, 560px\" \/>                            <\/div>\r\n                                            <\/a>\r\n                                            <\/div>\r\n                    <\/div>\r\n    <\/div>\r\n<div class=\"o-portfolio-item__content o-neuron-post__content\">\r\n            <h5 class=\"o-portfolio-item__title o-neuron-post__title\"><a href=\"https:\/\/concettaprobanza.com\/en\/portfolio\/santi-careta-group-2007\/\">Santi Careta Group (2007)<\/a><\/h5>\r\n        <\/div>                <\/div>\n            <\/div>\n                                <div class=\"selector col-lg-3 discos post-29734 portfolio type-portfolio status-publish has-post-thumbnail hentry portfolio_category-discos\" data-id=\"29734\" data-columns=\"4-columns\">\n                <div class=\"o-post o-portfolio-item wow h-fadeInUpNeuron\" data-wow-delay=\"0.8s\">\n                        <div class=\"o-neuron-hover\">\r\n        <div class=\"o-neuron-hover-holder\">\r\n            <div class=\"o-neuron-hover-holder__header\">\r\n                                    <a href=\"https:\/\/concettaprobanza.com\/en\/portfolio\/obertura-2005\/\" class=\"o-neuron-hover-holder__header__media\">\r\n                                                    <div class=\"h-calculated-image\" style=\"padding-bottom: 100.000000% !important;\">\r\n                                <img loading=\"lazy\" decoding=\"async\" width=\"1200\" height=\"1200\" src=\"https:\/\/concettaprobanza.com\/wp-content\/uploads\/2025\/04\/CUB_Obertura.jpg\" class=\"attachment-full size-full wp-post-image\" alt=\"\" srcset=\"https:\/\/concettaprobanza.com\/wp-content\/uploads\/2025\/04\/CUB_Obertura.jpg 1200w, https:\/\/concettaprobanza.com\/wp-content\/uploads\/2025\/04\/CUB_Obertura-300x300.jpg 300w, https:\/\/concettaprobanza.com\/wp-content\/uploads\/2025\/04\/CUB_Obertura-1024x1024.jpg 1024w, https:\/\/concettaprobanza.com\/wp-content\/uploads\/2025\/04\/CUB_Obertura-150x150.jpg 150w, https:\/\/concettaprobanza.com\/wp-content\/uploads\/2025\/04\/CUB_Obertura-768x768.jpg 768w, https:\/\/concettaprobanza.com\/wp-content\/uploads\/2025\/04\/CUB_Obertura-12x12.jpg 12w, https:\/\/concettaprobanza.com\/wp-content\/uploads\/2025\/04\/CUB_Obertura-500x500.jpg 500w, https:\/\/concettaprobanza.com\/wp-content\/uploads\/2025\/04\/CUB_Obertura-1000x1000.jpg 1000w, https:\/\/concettaprobanza.com\/wp-content\/uploads\/2025\/04\/CUB_Obertura-600x600.jpg 600w, https:\/\/concettaprobanza.com\/wp-content\/uploads\/2025\/04\/CUB_Obertura-100x100.jpg 100w\" sizes=\"(max-width: 1200px) 100vw, 1200px\" \/>                            <\/div>\r\n                                            <\/a>\r\n                                            <\/div>\r\n                    <\/div>\r\n    <\/div>\r\n<div class=\"o-portfolio-item__content o-neuron-post__content\">\r\n            <h5 class=\"o-portfolio-item__title o-neuron-post__title\"><a href=\"https:\/\/concettaprobanza.com\/en\/portfolio\/obertura-2005\/\">Overture (2005)<\/a><\/h5>\r\n        <\/div>                <\/div>\n            <\/div>\n            <\/div>\n\n\n\n\n\t\t\t<\/div>\n        <\/div>\n        \t\t\t\t<\/div>\n\t\t\t\t<\/div>\n\t\t\t\t\t<\/div>\n\t\t<\/div>\n\t\t\t\t\t<\/div>\n\t\t<\/section>\n\t\t<div class=\"elementor-element elementor-element-3eb39d3 e-flex e-con-boxed neuron-fixed-no e-con e-parent\" data-id=\"3eb39d3\" data-element_type=\"container\">\n\t\t\t\t\t<div class=\"e-con-inner\">\n\t\t\t\t<div class=\"elementor-element elementor-element-478abbe elementor-icon-list--layout-inline elementor-align-center elementor-list-item-link-full_width elementor-widget elementor-widget-icon-list\" data-id=\"478abbe\" data-element_type=\"widget\" data-widget_type=\"icon-list.default\">\n\t\t\t\t<div class=\"elementor-widget-container\">\n\t\t\t\t\t\t\t<ul class=\"elementor-icon-list-items elementor-inline-items\">\n\t\t\t\t\t\t\t<li class=\"elementor-icon-list-item elementor-inline-item\">\n\t\t\t\t\t\t\t\t\t\t\t<a href=\"https:\/\/concettaprobanza.live-website.com\/aviso-legal\">\n\n\t\t\t\t\t\t\t\t\t\t\t<span class=\"elementor-icon-list-text\">Legal notice<\/span>\n\t\t\t\t\t\t\t\t\t\t\t<\/a>\n\t\t\t\t\t\t\t\t\t<\/li>\n\t\t\t\t\t\t\t\t<li class=\"elementor-icon-list-item elementor-inline-item\">\n\t\t\t\t\t\t\t\t\t\t\t<a href=\"https:\/\/concettaprobanza.live-website.com\/politica-de-cookies\">\n\n\t\t\t\t\t\t\t\t\t\t\t<span class=\"elementor-icon-list-text\">Cookie policy<\/span>\n\t\t\t\t\t\t\t\t\t\t\t<\/a>\n\t\t\t\t\t\t\t\t\t<\/li>\n\t\t\t\t\t\t\t\t<li class=\"elementor-icon-list-item elementor-inline-item\">\n\t\t\t\t\t\t\t\t\t\t\t<a href=\"https:\/\/concettaprobanza.live-website.com\/terminos-y-condiciones\">\n\n\t\t\t\t\t\t\t\t\t\t\t<span class=\"elementor-icon-list-text\">Terms and conditions<\/span>\n\t\t\t\t\t\t\t\t\t\t\t<\/a>\n\t\t\t\t\t\t\t\t\t<\/li>\n\t\t\t\t\t\t<\/ul>\n\t\t\t\t\t\t<\/div>\n\t\t\t\t<\/div>\n\t\t\t\t<div class=\"elementor-element elementor-element-edafa32 elementor-widget elementor-widget-image\" data-id=\"edafa32\" data-element_type=\"widget\" data-widget_type=\"image.default\">\n\t\t\t\t<div class=\"elementor-widget-container\">\n\t\t\t\t\t\t\t\t\t\t\t\t\t\t\t<img loading=\"lazy\" decoding=\"async\" width=\"1024\" height=\"96\" src=\"https:\/\/concettaprobanza.com\/wp-content\/uploads\/2025\/04\/CONBANDERA_KITDIGITAL-1024x96-1.png.webp\" class=\"attachment-large size-large wp-image-30151\" alt=\"\" srcset=\"https:\/\/concettaprobanza.com\/wp-content\/uploads\/2025\/04\/CONBANDERA_KITDIGITAL-1024x96-1.png.webp 1024w, https:\/\/concettaprobanza.com\/wp-content\/uploads\/2025\/04\/CONBANDERA_KITDIGITAL-1024x96-1.png-300x28.webp 300w, https:\/\/concettaprobanza.com\/wp-content\/uploads\/2025\/04\/CONBANDERA_KITDIGITAL-1024x96-1.png-768x72.webp 768w, https:\/\/concettaprobanza.com\/wp-content\/uploads\/2025\/04\/CONBANDERA_KITDIGITAL-1024x96-1.png-600x56.webp 600w\" sizes=\"(max-width: 1024px) 100vw, 1024px\" \/>\t\t\t\t\t\t\t\t\t\t\t\t\t\t\t<\/div>\n\t\t\t\t<\/div>\n\t\t\t\t\t<\/div>\n\t\t\t\t<\/div>\n\t\t\t\t<\/div>","protected":false},"excerpt":{"rendered":"<p>Azala berritzen (2020) Izar uxo (2009) Zure begiek (2008) Santi Careta Group (2007) Obertura (2005) Aviso legal Pol\u00edtica&#8230;<\/p>","protected":false},"author":2,"featured_media":0,"parent":0,"menu_order":42,"comment_status":"closed","ping_status":"closed","template":"elementor_theme","meta":{"_acf_changed":false,"footnotes":""},"class_list":["post-30270","page","type-page","status-publish","hentry"],"acf":[],"yoast_head":"<!-- This site is optimized with the Yoast SEO plugin v25.6 - https:\/\/yoast.com\/wordpress\/plugins\/seo\/ -->\n<title>Ilustraci\u00f3n de Discos | Concetta Probanza<\/title>\n<meta name=\"description\" content=\"Explora las portadas de discos ilustradas por Concetta Probanza, llenas de arte, detalle y personalidad \u00fanica. \u00a1Desc\u00fabrelas ahora!\" \/>\n<meta name=\"robots\" content=\"index, follow, max-snippet:-1, max-image-preview:large, max-video-preview:-1\" \/>\n<link rel=\"canonical\" href=\"https:\/\/concettaprobanza.com\/en\/discos\/\" \/>\n<meta property=\"og:locale\" content=\"en_GB\" \/>\n<meta property=\"og:type\" content=\"article\" \/>\n<meta property=\"og:title\" content=\"Ilustraci\u00f3n de Discos | Concetta Probanza\" \/>\n<meta property=\"og:description\" content=\"Explora las portadas de discos ilustradas por Concetta Probanza, llenas de arte, detalle y personalidad \u00fanica. \u00a1Desc\u00fabrelas ahora!\" \/>\n<meta property=\"og:url\" content=\"https:\/\/concettaprobanza.com\/en\/discos\/\" \/>\n<meta property=\"og:site_name\" content=\"Concetta Probanza\" \/>\n<meta property=\"article:modified_time\" content=\"2025-08-04T13:07:54+00:00\" \/>\n<meta property=\"og:image\" content=\"https:\/\/concettaprobanza.live-website.com\/wp-content\/uploads\/2025\/04\/AzalBerritzen_DJ-2.jpg\" \/>\n<meta name=\"twitter:card\" content=\"summary_large_image\" \/>\n<meta name=\"twitter:label1\" content=\"Estimated reading time\" \/>\n\t<meta name=\"twitter:data1\" content=\"2 minutes\" \/>\n<script type=\"application\/ld+json\" class=\"yoast-schema-graph\">{\"@context\":\"https:\/\/schema.org\",\"@graph\":[{\"@type\":\"WebPage\",\"@id\":\"https:\/\/concettaprobanza.com\/discos\/\",\"url\":\"https:\/\/concettaprobanza.com\/discos\/\",\"name\":\"Ilustraci\u00f3n de Discos | Concetta Probanza\",\"isPartOf\":{\"@id\":\"https:\/\/concettaprobanza.com\/#website\"},\"primaryImageOfPage\":{\"@id\":\"https:\/\/concettaprobanza.com\/discos\/#primaryimage\"},\"image\":{\"@id\":\"https:\/\/concettaprobanza.com\/discos\/#primaryimage\"},\"thumbnailUrl\":\"https:\/\/concettaprobanza.live-website.com\/wp-content\/uploads\/2025\/04\/AzalBerritzen_DJ-2.jpg\",\"datePublished\":\"2025-04-08T17:10:40+00:00\",\"dateModified\":\"2025-08-04T13:07:54+00:00\",\"description\":\"Explora las portadas de discos ilustradas por Concetta Probanza, llenas de arte, detalle y personalidad \u00fanica. \u00a1Desc\u00fabrelas ahora!\",\"breadcrumb\":{\"@id\":\"https:\/\/concettaprobanza.com\/discos\/#breadcrumb\"},\"inLanguage\":\"en-GB\",\"potentialAction\":[{\"@type\":\"ReadAction\",\"target\":[\"https:\/\/concettaprobanza.com\/discos\/\"]}]},{\"@type\":\"ImageObject\",\"inLanguage\":\"en-GB\",\"@id\":\"https:\/\/concettaprobanza.com\/discos\/#primaryimage\",\"url\":\"https:\/\/concettaprobanza.live-website.com\/wp-content\/uploads\/2025\/04\/AzalBerritzen_DJ-2.jpg\",\"contentUrl\":\"https:\/\/concettaprobanza.live-website.com\/wp-content\/uploads\/2025\/04\/AzalBerritzen_DJ-2.jpg\"},{\"@type\":\"BreadcrumbList\",\"@id\":\"https:\/\/concettaprobanza.com\/discos\/#breadcrumb\",\"itemListElement\":[{\"@type\":\"ListItem\",\"position\":1,\"name\":\"Portada\",\"item\":\"https:\/\/concettaprobanza.com\/\"},{\"@type\":\"ListItem\",\"position\":2,\"name\":\"Discos\"}]},{\"@type\":\"WebSite\",\"@id\":\"https:\/\/concettaprobanza.com\/#website\",\"url\":\"https:\/\/concettaprobanza.com\/\",\"name\":\"Concetta Probanza\",\"description\":\"Concetta Probanza es una ilustradora con formaci\u00f3n en Bellas Artes y grabado, cuya trayectoria lo llev\u00f3 del lienzo y la madera al mundo editorial y el arte digital. Sus ilustraciones, llenas de detalle y sensibilidad, evocan los paisajes y culturas que descubri\u00f3 en sus viajes por Senegal, Camer\u00fan, Indonesia y Jap\u00f3n.\",\"potentialAction\":[{\"@type\":\"SearchAction\",\"target\":{\"@type\":\"EntryPoint\",\"urlTemplate\":\"https:\/\/concettaprobanza.com\/?s={search_term_string}\"},\"query-input\":{\"@type\":\"PropertyValueSpecification\",\"valueRequired\":true,\"valueName\":\"search_term_string\"}}],\"inLanguage\":\"en-GB\"}]}<\/script>\n<!-- \/ Yoast SEO plugin. -->","yoast_head_json":{"title":"Ilustraci\u00f3n de Discos | Concetta Probanza","description":"Explora las portadas de discos ilustradas por Concetta Probanza, llenas de arte, detalle y personalidad \u00fanica. \u00a1Desc\u00fabrelas ahora!","robots":{"index":"index","follow":"follow","max-snippet":"max-snippet:-1","max-image-preview":"max-image-preview:large","max-video-preview":"max-video-preview:-1"},"canonical":"https:\/\/concettaprobanza.com\/en\/discos\/","og_locale":"en_GB","og_type":"article","og_title":"Ilustraci\u00f3n de Discos | Concetta Probanza","og_description":"Explora las portadas de discos ilustradas por Concetta Probanza, llenas de arte, detalle y personalidad \u00fanica. \u00a1Desc\u00fabrelas ahora!","og_url":"https:\/\/concettaprobanza.com\/en\/discos\/","og_site_name":"Concetta Probanza","article_modified_time":"2025-08-04T13:07:54+00:00","og_image":[{"url":"https:\/\/concettaprobanza.live-website.com\/wp-content\/uploads\/2025\/04\/AzalBerritzen_DJ-2.jpg","type":"","width":"","height":""}],"twitter_card":"summary_large_image","twitter_misc":{"Estimated reading time":"2 minutes"},"schema":{"@context":"https:\/\/schema.org","@graph":[{"@type":"WebPage","@id":"https:\/\/concettaprobanza.com\/discos\/","url":"https:\/\/concettaprobanza.com\/discos\/","name":"Ilustraci\u00f3n de Discos | Concetta Probanza","isPartOf":{"@id":"https:\/\/concettaprobanza.com\/#website"},"primaryImageOfPage":{"@id":"https:\/\/concettaprobanza.com\/discos\/#primaryimage"},"image":{"@id":"https:\/\/concettaprobanza.com\/discos\/#primaryimage"},"thumbnailUrl":"https:\/\/concettaprobanza.live-website.com\/wp-content\/uploads\/2025\/04\/AzalBerritzen_DJ-2.jpg","datePublished":"2025-04-08T17:10:40+00:00","dateModified":"2025-08-04T13:07:54+00:00","description":"Explora las portadas de discos ilustradas por Concetta Probanza, llenas de arte, detalle y personalidad \u00fanica. \u00a1Desc\u00fabrelas ahora!","breadcrumb":{"@id":"https:\/\/concettaprobanza.com\/discos\/#breadcrumb"},"inLanguage":"en-GB","potentialAction":[{"@type":"ReadAction","target":["https:\/\/concettaprobanza.com\/discos\/"]}]},{"@type":"ImageObject","inLanguage":"en-GB","@id":"https:\/\/concettaprobanza.com\/discos\/#primaryimage","url":"https:\/\/concettaprobanza.live-website.com\/wp-content\/uploads\/2025\/04\/AzalBerritzen_DJ-2.jpg","contentUrl":"https:\/\/concettaprobanza.live-website.com\/wp-content\/uploads\/2025\/04\/AzalBerritzen_DJ-2.jpg"},{"@type":"BreadcrumbList","@id":"https:\/\/concettaprobanza.com\/discos\/#breadcrumb","itemListElement":[{"@type":"ListItem","position":1,"name":"Portada","item":"https:\/\/concettaprobanza.com\/"},{"@type":"ListItem","position":2,"name":"Discos"}]},{"@type":"WebSite","@id":"https:\/\/concettaprobanza.com\/#website","url":"https:\/\/concettaprobanza.com\/","name":"Concetta Probanza","description":"Concetta Probanza es una ilustradora con formaci\u00f3n en Bellas Artes y grabado, cuya trayectoria lo llev\u00f3 del lienzo y la madera al mundo editorial y el arte digital. Sus ilustraciones, llenas de detalle y sensibilidad, evocan los paisajes y culturas que descubri\u00f3 en sus viajes por Senegal, Camer\u00fan, Indonesia y Jap\u00f3n.","potentialAction":[{"@type":"SearchAction","target":{"@type":"EntryPoint","urlTemplate":"https:\/\/concettaprobanza.com\/?s={search_term_string}"},"query-input":{"@type":"PropertyValueSpecification","valueRequired":true,"valueName":"search_term_string"}}],"inLanguage":"en-GB"}]}},"_links":{"self":[{"href":"https:\/\/concettaprobanza.com\/en\/wp-json\/wp\/v2\/pages\/30270","targetHints":{"allow":["GET"]}}],"collection":[{"href":"https:\/\/concettaprobanza.com\/en\/wp-json\/wp\/v2\/pages"}],"about":[{"href":"https:\/\/concettaprobanza.com\/en\/wp-json\/wp\/v2\/types\/page"}],"author":[{"embeddable":true,"href":"https:\/\/concettaprobanza.com\/en\/wp-json\/wp\/v2\/users\/2"}],"replies":[{"embeddable":true,"href":"https:\/\/concettaprobanza.com\/en\/wp-json\/wp\/v2\/comments?post=30270"}],"version-history":[{"count":0,"href":"https:\/\/concettaprobanza.com\/en\/wp-json\/wp\/v2\/pages\/30270\/revisions"}],"wp:attachment":[{"href":"https:\/\/concettaprobanza.com\/en\/wp-json\/wp\/v2\/media?parent=30270"}],"curies":[{"name":"wp","href":"https:\/\/api.w.org\/{rel}","templated":true}]}}