{"id":30272,"date":"2025-04-08T17:11:00","date_gmt":"2025-04-08T17:11:00","guid":{"rendered":"https:\/\/ultbit.com\/concettav2\/?page_id=30272"},"modified":"2025-08-04T13:06:54","modified_gmt":"2025-08-04T13:06:54","slug":"en-directo","status":"publish","type":"page","link":"https:\/\/concettaprobanza.com\/en\/en-directo\/","title":{"rendered":"Live"},"content":{"rendered":"<div data-elementor-type=\"wp-post\" data-elementor-id=\"30272\" class=\"elementor elementor-30272\" data-elementor-post-type=\"page\">\n\t\t\t\t\t\t<section class=\"elementor-section elementor-top-section elementor-element elementor-element-274baea7 elementor-section-full_width elementor-section-height-default elementor-section-height-default neuron-fixed-no\" data-id=\"274baea7\" data-element_type=\"section\">\n\t\t\t\t\t\t<div class=\"elementor-container elementor-column-gap-no\">\n\t\t\t\t\t<div class=\"elementor-column elementor-col-100 elementor-top-column elementor-element elementor-element-763641f\" data-id=\"763641f\" data-element_type=\"column\">\n\t\t\t<div class=\"elementor-widget-wrap elementor-element-populated\">\n\t\t\t\t\t\t<div class=\"elementor-element elementor-element-7b0e7e3b h-offset--no elementor-widget elementor-widget-neuron-posts\" data-id=\"7b0e7e3b\" data-element_type=\"widget\" data-widget_type=\"neuron-posts.default\">\n\t\t\t\t<div class=\"elementor-widget-container\">\n\t\t\t\t\t\t\t<div class=\"l-posts-wrapper l-filters-holder l-posts-wrapper--meta-outside h-overflow-hidden l-portfolio-wrapper\" data-posts=\"7b0e7e3b\">\n\t\t\t\t\t\t\t\t\t<div class=\"l-portfolio-wrapper__items-holder l-portfolio-wrapper__items-holder--meta-outside h-overflow-hidden\">\n\t\t\t\t    <div class=\"row masonry\" data-masonry-id=\"81c971534d0e2ca919aae3b502021b01\">\n                                <div class=\"selector col-lg-3 en-directo post-29680 portfolio type-portfolio status-publish has-post-thumbnail hentry portfolio_category-en-directo\" data-id=\"29680\" data-columns=\"4-columns\">\n                <div class=\"o-post o-portfolio-item wow h-fadeInUpNeuron\" >\n                        <div class=\"o-neuron-hover\">\r\n        <div class=\"o-neuron-hover-holder\">\r\n            <div class=\"o-neuron-hover-holder__header\">\r\n                                    <a href=\"https:\/\/concettaprobanza.com\/en\/portfolio\/euslandia-unibertso-txiki-bat-2011-2015\/\" class=\"o-neuron-hover-holder__header__media\">\r\n                                                    <div class=\"h-calculated-image\" style=\"padding-bottom: 66.679688% !important;\">\r\n                                <img fetchpriority=\"high\" decoding=\"async\" width=\"2560\" height=\"1707\" src=\"https:\/\/concettaprobanza.com\/wp-content\/uploads\/2025\/04\/euslandia-scaled.jpg\" class=\"attachment-full size-full wp-post-image\" alt=\"\" srcset=\"https:\/\/concettaprobanza.com\/wp-content\/uploads\/2025\/04\/euslandia-scaled.jpg 2560w, https:\/\/concettaprobanza.com\/wp-content\/uploads\/2025\/04\/euslandia-300x200.jpg 300w, https:\/\/concettaprobanza.com\/wp-content\/uploads\/2025\/04\/euslandia-1024x683.jpg 1024w, https:\/\/concettaprobanza.com\/wp-content\/uploads\/2025\/04\/euslandia-768x512.jpg 768w, https:\/\/concettaprobanza.com\/wp-content\/uploads\/2025\/04\/euslandia-1536x1024.jpg 1536w, https:\/\/concettaprobanza.com\/wp-content\/uploads\/2025\/04\/euslandia-2048x1365.jpg 2048w, https:\/\/concettaprobanza.com\/wp-content\/uploads\/2025\/04\/euslandia-18x12.jpg 18w, https:\/\/concettaprobanza.com\/wp-content\/uploads\/2025\/04\/euslandia-600x400.jpg 600w\" sizes=\"(max-width: 2560px) 100vw, 2560px\" \/>                            <\/div>\r\n                                            <\/a>\r\n                                            <\/div>\r\n                    <\/div>\r\n    <\/div>\r\n<div class=\"o-portfolio-item__content o-neuron-post__content\">\r\n            <h5 class=\"o-portfolio-item__title o-neuron-post__title\"><a href=\"https:\/\/concettaprobanza.com\/en\/portfolio\/euslandia-unibertso-txiki-bat-2011-2015\/\">Euslandia Unibertso txiki bat (2011-2015)<\/a><\/h5>\r\n        <\/div>                <\/div>\n            <\/div>\n                                <div class=\"selector col-lg-3 en-directo post-29672 portfolio type-portfolio status-publish has-post-thumbnail hentry portfolio_category-en-directo\" data-id=\"29672\" data-columns=\"4-columns\">\n                <div class=\"o-post o-portfolio-item wow h-fadeInUpNeuron\" data-wow-delay=\"0.2s\">\n                        <div class=\"o-neuron-hover\">\r\n        <div class=\"o-neuron-hover-holder\">\r\n            <div class=\"o-neuron-hover-holder__header\">\r\n                                    <a href=\"https:\/\/concettaprobanza.com\/en\/portfolio\/jornadas-sobre-ciencia-y-mistica-2011-2013\/\" class=\"o-neuron-hover-holder__header__media\">\r\n                                                    <div class=\"h-calculated-image\" style=\"padding-bottom: 51.241722% !important;\">\r\n                                <img decoding=\"async\" width=\"1208\" height=\"619\" src=\"https:\/\/concettaprobanza.com\/wp-content\/uploads\/2025\/04\/SarreraSaludyEspiritualidadweb.jpg\" class=\"attachment-full size-full wp-post-image\" alt=\"\" srcset=\"https:\/\/concettaprobanza.com\/wp-content\/uploads\/2025\/04\/SarreraSaludyEspiritualidadweb.jpg 1208w, https:\/\/concettaprobanza.com\/wp-content\/uploads\/2025\/04\/SarreraSaludyEspiritualidadweb-300x154.jpg 300w, https:\/\/concettaprobanza.com\/wp-content\/uploads\/2025\/04\/SarreraSaludyEspiritualidadweb-1024x525.jpg 1024w, https:\/\/concettaprobanza.com\/wp-content\/uploads\/2025\/04\/SarreraSaludyEspiritualidadweb-768x394.jpg 768w, https:\/\/concettaprobanza.com\/wp-content\/uploads\/2025\/04\/SarreraSaludyEspiritualidadweb-18x9.jpg 18w, https:\/\/concettaprobanza.com\/wp-content\/uploads\/2025\/04\/SarreraSaludyEspiritualidadweb-600x307.jpg 600w\" sizes=\"(max-width: 1208px) 100vw, 1208px\" \/>                            <\/div>\r\n                                            <\/a>\r\n                                            <\/div>\r\n                    <\/div>\r\n    <\/div>\r\n<div class=\"o-portfolio-item__content o-neuron-post__content\">\r\n            <h5 class=\"o-portfolio-item__title o-neuron-post__title\"><a href=\"https:\/\/concettaprobanza.com\/en\/portfolio\/jornadas-sobre-ciencia-y-mistica-2011-2013\/\">Conference on Science and mysticism (2011-2013)<\/a><\/h5>\r\n        <\/div>                <\/div>\n            <\/div>\n                                <div class=\"selector col-lg-3 en-directo post-29666 portfolio type-portfolio status-publish has-post-thumbnail hentry portfolio_category-en-directo\" data-id=\"29666\" data-columns=\"4-columns\">\n                <div class=\"o-post o-portfolio-item wow h-fadeInUpNeuron\" data-wow-delay=\"0.4s\">\n                        <div class=\"o-neuron-hover\">\r\n        <div class=\"o-neuron-hover-holder\">\r\n            <div class=\"o-neuron-hover-holder__header\">\r\n                                    <a href=\"https:\/\/concettaprobanza.com\/en\/portfolio\/performance-con-el-grupo-malaqoda\/\" class=\"o-neuron-hover-holder__header__media\">\r\n                                                    <div class=\"h-calculated-image\" style=\"padding-bottom: 56.235294% !important;\">\r\n                                <img decoding=\"async\" width=\"850\" height=\"478\" src=\"https:\/\/concettaprobanza.com\/wp-content\/uploads\/2025\/04\/Malaqoda.jpg\" class=\"attachment-full size-full wp-post-image\" alt=\"\" srcset=\"https:\/\/concettaprobanza.com\/wp-content\/uploads\/2025\/04\/Malaqoda.jpg 850w, https:\/\/concettaprobanza.com\/wp-content\/uploads\/2025\/04\/Malaqoda-300x169.jpg 300w, https:\/\/concettaprobanza.com\/wp-content\/uploads\/2025\/04\/Malaqoda-768x432.jpg 768w, https:\/\/concettaprobanza.com\/wp-content\/uploads\/2025\/04\/Malaqoda-18x10.jpg 18w, https:\/\/concettaprobanza.com\/wp-content\/uploads\/2025\/04\/Malaqoda-600x337.jpg 600w\" sizes=\"(max-width: 850px) 100vw, 850px\" \/>                            <\/div>\r\n                                            <\/a>\r\n                                            <\/div>\r\n                    <\/div>\r\n    <\/div>\r\n<div class=\"o-portfolio-item__content o-neuron-post__content\">\r\n            <h5 class=\"o-portfolio-item__title o-neuron-post__title\"><a href=\"https:\/\/concettaprobanza.com\/en\/portfolio\/performance-con-el-grupo-malaqoda\/\">Performance with the Group Malaqoda<\/a><\/h5>\r\n        <\/div>                <\/div>\n            <\/div>\n            <\/div>\n\n\n\n\n\t\t\t<\/div>\n        <\/div>\n        \t\t\t\t<\/div>\n\t\t\t\t<\/div>\n\t\t\t\t\t<\/div>\n\t\t<\/div>\n\t\t\t\t\t<\/div>\n\t\t<\/section>\n\t\t<div class=\"elementor-element elementor-element-3eb39d3 e-flex e-con-boxed neuron-fixed-no e-con e-parent\" data-id=\"3eb39d3\" data-element_type=\"container\">\n\t\t\t\t\t<div class=\"e-con-inner\">\n\t\t\t\t<div class=\"elementor-element elementor-element-478abbe elementor-icon-list--layout-inline elementor-align-center elementor-list-item-link-full_width elementor-widget elementor-widget-icon-list\" data-id=\"478abbe\" data-element_type=\"widget\" data-widget_type=\"icon-list.default\">\n\t\t\t\t<div class=\"elementor-widget-container\">\n\t\t\t\t\t\t\t<ul class=\"elementor-icon-list-items elementor-inline-items\">\n\t\t\t\t\t\t\t<li class=\"elementor-icon-list-item elementor-inline-item\">\n\t\t\t\t\t\t\t\t\t\t\t<a href=\"https:\/\/concettaprobanza.live-website.com\/aviso-legal\">\n\n\t\t\t\t\t\t\t\t\t\t\t<span class=\"elementor-icon-list-text\">Legal notice<\/span>\n\t\t\t\t\t\t\t\t\t\t\t<\/a>\n\t\t\t\t\t\t\t\t\t<\/li>\n\t\t\t\t\t\t\t\t<li class=\"elementor-icon-list-item elementor-inline-item\">\n\t\t\t\t\t\t\t\t\t\t\t<a href=\"https:\/\/concettaprobanza.live-website.com\/politica-de-cookies\">\n\n\t\t\t\t\t\t\t\t\t\t\t<span class=\"elementor-icon-list-text\">Cookie policy<\/span>\n\t\t\t\t\t\t\t\t\t\t\t<\/a>\n\t\t\t\t\t\t\t\t\t<\/li>\n\t\t\t\t\t\t\t\t<li class=\"elementor-icon-list-item elementor-inline-item\">\n\t\t\t\t\t\t\t\t\t\t\t<a href=\"https:\/\/concettaprobanza.live-website.com\/terminos-y-condiciones\">\n\n\t\t\t\t\t\t\t\t\t\t\t<span class=\"elementor-icon-list-text\">Terms and conditions<\/span>\n\t\t\t\t\t\t\t\t\t\t\t<\/a>\n\t\t\t\t\t\t\t\t\t<\/li>\n\t\t\t\t\t\t<\/ul>\n\t\t\t\t\t\t<\/div>\n\t\t\t\t<\/div>\n\t\t\t\t<div class=\"elementor-element elementor-element-edafa32 elementor-widget elementor-widget-image\" data-id=\"edafa32\" data-element_type=\"widget\" data-widget_type=\"image.default\">\n\t\t\t\t<div class=\"elementor-widget-container\">\n\t\t\t\t\t\t\t\t\t\t\t\t\t\t\t<img loading=\"lazy\" decoding=\"async\" width=\"1024\" height=\"96\" src=\"https:\/\/concettaprobanza.com\/wp-content\/uploads\/2025\/04\/CONBANDERA_KITDIGITAL-1024x96-1.png.webp\" class=\"attachment-large size-large wp-image-30151\" alt=\"\" srcset=\"https:\/\/concettaprobanza.com\/wp-content\/uploads\/2025\/04\/CONBANDERA_KITDIGITAL-1024x96-1.png.webp 1024w, https:\/\/concettaprobanza.com\/wp-content\/uploads\/2025\/04\/CONBANDERA_KITDIGITAL-1024x96-1.png-300x28.webp 300w, https:\/\/concettaprobanza.com\/wp-content\/uploads\/2025\/04\/CONBANDERA_KITDIGITAL-1024x96-1.png-768x72.webp 768w, https:\/\/concettaprobanza.com\/wp-content\/uploads\/2025\/04\/CONBANDERA_KITDIGITAL-1024x96-1.png-600x56.webp 600w\" sizes=\"(max-width: 1024px) 100vw, 1024px\" \/>\t\t\t\t\t\t\t\t\t\t\t\t\t\t\t<\/div>\n\t\t\t\t<\/div>\n\t\t\t\t\t<\/div>\n\t\t\t\t<\/div>\n\t\t\t\t<\/div>","protected":false},"excerpt":{"rendered":"<p>Administrazioa euskaraz, revista del IVAP (1999-2025) Euslandia Unibertso txiki bat (2011-2015) Jornadas sobre Ciencia y m\u00edstica (2011-2013) Performance&#8230;<\/p>","protected":false},"author":2,"featured_media":0,"parent":0,"menu_order":42,"comment_status":"closed","ping_status":"closed","template":"elementor_theme","meta":{"_acf_changed":false,"footnotes":""},"class_list":["post-30272","page","type-page","status-publish","hentry"],"acf":[],"yoast_head":"<!-- This site is optimized with the Yoast SEO plugin v25.6 - https:\/\/yoast.com\/wordpress\/plugins\/seo\/ -->\n<title>Arte en Directo | Concetta Probanza<\/title>\n<meta name=\"description\" content=\"Vive la magia del arte en directo con Concetta Probanza, ilustraciones y pintura que cobran vida ante tus ojos. \u00a1Experimenta su arte ya!\" \/>\n<meta name=\"robots\" content=\"index, follow, max-snippet:-1, max-image-preview:large, max-video-preview:-1\" \/>\n<link rel=\"canonical\" href=\"https:\/\/concettaprobanza.com\/en\/en-directo\/\" \/>\n<meta property=\"og:locale\" content=\"en_GB\" \/>\n<meta property=\"og:type\" content=\"article\" \/>\n<meta property=\"og:title\" content=\"Arte en Directo | Concetta Probanza\" \/>\n<meta property=\"og:description\" content=\"Vive la magia del arte en directo con Concetta Probanza, ilustraciones y pintura que cobran vida ante tus ojos. \u00a1Experimenta su arte ya!\" \/>\n<meta property=\"og:url\" content=\"https:\/\/concettaprobanza.com\/en\/en-directo\/\" \/>\n<meta property=\"og:site_name\" content=\"Concetta Probanza\" \/>\n<meta property=\"article:modified_time\" content=\"2025-08-04T13:06:54+00:00\" \/>\n<meta property=\"og:image\" content=\"https:\/\/concettaprobanza.live-website.com\/wp-content\/uploads\/2025\/04\/AE100-17-2.jpg\" \/>\n<meta name=\"twitter:card\" content=\"summary_large_image\" \/>\n<meta name=\"twitter:label1\" content=\"Estimated reading time\" \/>\n\t<meta name=\"twitter:data1\" content=\"2 minutes\" \/>\n<script type=\"application\/ld+json\" class=\"yoast-schema-graph\">{\"@context\":\"https:\/\/schema.org\",\"@graph\":[{\"@type\":\"WebPage\",\"@id\":\"https:\/\/concettaprobanza.com\/en-directo\/\",\"url\":\"https:\/\/concettaprobanza.com\/en-directo\/\",\"name\":\"Arte en Directo | Concetta Probanza\",\"isPartOf\":{\"@id\":\"https:\/\/concettaprobanza.com\/#website\"},\"primaryImageOfPage\":{\"@id\":\"https:\/\/concettaprobanza.com\/en-directo\/#primaryimage\"},\"image\":{\"@id\":\"https:\/\/concettaprobanza.com\/en-directo\/#primaryimage\"},\"thumbnailUrl\":\"https:\/\/concettaprobanza.live-website.com\/wp-content\/uploads\/2025\/04\/AE100-17-2.jpg\",\"datePublished\":\"2025-04-08T17:11:00+00:00\",\"dateModified\":\"2025-08-04T13:06:54+00:00\",\"description\":\"Vive la magia del arte en directo con Concetta Probanza, ilustraciones y pintura que cobran vida ante tus ojos. \u00a1Experimenta su arte ya!\",\"breadcrumb\":{\"@id\":\"https:\/\/concettaprobanza.com\/en-directo\/#breadcrumb\"},\"inLanguage\":\"en-GB\",\"potentialAction\":[{\"@type\":\"ReadAction\",\"target\":[\"https:\/\/concettaprobanza.com\/en-directo\/\"]}]},{\"@type\":\"ImageObject\",\"inLanguage\":\"en-GB\",\"@id\":\"https:\/\/concettaprobanza.com\/en-directo\/#primaryimage\",\"url\":\"https:\/\/concettaprobanza.live-website.com\/wp-content\/uploads\/2025\/04\/AE100-17-2.jpg\",\"contentUrl\":\"https:\/\/concettaprobanza.live-website.com\/wp-content\/uploads\/2025\/04\/AE100-17-2.jpg\"},{\"@type\":\"BreadcrumbList\",\"@id\":\"https:\/\/concettaprobanza.com\/en-directo\/#breadcrumb\",\"itemListElement\":[{\"@type\":\"ListItem\",\"position\":1,\"name\":\"Portada\",\"item\":\"https:\/\/concettaprobanza.com\/\"},{\"@type\":\"ListItem\",\"position\":2,\"name\":\"En directo\"}]},{\"@type\":\"WebSite\",\"@id\":\"https:\/\/concettaprobanza.com\/#website\",\"url\":\"https:\/\/concettaprobanza.com\/\",\"name\":\"Concetta Probanza\",\"description\":\"Concetta Probanza es una ilustradora con formaci\u00f3n en Bellas Artes y grabado, cuya trayectoria lo llev\u00f3 del lienzo y la madera al mundo editorial y el arte digital. Sus ilustraciones, llenas de detalle y sensibilidad, evocan los paisajes y culturas que descubri\u00f3 en sus viajes por Senegal, Camer\u00fan, Indonesia y Jap\u00f3n.\",\"potentialAction\":[{\"@type\":\"SearchAction\",\"target\":{\"@type\":\"EntryPoint\",\"urlTemplate\":\"https:\/\/concettaprobanza.com\/?s={search_term_string}\"},\"query-input\":{\"@type\":\"PropertyValueSpecification\",\"valueRequired\":true,\"valueName\":\"search_term_string\"}}],\"inLanguage\":\"en-GB\"}]}<\/script>\n<!-- \/ Yoast SEO plugin. -->","yoast_head_json":{"title":"Arte en Directo | Concetta Probanza","description":"Vive la magia del arte en directo con Concetta Probanza, ilustraciones y pintura que cobran vida ante tus ojos. \u00a1Experimenta su arte ya!","robots":{"index":"index","follow":"follow","max-snippet":"max-snippet:-1","max-image-preview":"max-image-preview:large","max-video-preview":"max-video-preview:-1"},"canonical":"https:\/\/concettaprobanza.com\/en\/en-directo\/","og_locale":"en_GB","og_type":"article","og_title":"Arte en Directo | Concetta Probanza","og_description":"Vive la magia del arte en directo con Concetta Probanza, ilustraciones y pintura que cobran vida ante tus ojos. \u00a1Experimenta su arte ya!","og_url":"https:\/\/concettaprobanza.com\/en\/en-directo\/","og_site_name":"Concetta Probanza","article_modified_time":"2025-08-04T13:06:54+00:00","og_image":[{"url":"https:\/\/concettaprobanza.live-website.com\/wp-content\/uploads\/2025\/04\/AE100-17-2.jpg","type":"","width":"","height":""}],"twitter_card":"summary_large_image","twitter_misc":{"Estimated reading time":"2 minutes"},"schema":{"@context":"https:\/\/schema.org","@graph":[{"@type":"WebPage","@id":"https:\/\/concettaprobanza.com\/en-directo\/","url":"https:\/\/concettaprobanza.com\/en-directo\/","name":"Arte en Directo | Concetta Probanza","isPartOf":{"@id":"https:\/\/concettaprobanza.com\/#website"},"primaryImageOfPage":{"@id":"https:\/\/concettaprobanza.com\/en-directo\/#primaryimage"},"image":{"@id":"https:\/\/concettaprobanza.com\/en-directo\/#primaryimage"},"thumbnailUrl":"https:\/\/concettaprobanza.live-website.com\/wp-content\/uploads\/2025\/04\/AE100-17-2.jpg","datePublished":"2025-04-08T17:11:00+00:00","dateModified":"2025-08-04T13:06:54+00:00","description":"Vive la magia del arte en directo con Concetta Probanza, ilustraciones y pintura que cobran vida ante tus ojos. \u00a1Experimenta su arte ya!","breadcrumb":{"@id":"https:\/\/concettaprobanza.com\/en-directo\/#breadcrumb"},"inLanguage":"en-GB","potentialAction":[{"@type":"ReadAction","target":["https:\/\/concettaprobanza.com\/en-directo\/"]}]},{"@type":"ImageObject","inLanguage":"en-GB","@id":"https:\/\/concettaprobanza.com\/en-directo\/#primaryimage","url":"https:\/\/concettaprobanza.live-website.com\/wp-content\/uploads\/2025\/04\/AE100-17-2.jpg","contentUrl":"https:\/\/concettaprobanza.live-website.com\/wp-content\/uploads\/2025\/04\/AE100-17-2.jpg"},{"@type":"BreadcrumbList","@id":"https:\/\/concettaprobanza.com\/en-directo\/#breadcrumb","itemListElement":[{"@type":"ListItem","position":1,"name":"Portada","item":"https:\/\/concettaprobanza.com\/"},{"@type":"ListItem","position":2,"name":"En directo"}]},{"@type":"WebSite","@id":"https:\/\/concettaprobanza.com\/#website","url":"https:\/\/concettaprobanza.com\/","name":"Concetta Probanza","description":"Concetta Probanza es una ilustradora con formaci\u00f3n en Bellas Artes y grabado, cuya trayectoria lo llev\u00f3 del lienzo y la madera al mundo editorial y el arte digital. Sus ilustraciones, llenas de detalle y sensibilidad, evocan los paisajes y culturas que descubri\u00f3 en sus viajes por Senegal, Camer\u00fan, Indonesia y Jap\u00f3n.","potentialAction":[{"@type":"SearchAction","target":{"@type":"EntryPoint","urlTemplate":"https:\/\/concettaprobanza.com\/?s={search_term_string}"},"query-input":{"@type":"PropertyValueSpecification","valueRequired":true,"valueName":"search_term_string"}}],"inLanguage":"en-GB"}]}},"_links":{"self":[{"href":"https:\/\/concettaprobanza.com\/en\/wp-json\/wp\/v2\/pages\/30272","targetHints":{"allow":["GET"]}}],"collection":[{"href":"https:\/\/concettaprobanza.com\/en\/wp-json\/wp\/v2\/pages"}],"about":[{"href":"https:\/\/concettaprobanza.com\/en\/wp-json\/wp\/v2\/types\/page"}],"author":[{"embeddable":true,"href":"https:\/\/concettaprobanza.com\/en\/wp-json\/wp\/v2\/users\/2"}],"replies":[{"embeddable":true,"href":"https:\/\/concettaprobanza.com\/en\/wp-json\/wp\/v2\/comments?post=30272"}],"version-history":[{"count":0,"href":"https:\/\/concettaprobanza.com\/en\/wp-json\/wp\/v2\/pages\/30272\/revisions"}],"wp:attachment":[{"href":"https:\/\/concettaprobanza.com\/en\/wp-json\/wp\/v2\/media?parent=30272"}],"curies":[{"name":"wp","href":"https:\/\/api.w.org\/{rel}","templated":true}]}}