{"id":30092,"date":"2025-04-04T09:54:29","date_gmt":"2025-04-04T09:54:29","guid":{"rendered":"https:\/\/ultbit.com\/concetta\/?page_id=30092"},"modified":"2025-04-04T12:34:39","modified_gmt":"2025-04-04T12:34:39","slug":"politica-de-cookies","status":"publish","type":"page","link":"https:\/\/concettaprobanza.com\/eu\/politica-de-cookies\/","title":{"rendered":"Cookien politika"},"content":{"rendered":"<div data-elementor-type=\"wp-post\" data-elementor-id=\"30092\" class=\"elementor elementor-30092\" data-elementor-post-type=\"page\">\n\t\t\t\t\t\t<section class=\"elementor-section elementor-top-section elementor-element elementor-element-5c2128d elementor-section-boxed elementor-section-height-default elementor-section-height-default neuron-fixed-no\" data-id=\"5c2128d\" data-element_type=\"section\">\n\t\t\t\t\t\t<div class=\"elementor-container elementor-column-gap-default\">\n\t\t\t\t\t<div class=\"elementor-column elementor-col-100 elementor-top-column elementor-element elementor-element-659d66a\" data-id=\"659d66a\" data-element_type=\"column\">\n\t\t\t<div class=\"elementor-widget-wrap elementor-element-populated\">\n\t\t\t\t\t\t<div class=\"elementor-element elementor-element-27e3900 elementor-widget elementor-widget-heading\" data-id=\"27e3900\" data-element_type=\"widget\" data-widget_type=\"heading.default\">\n\t\t\t\t<div class=\"elementor-widget-container\">\n\t\t\t\t\t<h3 class=\"elementor-heading-title elementor-size-default\">Cookien politika<\/h3>\t\t\t\t<\/div>\n\t\t\t\t<\/div>\n\t\t\t\t<div class=\"elementor-element elementor-element-103404f elementor-widget-divider--view-line elementor-widget elementor-widget-divider\" data-id=\"103404f\" data-element_type=\"widget\" data-widget_type=\"divider.default\">\n\t\t\t\t<div class=\"elementor-widget-container\">\n\t\t\t\t\t\t\t<div class=\"elementor-divider\">\n\t\t\t<span class=\"elementor-divider-separator\">\n\t\t\t\t\t\t<\/span>\n\t\t<\/div>\n\t\t\t\t\t\t<\/div>\n\t\t\t\t<\/div>\n\t\t\t\t<div class=\"elementor-element elementor-element-1f8b205 elementor-widget elementor-widget-text-editor\" data-id=\"1f8b205\" data-element_type=\"widget\" data-widget_type=\"text-editor.default\">\n\t\t\t\t<div class=\"elementor-widget-container\">\n\t\t\t\t\t\t\t\t\t<p class=\"\" data-start=\"149\" data-end=\"438\"><strong data-start=\"149\" data-end=\"210\">Web orrian <\/strong>M. Concepci\u00f3n Probanza Arrizabalaga <strong data-start=\"149\" data-end=\"210\">cookieak erabiltzen dugu<\/strong> erabiltzaile-esperientzia hobetzeko, nabigazioa erraza eta optimizatu performance gure gunean. Jarraian, azalduko dugu zer dira cookieak, zer cookie mota egin dugu erabilera, eta nola kudeatu ahal izango duzu.<\/p><p data-start=\"149\" data-end=\"438\">\u00a0<\/p><h3 class=\"\" data-start=\"440\" data-end=\"465\">Zer dira Cookieak?<\/h3><p class=\"\" data-start=\"467\" data-end=\"801\">Cookie-ak testu artxibo txikiak dira, zein dira gordeta erabiltzailearen gailuan (ordenagailua, smartphone, tablet, etab.) noiz bisitatzen duzun web bat. Cookie hauek baimendu gogoratzen du webguneak zure bisitari buruzko informazioa, hala nola, hizkuntza hobetsia, produktuak gehitu dituzun erosketa-saskia, edo zure nabigazio-lehentasunak.<\/p><p data-start=\"467\" data-end=\"801\">\u00a0<\/p><h3 class=\"\" data-start=\"803\" data-end=\"834\">Cookie mota Erabiltzen ditu<\/h3><p class=\"\" data-start=\"836\" data-end=\"1063\"><strong data-start=\"836\" data-end=\"870\">Cookie teknikoak edo Beharrezkoa:<\/strong> Horiek ezinbestekoak dira funtzionamendua web eta baimendu erabiltzaileak nabigatzeko gunea eta erabili bere oinarrizko funtzioak, hala nola, sarbidea ziurtatzeko arlo edo prozesatzeko ordena bat.<\/p><p class=\"\" data-start=\"1065\" data-end=\"1233\"><strong data-start=\"1065\" data-end=\"1093\">Lehentasun-Cookieak:<\/strong> Gogoratzen erabiltzailearen lehentasunak, hala nola, hizkuntza edo eskualde-ezarpenak, esperientzia hobetzeko etorkizuneko bisitak.<\/p><p class=\"\" data-start=\"1235\" data-end=\"1538\"><strong data-start=\"1235\" data-end=\"1273\">Cookieak Analisia edo Errendimendua:<\/strong> Biltzeko moduari buruzko informazioa erabiltzaileen elkarreragin webgunean, hala nola, orrialde gehien bisitatzen, loturak klik egiten duzun, edo denbora gastatzen dute gunean. Informazio hau laguntzen digu, errendimendua hobetzeko eta funtzionalitate web-orrian.<\/p><p class=\"\" data-start=\"1540\" data-end=\"1873\"><strong data-start=\"1540\" data-end=\"1578\">Publizitate Cookie-ak edo Marketing:<\/strong> Erabiltzen da pantaila iragarkiak garrantzitsuagoak erabiltzaileei oinarritutako beren interesak, bai gure gunean eta beste web guneak. Cookie horiek, gainera, kopuru mugatu aldiz erabiltzaile iragarki bat ikusten du, eta lagunduko digu eraginkortasuna neurtzeko, gure publizitate-kanpainak.<\/p><p class=\"\" data-start=\"1875\" data-end=\"2148\"><strong data-start=\"1875\" data-end=\"1899\">Hirugarrenen Cookieak:<\/strong> Atal batzuetan gure gune instalatu daiteke hirugarrenen cookie-ak, esaterako, Google Analytics, datuen azterketa eta sare sozialak (hala nola partekatu botoiak). Cookie horiek hirugarrenek kudeatzen dituzte, eta ez M. Concepci\u00f3n Probanza Arrizabalaga.<\/p><p data-start=\"1875\" data-end=\"2148\">\u00a0<\/p><h3 class=\"\" data-start=\"2150\" data-end=\"2182\">Nola kudea ditzaket Cookieak?<\/h3><p class=\"\" data-start=\"2184\" data-end=\"2464\">Noiz sartu gure web orrian, lehen aldiz, bat ikusiko duzu pankarta cookie aukera emango dizu, onartu edo konfiguratu cookie-en erabilera ezarritakoaren arabera, zure lehentasunak. Edozein unetan, kudeatu ahal izango duzu zure cookie-lehentasunak bidez zure nabigatzailearen konfigurazioa:<\/p><p class=\"\" data-start=\"2466\" data-end=\"3229\"><strong data-start=\"2466\" data-end=\"2484\">Google Chrome:<\/strong> <a class=\"\" href=\"https:\/\/support.google.com\/chrome\/answer\/95647?hl=es\" target=\"_new\" rel=\"noopener\" data-start=\"2485\" data-end=\"2593\">https:\/\/support.google.com\/chrome\/answer\/95647?hl=es<\/a><br data-start=\"2593\" data-end=\"2596\" \/><strong data-start=\"2596\" data-end=\"2616\">Mozilla Firefox:<\/strong> <a class=\"\" href=\"https:\/\/support.mozilla.org\/es\/kb\/habilitar-y-deshabilitar-cookies-sitios-web-rastrear-preferencias\" target=\"_new\" rel=\"noopener\" data-start=\"2617\" data-end=\"2819\">https:\/\/support.mozilla.org\/es\/kb\/habilitar-y-deshabilitar-cookies-sitios-web-rastrear-preferencias<\/a><br data-start=\"2819\" data-end=\"2822\" \/><strong data-start=\"2822\" data-end=\"2833\">Safari:<\/strong> <a class=\"\" href=\"https:\/\/support.apple.com\/es-es\/guide\/safari\/sfri11471\/mac\" target=\"_new\" rel=\"noopener\" data-start=\"2834\" data-end=\"2954\">https:\/\/support.apple.com\/es-es\/guide\/safari\/sfri11471\/mac<\/a><br data-start=\"2954\" data-end=\"2957\" \/><strong data-start=\"2957\" data-end=\"2976\">Microsoft-Puntako:<\/strong> <a class=\"\" href=\"https:\/\/support.microsoft.com\/es-es\/microsoft-edge\/borrar-las-cookies-en-microsoft-edge-63947406-40ac-c3b8-57b9-2a946a29ae09\" target=\"_new\" rel=\"noopener\" data-start=\"2977\" data-end=\"3229\">https:\/\/support.microsoft.com\/es-es\/microsoft-edge\/borrar-las-cookies-en-microsoft-edge-63947406-40ac-c3b8-57b9-2a946a29ae09<\/a><\/p><p class=\"\" data-start=\"3231\" data-end=\"3396\">Baduzu, desgaitu cookie-ak, ezaugarri batzuk, gure gune, agian, ez da behar bezala ibiliko, edo erabiltzailearen esperientzia kaltetutako da.<\/p><p data-start=\"3231\" data-end=\"3396\">\u00a0<\/p><h3 class=\"\" data-start=\"3398\" data-end=\"3438\">Web orri honetan erabilitako cookieak<\/h3><table><thead><tr><th><strong>Izena cookie<\/strong><\/th><th><strong>Hornitzailearen<\/strong><\/th><th><strong>Helburua<\/strong><\/th><th><strong>Iraupena<\/strong><\/th><\/tr><\/thead><tbody><tr><td>CookieConsent<\/td><td>Propioa<\/td><td>Dendetan baimena cookie guztiak gainean erabiltzaileak<\/td><td>1 urte<\/td><\/tr><tr><td>_ga<\/td><td>Google<\/td><td>Erabiltzen bereizteko erabiltzaile<\/td><td>2 urte<\/td><\/tr><tr><td>_gid<\/td><td>Google<\/td><td>Erabiltzen bereizteko erabiltzaile<\/td><td>24 ordu<\/td><\/tr><tr><td>_gat<\/td><td>Google<\/td><td>Erabiltzen da muga ehunekoa eskaerak<\/td><td>1 minutu<\/td><\/tr><\/tbody><\/table><p data-start=\"3870\" data-end=\"4019\">\u00a0<\/p><h3 class=\"\" data-start=\"4021\" data-end=\"4076\">Eguneratzeak eta aldaketak Cookie Politika<\/h3><p class=\"\" data-start=\"4078\" data-end=\"4339\">M. Concepci\u00f3n Probanza Arrizabalaga aldatzeko eskubidea erreserbatzen Cookie Politika hau edozein unetan. Edozein aldaketa argitaratuko da web orri honetan. Animatzen ditugu iritzia politika hori aldian-aldian buruz informatua egoteko nola erabiltzen ditugu cookie-ak.<\/p><p data-start=\"4078\" data-end=\"4339\">\u00a0<\/p><h3 class=\"\" data-start=\"4341\" data-end=\"4353\">Kontaktua<\/h3><p class=\"\" data-start=\"4355\" data-end=\"4496\">Edozein zalantza izanez gero, gure Cookie-Politika, eskuratu ahal izango duzu harremanetan gurekin<\/p><p class=\"p1\"><span class=\"s1\"><a href=\"mailto:cprobanza@yahoo.es\">cprobanza@yahoo.es<\/a><\/span><\/p><p>\u00a0<\/p>\t\t\t\t\t\t\t\t<\/div>\n\t\t\t\t<\/div>\n\t\t\t\t\t<\/div>\n\t\t<\/div>\n\t\t\t\t\t<\/div>\n\t\t<\/section>\n\t\t<div class=\"elementor-element elementor-element-51bdad1 e-flex e-con-boxed neuron-fixed-no e-con e-parent\" data-id=\"51bdad1\" data-element_type=\"container\">\n\t\t\t\t\t<div class=\"e-con-inner\">\n\t\t\t\t<div class=\"elementor-element elementor-element-fe05ada elementor-icon-list--layout-inline elementor-align-center elementor-list-item-link-full_width elementor-widget elementor-widget-icon-list\" data-id=\"fe05ada\" data-element_type=\"widget\" data-widget_type=\"icon-list.default\">\n\t\t\t\t<div class=\"elementor-widget-container\">\n\t\t\t\t\t\t\t<ul class=\"elementor-icon-list-items elementor-inline-items\">\n\t\t\t\t\t\t\t<li class=\"elementor-icon-list-item elementor-inline-item\">\n\t\t\t\t\t\t\t\t\t\t\t<a href=\"https:\/\/concettaprobanza.live-website.com\/aviso-legal\">\n\n\t\t\t\t\t\t\t\t\t\t\t<span class=\"elementor-icon-list-text\">Lege-oharra<\/span>\n\t\t\t\t\t\t\t\t\t\t\t<\/a>\n\t\t\t\t\t\t\t\t\t<\/li>\n\t\t\t\t\t\t\t\t<li class=\"elementor-icon-list-item elementor-inline-item\">\n\t\t\t\t\t\t\t\t\t\t\t<a href=\"https:\/\/concettaprobanza.live-website.com\/politica-de-cookies\">\n\n\t\t\t\t\t\t\t\t\t\t\t<span class=\"elementor-icon-list-text\">Cookien politika<\/span>\n\t\t\t\t\t\t\t\t\t\t\t<\/a>\n\t\t\t\t\t\t\t\t\t<\/li>\n\t\t\t\t\t\t\t\t<li class=\"elementor-icon-list-item elementor-inline-item\">\n\t\t\t\t\t\t\t\t\t\t\t<a href=\"https:\/\/concettaprobanza.live-website.com\/terminos-y-condiciones\">\n\n\t\t\t\t\t\t\t\t\t\t\t<span class=\"elementor-icon-list-text\">Zehaztapenak eta baldintzak<\/span>\n\t\t\t\t\t\t\t\t\t\t\t<\/a>\n\t\t\t\t\t\t\t\t\t<\/li>\n\t\t\t\t\t\t<\/ul>\n\t\t\t\t\t\t<\/div>\n\t\t\t\t<\/div>\n\t\t\t\t<div class=\"elementor-element elementor-element-ffd9caa elementor-widget elementor-widget-image\" data-id=\"ffd9caa\" data-element_type=\"widget\" data-widget_type=\"image.default\">\n\t\t\t\t<div class=\"elementor-widget-container\">\n\t\t\t\t\t\t\t\t\t\t\t\t\t\t\t<img fetchpriority=\"high\" decoding=\"async\" width=\"1024\" height=\"96\" src=\"https:\/\/concettaprobanza.com\/wp-content\/uploads\/2025\/04\/CONBANDERA_KITDIGITAL-1024x96-1.png.webp\" class=\"attachment-large size-large wp-image-30151\" alt=\"\" srcset=\"https:\/\/concettaprobanza.com\/wp-content\/uploads\/2025\/04\/CONBANDERA_KITDIGITAL-1024x96-1.png.webp 1024w, https:\/\/concettaprobanza.com\/wp-content\/uploads\/2025\/04\/CONBANDERA_KITDIGITAL-1024x96-1.png-300x28.webp 300w, https:\/\/concettaprobanza.com\/wp-content\/uploads\/2025\/04\/CONBANDERA_KITDIGITAL-1024x96-1.png-768x72.webp 768w, https:\/\/concettaprobanza.com\/wp-content\/uploads\/2025\/04\/CONBANDERA_KITDIGITAL-1024x96-1.png-600x56.webp 600w\" sizes=\"(max-width: 1024px) 100vw, 1024px\" \/>\t\t\t\t\t\t\t\t\t\t\t\t\t\t\t<\/div>\n\t\t\t\t<\/div>\n\t\t\t\t\t<\/div>\n\t\t\t\t<\/div>\n\t\t\t\t<\/div>","protected":false},"excerpt":{"rendered":"<p>Pol\u00edtica de cookies En el sitio web de M. Concepci\u00f3n Probanza Arrizabalaga utilizamos cookies para mejorar la experiencia&#8230;<\/p>","protected":false},"author":2,"featured_media":0,"parent":0,"menu_order":42,"comment_status":"closed","ping_status":"closed","template":"elementor_theme","meta":{"_acf_changed":false,"footnotes":""},"class_list":["post-30092","page","type-page","status-publish","hentry"],"acf":[],"yoast_head":"<!-- This site is optimized with the Yoast SEO plugin v25.6 - https:\/\/yoast.com\/wordpress\/plugins\/seo\/ -->\n<title>Pol\u00edtica de cookies - Concetta Probanza<\/title>\n<meta name=\"robots\" content=\"index, follow, max-snippet:-1, max-image-preview:large, max-video-preview:-1\" \/>\n<link rel=\"canonical\" href=\"https:\/\/concettaprobanza.com\/eu\/politica-de-cookies\/\" \/>\n<meta property=\"og:locale\" content=\"en_US\" \/>\n<meta property=\"og:type\" content=\"article\" \/>\n<meta property=\"og:title\" content=\"Pol\u00edtica de cookies - Concetta Probanza\" \/>\n<meta property=\"og:description\" content=\"Pol\u00edtica de cookies En el sitio web de M. Concepci\u00f3n Probanza Arrizabalaga utilizamos cookies para mejorar la experiencia...\" \/>\n<meta property=\"og:url\" content=\"https:\/\/concettaprobanza.com\/eu\/politica-de-cookies\/\" \/>\n<meta property=\"og:site_name\" content=\"Concetta Probanza\" \/>\n<meta property=\"article:modified_time\" content=\"2025-04-04T12:34:39+00:00\" \/>\n<meta property=\"og:image\" content=\"https:\/\/concettaprobanza.live-website.com\/wp-content\/uploads\/2025\/04\/CONBANDERA_KITDIGITAL-1024x96-1.png.webp\" \/>\n<meta name=\"twitter:card\" content=\"summary_large_image\" \/>\n<meta name=\"twitter:label1\" content=\"Est. reading time\" \/>\n\t<meta name=\"twitter:data1\" content=\"3 minutua\" \/>\n<script type=\"application\/ld+json\" class=\"yoast-schema-graph\">{\"@context\":\"https:\/\/schema.org\",\"@graph\":[{\"@type\":\"WebPage\",\"@id\":\"https:\/\/concettaprobanza.com\/politica-de-cookies\/\",\"url\":\"https:\/\/concettaprobanza.com\/politica-de-cookies\/\",\"name\":\"Pol\u00edtica de cookies - Concetta Probanza\",\"isPartOf\":{\"@id\":\"https:\/\/concettaprobanza.com\/#website\"},\"primaryImageOfPage\":{\"@id\":\"https:\/\/concettaprobanza.com\/politica-de-cookies\/#primaryimage\"},\"image\":{\"@id\":\"https:\/\/concettaprobanza.com\/politica-de-cookies\/#primaryimage\"},\"thumbnailUrl\":\"https:\/\/concettaprobanza.live-website.com\/wp-content\/uploads\/2025\/04\/CONBANDERA_KITDIGITAL-1024x96-1.png.webp\",\"datePublished\":\"2025-04-04T09:54:29+00:00\",\"dateModified\":\"2025-04-04T12:34:39+00:00\",\"breadcrumb\":{\"@id\":\"https:\/\/concettaprobanza.com\/politica-de-cookies\/#breadcrumb\"},\"inLanguage\":\"eu\",\"potentialAction\":[{\"@type\":\"ReadAction\",\"target\":[\"https:\/\/concettaprobanza.com\/politica-de-cookies\/\"]}]},{\"@type\":\"ImageObject\",\"inLanguage\":\"eu\",\"@id\":\"https:\/\/concettaprobanza.com\/politica-de-cookies\/#primaryimage\",\"url\":\"https:\/\/concettaprobanza.live-website.com\/wp-content\/uploads\/2025\/04\/CONBANDERA_KITDIGITAL-1024x96-1.png.webp\",\"contentUrl\":\"https:\/\/concettaprobanza.live-website.com\/wp-content\/uploads\/2025\/04\/CONBANDERA_KITDIGITAL-1024x96-1.png.webp\"},{\"@type\":\"BreadcrumbList\",\"@id\":\"https:\/\/concettaprobanza.com\/politica-de-cookies\/#breadcrumb\",\"itemListElement\":[{\"@type\":\"ListItem\",\"position\":1,\"name\":\"Portada\",\"item\":\"https:\/\/concettaprobanza.com\/\"},{\"@type\":\"ListItem\",\"position\":2,\"name\":\"Pol\u00edtica de cookies\"}]},{\"@type\":\"WebSite\",\"@id\":\"https:\/\/concettaprobanza.com\/#website\",\"url\":\"https:\/\/concettaprobanza.com\/\",\"name\":\"Concetta Probanza\",\"description\":\"Concetta Probanza es una ilustradora con formaci\u00f3n en Bellas Artes y grabado, cuya trayectoria lo llev\u00f3 del lienzo y la madera al mundo editorial y el arte digital. Sus ilustraciones, llenas de detalle y sensibilidad, evocan los paisajes y culturas que descubri\u00f3 en sus viajes por Senegal, Camer\u00fan, Indonesia y Jap\u00f3n.\",\"potentialAction\":[{\"@type\":\"SearchAction\",\"target\":{\"@type\":\"EntryPoint\",\"urlTemplate\":\"https:\/\/concettaprobanza.com\/?s={search_term_string}\"},\"query-input\":{\"@type\":\"PropertyValueSpecification\",\"valueRequired\":true,\"valueName\":\"search_term_string\"}}],\"inLanguage\":\"eu\"}]}<\/script>\n<!-- \/ Yoast SEO plugin. -->","yoast_head_json":{"title":"Pol\u00edtica de cookies - Concetta Probanza","robots":{"index":"index","follow":"follow","max-snippet":"max-snippet:-1","max-image-preview":"max-image-preview:large","max-video-preview":"max-video-preview:-1"},"canonical":"https:\/\/concettaprobanza.com\/eu\/politica-de-cookies\/","og_locale":"en_US","og_type":"article","og_title":"Pol\u00edtica de cookies - Concetta Probanza","og_description":"Pol\u00edtica de cookies En el sitio web de M. Concepci\u00f3n Probanza Arrizabalaga utilizamos cookies para mejorar la experiencia...","og_url":"https:\/\/concettaprobanza.com\/eu\/politica-de-cookies\/","og_site_name":"Concetta Probanza","article_modified_time":"2025-04-04T12:34:39+00:00","og_image":[{"url":"https:\/\/concettaprobanza.live-website.com\/wp-content\/uploads\/2025\/04\/CONBANDERA_KITDIGITAL-1024x96-1.png.webp","type":"","width":"","height":""}],"twitter_card":"summary_large_image","twitter_misc":{"Est. reading time":"3 minutua"},"schema":{"@context":"https:\/\/schema.org","@graph":[{"@type":"WebPage","@id":"https:\/\/concettaprobanza.com\/politica-de-cookies\/","url":"https:\/\/concettaprobanza.com\/politica-de-cookies\/","name":"Pol\u00edtica de cookies - Concetta Probanza","isPartOf":{"@id":"https:\/\/concettaprobanza.com\/#website"},"primaryImageOfPage":{"@id":"https:\/\/concettaprobanza.com\/politica-de-cookies\/#primaryimage"},"image":{"@id":"https:\/\/concettaprobanza.com\/politica-de-cookies\/#primaryimage"},"thumbnailUrl":"https:\/\/concettaprobanza.live-website.com\/wp-content\/uploads\/2025\/04\/CONBANDERA_KITDIGITAL-1024x96-1.png.webp","datePublished":"2025-04-04T09:54:29+00:00","dateModified":"2025-04-04T12:34:39+00:00","breadcrumb":{"@id":"https:\/\/concettaprobanza.com\/politica-de-cookies\/#breadcrumb"},"inLanguage":"eu","potentialAction":[{"@type":"ReadAction","target":["https:\/\/concettaprobanza.com\/politica-de-cookies\/"]}]},{"@type":"ImageObject","inLanguage":"eu","@id":"https:\/\/concettaprobanza.com\/politica-de-cookies\/#primaryimage","url":"https:\/\/concettaprobanza.live-website.com\/wp-content\/uploads\/2025\/04\/CONBANDERA_KITDIGITAL-1024x96-1.png.webp","contentUrl":"https:\/\/concettaprobanza.live-website.com\/wp-content\/uploads\/2025\/04\/CONBANDERA_KITDIGITAL-1024x96-1.png.webp"},{"@type":"BreadcrumbList","@id":"https:\/\/concettaprobanza.com\/politica-de-cookies\/#breadcrumb","itemListElement":[{"@type":"ListItem","position":1,"name":"Portada","item":"https:\/\/concettaprobanza.com\/"},{"@type":"ListItem","position":2,"name":"Pol\u00edtica de cookies"}]},{"@type":"WebSite","@id":"https:\/\/concettaprobanza.com\/#website","url":"https:\/\/concettaprobanza.com\/","name":"Concetta Probanza","description":"Concetta Probanza es una ilustradora con formaci\u00f3n en Bellas Artes y grabado, cuya trayectoria lo llev\u00f3 del lienzo y la madera al mundo editorial y el arte digital. Sus ilustraciones, llenas de detalle y sensibilidad, evocan los paisajes y culturas que descubri\u00f3 en sus viajes por Senegal, Camer\u00fan, Indonesia y Jap\u00f3n.","potentialAction":[{"@type":"SearchAction","target":{"@type":"EntryPoint","urlTemplate":"https:\/\/concettaprobanza.com\/?s={search_term_string}"},"query-input":{"@type":"PropertyValueSpecification","valueRequired":true,"valueName":"search_term_string"}}],"inLanguage":"eu"}]}},"_links":{"self":[{"href":"https:\/\/concettaprobanza.com\/eu\/wp-json\/wp\/v2\/pages\/30092","targetHints":{"allow":["GET"]}}],"collection":[{"href":"https:\/\/concettaprobanza.com\/eu\/wp-json\/wp\/v2\/pages"}],"about":[{"href":"https:\/\/concettaprobanza.com\/eu\/wp-json\/wp\/v2\/types\/page"}],"author":[{"embeddable":true,"href":"https:\/\/concettaprobanza.com\/eu\/wp-json\/wp\/v2\/users\/2"}],"replies":[{"embeddable":true,"href":"https:\/\/concettaprobanza.com\/eu\/wp-json\/wp\/v2\/comments?post=30092"}],"version-history":[{"count":0,"href":"https:\/\/concettaprobanza.com\/eu\/wp-json\/wp\/v2\/pages\/30092\/revisions"}],"wp:attachment":[{"href":"https:\/\/concettaprobanza.com\/eu\/wp-json\/wp\/v2\/media?parent=30092"}],"curies":[{"name":"wp","href":"https:\/\/api.w.org\/{rel}","templated":true}]}}