{"id":30104,"date":"2025-04-04T10:03:39","date_gmt":"2025-04-04T10:03:39","guid":{"rendered":"https:\/\/ultbit.com\/concetta\/?page_id=30104"},"modified":"2025-04-04T12:34:58","modified_gmt":"2025-04-04T12:34:58","slug":"aviso-legal","status":"publish","type":"page","link":"https:\/\/concettaprobanza.com\/eu\/aviso-legal\/","title":{"rendered":"Lege-oharra"},"content":{"rendered":"<div data-elementor-type=\"wp-post\" data-elementor-id=\"30104\" class=\"elementor elementor-30104\" data-elementor-post-type=\"page\">\n\t\t\t\t\t\t<section class=\"elementor-section elementor-top-section elementor-element elementor-element-5c2128d elementor-section-boxed elementor-section-height-default elementor-section-height-default neuron-fixed-no\" data-id=\"5c2128d\" data-element_type=\"section\">\n\t\t\t\t\t\t<div class=\"elementor-container elementor-column-gap-default\">\n\t\t\t\t\t<div class=\"elementor-column elementor-col-100 elementor-top-column elementor-element elementor-element-659d66a\" data-id=\"659d66a\" data-element_type=\"column\">\n\t\t\t<div class=\"elementor-widget-wrap elementor-element-populated\">\n\t\t\t\t\t\t<div class=\"elementor-element elementor-element-27e3900 elementor-widget elementor-widget-heading\" data-id=\"27e3900\" data-element_type=\"widget\" data-widget_type=\"heading.default\">\n\t\t\t\t<div class=\"elementor-widget-container\">\n\t\t\t\t\t<h3 class=\"elementor-heading-title elementor-size-default\">Lege-oharra<\/h3>\t\t\t\t<\/div>\n\t\t\t\t<\/div>\n\t\t\t\t<div class=\"elementor-element elementor-element-103404f elementor-widget-divider--view-line elementor-widget elementor-widget-divider\" data-id=\"103404f\" data-element_type=\"widget\" data-widget_type=\"divider.default\">\n\t\t\t\t<div class=\"elementor-widget-container\">\n\t\t\t\t\t\t\t<div class=\"elementor-divider\">\n\t\t\t<span class=\"elementor-divider-separator\">\n\t\t\t\t\t\t<\/span>\n\t\t<\/div>\n\t\t\t\t\t\t<\/div>\n\t\t\t\t<\/div>\n\t\t\t\t<div class=\"elementor-element elementor-element-1f8b205 elementor-widget elementor-widget-text-editor\" data-id=\"1f8b205\" data-element_type=\"widget\" data-widget_type=\"text-editor.default\">\n\t\t\t\t<div class=\"elementor-widget-container\">\n\t\t\t\t\t\t\t\t\t<p>Betetzen xedapen 34\/2002 Legea, uztailaren 11ko Informazioaren Gizartearen Zerbitzu eta Merkataritza Elektronikoaren (LSSI-CE), jakinarazten dizugu, honako lege honen alderdi web orrian:<\/p><p>\u00a0<\/p><h4>Jabetza Webgune<\/h4><p><strong>Gizarte arrazoia: <\/strong>M. Concepci\u00f3n Probanza Arrizabalaga<\/p><p><strong>IFK: <\/strong>72574795C<\/p><p><strong>Helbidea zerga eta gizarte:<\/strong> Kalean Ward 9 Maicas (Teruel) 44791<\/p><p><strong>E-mail:<\/strong><\/p><p class=\"p1\"><span class=\"s1\"><a href=\"mailto:cprobanza@yahoo.es\">cprobanza@yahoo.es<\/a><\/span><\/p><p>\u00a0<\/p><h4>Erabilera-baldintzak<\/h4><p>Sarbidea eta erabilera web gune M. Concepci\u00f3n Probanza Arrizabalaga atributuak baldintza erabiltzaile eta dakar osoa eta unreserved onartzea eta bakoitza xedapen honetan jasotako Lege-Oharra-en bertsioa argitaratu M. Concepci\u00f3n Probanza Arrizabalaga une berean, erabiltzaileak sartzen webgunean.<\/p><p>\u00a0<\/p><h4>Jabetza intelektuala eta Industriala<\/h4><p>Eduki guztiak webgunean, zein da ulertu, baina ez mugatuta, testua, argazkiak, grafikoak, irudiak, ikonoak, teknologia, softwarea, eta beste ikus-entzunezko edo soinu edukia da, bai eta bere diseinu grafikoa eta iturri-kodeak dira, jabetza intelektuala M. Concepci\u00f3n Probanza Arrizabalaga, gabe transferitu erabiltzaileak ez ustiatzeko eskubide horien gaineko haratago zer da, guztiz beharrezkoa zuzena web gunearen erabilera.<\/p><p>\u00a0<\/p><h4>Datuen babesa<\/h4><p>M. Concepci\u00f3n Probanza Arrizabalaga betetzen du gaur egungo araudia datuak babesteko, eta bermatzen du kudeaketa zuzena duten datu pertsonalak izan daiteke bildutako bidez kontaktu inprimakiak, web gunean, ezarritakoaren arabera Araudia (EB) 2016\/679 (General Datuak Babesteko Araudia).<\/p><p>\u00a0<\/p><h4>Erantzukizun Edukiak<\/h4><p>M. Concepci\u00f3n Probanza Arrizabalaga ez da erantzule legezkotasuna beste hirugarren web bertatik sar duzu webgune honetan. Ez du erantzukizunik izango legezkotasuna beste hirugarren web lotu ahal izango dira, edo lotutako web gune honetan.<\/p><p>\u00a0<\/p><h4>Legeria aplikagarria eta Jurisdikzioa<\/h4><p>Arteko harremana M. Concepci\u00f3n Probanza Arrizabalaga eta erabiltzailearen arabera arautuko da, gaur egungo espainiako araudia eta edozein gatazka aurkeztu ahal izango du Epaitegi eta Auzitegien Teruel, ez baldin bada lege aplikagarriak ematen du bestela.<\/p><hr \/><p>Informazio gehiago lortzeko edo edozein zalantza buruzko Lege Ohar honetan, mesedez, jar zaitez gurekin harremanetan e-mail bidez: <a class=\"css-1rn59kg\" title=\"mailto:cprobanza@yahoo.es\" href=\"mailto:cprobanza@yahoo.es\" data-testid=\"link-with-safety\" data-renderer-mark=\"true\">cprobanza@yahoo.es<\/a><\/p>\t\t\t\t\t\t\t\t<\/div>\n\t\t\t\t<\/div>\n\t\t\t\t\t<\/div>\n\t\t<\/div>\n\t\t\t\t\t<\/div>\n\t\t<\/section>\n\t\t<div class=\"elementor-element elementor-element-10c68c2 e-flex e-con-boxed neuron-fixed-no e-con e-parent\" data-id=\"10c68c2\" data-element_type=\"container\">\n\t\t\t\t\t<div class=\"e-con-inner\">\n\t\t\t\t<div class=\"elementor-element elementor-element-39702c4 elementor-icon-list--layout-inline elementor-align-center elementor-list-item-link-full_width elementor-widget elementor-widget-icon-list\" data-id=\"39702c4\" data-element_type=\"widget\" data-widget_type=\"icon-list.default\">\n\t\t\t\t<div class=\"elementor-widget-container\">\n\t\t\t\t\t\t\t<ul class=\"elementor-icon-list-items elementor-inline-items\">\n\t\t\t\t\t\t\t<li class=\"elementor-icon-list-item elementor-inline-item\">\n\t\t\t\t\t\t\t\t\t\t\t<a href=\"https:\/\/concettaprobanza.live-website.com\/aviso-legal\">\n\n\t\t\t\t\t\t\t\t\t\t\t<span class=\"elementor-icon-list-text\">Lege-oharra<\/span>\n\t\t\t\t\t\t\t\t\t\t\t<\/a>\n\t\t\t\t\t\t\t\t\t<\/li>\n\t\t\t\t\t\t\t\t<li class=\"elementor-icon-list-item elementor-inline-item\">\n\t\t\t\t\t\t\t\t\t\t\t<a href=\"https:\/\/concettaprobanza.live-website.com\/politica-de-cookies\">\n\n\t\t\t\t\t\t\t\t\t\t\t<span class=\"elementor-icon-list-text\">Cookien politika<\/span>\n\t\t\t\t\t\t\t\t\t\t\t<\/a>\n\t\t\t\t\t\t\t\t\t<\/li>\n\t\t\t\t\t\t\t\t<li class=\"elementor-icon-list-item elementor-inline-item\">\n\t\t\t\t\t\t\t\t\t\t\t<a href=\"https:\/\/concettaprobanza.live-website.com\/terminos-y-condiciones\">\n\n\t\t\t\t\t\t\t\t\t\t\t<span class=\"elementor-icon-list-text\">Zehaztapenak eta baldintzak<\/span>\n\t\t\t\t\t\t\t\t\t\t\t<\/a>\n\t\t\t\t\t\t\t\t\t<\/li>\n\t\t\t\t\t\t<\/ul>\n\t\t\t\t\t\t<\/div>\n\t\t\t\t<\/div>\n\t\t\t\t<div class=\"elementor-element elementor-element-9ef9ff6 elementor-widget elementor-widget-image\" data-id=\"9ef9ff6\" data-element_type=\"widget\" data-widget_type=\"image.default\">\n\t\t\t\t<div class=\"elementor-widget-container\">\n\t\t\t\t\t\t\t\t\t\t\t\t\t\t\t<img fetchpriority=\"high\" decoding=\"async\" width=\"1024\" height=\"96\" src=\"https:\/\/concettaprobanza.com\/wp-content\/uploads\/2025\/04\/CONBANDERA_KITDIGITAL-1024x96-1.png.webp\" class=\"attachment-large size-large wp-image-30151\" alt=\"\" srcset=\"https:\/\/concettaprobanza.com\/wp-content\/uploads\/2025\/04\/CONBANDERA_KITDIGITAL-1024x96-1.png.webp 1024w, https:\/\/concettaprobanza.com\/wp-content\/uploads\/2025\/04\/CONBANDERA_KITDIGITAL-1024x96-1.png-300x28.webp 300w, https:\/\/concettaprobanza.com\/wp-content\/uploads\/2025\/04\/CONBANDERA_KITDIGITAL-1024x96-1.png-768x72.webp 768w, https:\/\/concettaprobanza.com\/wp-content\/uploads\/2025\/04\/CONBANDERA_KITDIGITAL-1024x96-1.png-600x56.webp 600w\" sizes=\"(max-width: 1024px) 100vw, 1024px\" \/>\t\t\t\t\t\t\t\t\t\t\t\t\t\t\t<\/div>\n\t\t\t\t<\/div>\n\t\t\t\t\t<\/div>\n\t\t\t\t<\/div>\n\t\t\t\t<\/div>","protected":false},"excerpt":{"rendered":"<p>Aviso legal En cumplimiento con lo dispuesto en la Ley 34\/2002, de 11 de julio, de Servicios de&#8230;<\/p>","protected":false},"author":2,"featured_media":0,"parent":0,"menu_order":42,"comment_status":"closed","ping_status":"closed","template":"elementor_theme","meta":{"_acf_changed":false,"footnotes":""},"class_list":["post-30104","page","type-page","status-publish","hentry"],"acf":[],"yoast_head":"<!-- This site is optimized with the Yoast SEO plugin v25.6 - https:\/\/yoast.com\/wordpress\/plugins\/seo\/ -->\n<title>Aviso legal - Concetta Probanza<\/title>\n<meta name=\"robots\" content=\"index, follow, max-snippet:-1, max-image-preview:large, max-video-preview:-1\" \/>\n<link rel=\"canonical\" href=\"https:\/\/concettaprobanza.com\/eu\/aviso-legal\/\" \/>\n<meta property=\"og:locale\" content=\"en_US\" \/>\n<meta property=\"og:type\" content=\"article\" \/>\n<meta property=\"og:title\" content=\"Aviso legal - Concetta Probanza\" \/>\n<meta property=\"og:description\" content=\"Aviso legal En cumplimiento con lo dispuesto en la Ley 34\/2002, de 11 de julio, de Servicios de...\" \/>\n<meta property=\"og:url\" content=\"https:\/\/concettaprobanza.com\/eu\/aviso-legal\/\" \/>\n<meta property=\"og:site_name\" content=\"Concetta Probanza\" \/>\n<meta property=\"article:modified_time\" content=\"2025-04-04T12:34:58+00:00\" \/>\n<meta property=\"og:image\" content=\"https:\/\/concettaprobanza.live-website.com\/wp-content\/uploads\/2025\/04\/CONBANDERA_KITDIGITAL-1024x96-1.png.webp\" \/>\n<meta name=\"twitter:card\" content=\"summary_large_image\" \/>\n<meta name=\"twitter:label1\" content=\"Est. reading time\" \/>\n\t<meta name=\"twitter:data1\" content=\"2 minutua\" \/>\n<script type=\"application\/ld+json\" class=\"yoast-schema-graph\">{\"@context\":\"https:\/\/schema.org\",\"@graph\":[{\"@type\":\"WebPage\",\"@id\":\"https:\/\/concettaprobanza.com\/aviso-legal\/\",\"url\":\"https:\/\/concettaprobanza.com\/aviso-legal\/\",\"name\":\"Aviso legal - Concetta Probanza\",\"isPartOf\":{\"@id\":\"https:\/\/concettaprobanza.com\/#website\"},\"primaryImageOfPage\":{\"@id\":\"https:\/\/concettaprobanza.com\/aviso-legal\/#primaryimage\"},\"image\":{\"@id\":\"https:\/\/concettaprobanza.com\/aviso-legal\/#primaryimage\"},\"thumbnailUrl\":\"https:\/\/concettaprobanza.live-website.com\/wp-content\/uploads\/2025\/04\/CONBANDERA_KITDIGITAL-1024x96-1.png.webp\",\"datePublished\":\"2025-04-04T10:03:39+00:00\",\"dateModified\":\"2025-04-04T12:34:58+00:00\",\"breadcrumb\":{\"@id\":\"https:\/\/concettaprobanza.com\/aviso-legal\/#breadcrumb\"},\"inLanguage\":\"eu\",\"potentialAction\":[{\"@type\":\"ReadAction\",\"target\":[\"https:\/\/concettaprobanza.com\/aviso-legal\/\"]}]},{\"@type\":\"ImageObject\",\"inLanguage\":\"eu\",\"@id\":\"https:\/\/concettaprobanza.com\/aviso-legal\/#primaryimage\",\"url\":\"https:\/\/concettaprobanza.live-website.com\/wp-content\/uploads\/2025\/04\/CONBANDERA_KITDIGITAL-1024x96-1.png.webp\",\"contentUrl\":\"https:\/\/concettaprobanza.live-website.com\/wp-content\/uploads\/2025\/04\/CONBANDERA_KITDIGITAL-1024x96-1.png.webp\"},{\"@type\":\"BreadcrumbList\",\"@id\":\"https:\/\/concettaprobanza.com\/aviso-legal\/#breadcrumb\",\"itemListElement\":[{\"@type\":\"ListItem\",\"position\":1,\"name\":\"Portada\",\"item\":\"https:\/\/concettaprobanza.com\/\"},{\"@type\":\"ListItem\",\"position\":2,\"name\":\"Aviso legal\"}]},{\"@type\":\"WebSite\",\"@id\":\"https:\/\/concettaprobanza.com\/#website\",\"url\":\"https:\/\/concettaprobanza.com\/\",\"name\":\"Concetta Probanza\",\"description\":\"Concetta Probanza es una ilustradora con formaci\u00f3n en Bellas Artes y grabado, cuya trayectoria lo llev\u00f3 del lienzo y la madera al mundo editorial y el arte digital. Sus ilustraciones, llenas de detalle y sensibilidad, evocan los paisajes y culturas que descubri\u00f3 en sus viajes por Senegal, Camer\u00fan, Indonesia y Jap\u00f3n.\",\"potentialAction\":[{\"@type\":\"SearchAction\",\"target\":{\"@type\":\"EntryPoint\",\"urlTemplate\":\"https:\/\/concettaprobanza.com\/?s={search_term_string}\"},\"query-input\":{\"@type\":\"PropertyValueSpecification\",\"valueRequired\":true,\"valueName\":\"search_term_string\"}}],\"inLanguage\":\"eu\"}]}<\/script>\n<!-- \/ Yoast SEO plugin. -->","yoast_head_json":{"title":"Aviso legal - Concetta Probanza","robots":{"index":"index","follow":"follow","max-snippet":"max-snippet:-1","max-image-preview":"max-image-preview:large","max-video-preview":"max-video-preview:-1"},"canonical":"https:\/\/concettaprobanza.com\/eu\/aviso-legal\/","og_locale":"en_US","og_type":"article","og_title":"Aviso legal - Concetta Probanza","og_description":"Aviso legal En cumplimiento con lo dispuesto en la Ley 34\/2002, de 11 de julio, de Servicios de...","og_url":"https:\/\/concettaprobanza.com\/eu\/aviso-legal\/","og_site_name":"Concetta Probanza","article_modified_time":"2025-04-04T12:34:58+00:00","og_image":[{"url":"https:\/\/concettaprobanza.live-website.com\/wp-content\/uploads\/2025\/04\/CONBANDERA_KITDIGITAL-1024x96-1.png.webp","type":"","width":"","height":""}],"twitter_card":"summary_large_image","twitter_misc":{"Est. reading time":"2 minutua"},"schema":{"@context":"https:\/\/schema.org","@graph":[{"@type":"WebPage","@id":"https:\/\/concettaprobanza.com\/aviso-legal\/","url":"https:\/\/concettaprobanza.com\/aviso-legal\/","name":"Aviso legal - Concetta Probanza","isPartOf":{"@id":"https:\/\/concettaprobanza.com\/#website"},"primaryImageOfPage":{"@id":"https:\/\/concettaprobanza.com\/aviso-legal\/#primaryimage"},"image":{"@id":"https:\/\/concettaprobanza.com\/aviso-legal\/#primaryimage"},"thumbnailUrl":"https:\/\/concettaprobanza.live-website.com\/wp-content\/uploads\/2025\/04\/CONBANDERA_KITDIGITAL-1024x96-1.png.webp","datePublished":"2025-04-04T10:03:39+00:00","dateModified":"2025-04-04T12:34:58+00:00","breadcrumb":{"@id":"https:\/\/concettaprobanza.com\/aviso-legal\/#breadcrumb"},"inLanguage":"eu","potentialAction":[{"@type":"ReadAction","target":["https:\/\/concettaprobanza.com\/aviso-legal\/"]}]},{"@type":"ImageObject","inLanguage":"eu","@id":"https:\/\/concettaprobanza.com\/aviso-legal\/#primaryimage","url":"https:\/\/concettaprobanza.live-website.com\/wp-content\/uploads\/2025\/04\/CONBANDERA_KITDIGITAL-1024x96-1.png.webp","contentUrl":"https:\/\/concettaprobanza.live-website.com\/wp-content\/uploads\/2025\/04\/CONBANDERA_KITDIGITAL-1024x96-1.png.webp"},{"@type":"BreadcrumbList","@id":"https:\/\/concettaprobanza.com\/aviso-legal\/#breadcrumb","itemListElement":[{"@type":"ListItem","position":1,"name":"Portada","item":"https:\/\/concettaprobanza.com\/"},{"@type":"ListItem","position":2,"name":"Aviso legal"}]},{"@type":"WebSite","@id":"https:\/\/concettaprobanza.com\/#website","url":"https:\/\/concettaprobanza.com\/","name":"Concetta Probanza","description":"Concetta Probanza es una ilustradora con formaci\u00f3n en Bellas Artes y grabado, cuya trayectoria lo llev\u00f3 del lienzo y la madera al mundo editorial y el arte digital. Sus ilustraciones, llenas de detalle y sensibilidad, evocan los paisajes y culturas que descubri\u00f3 en sus viajes por Senegal, Camer\u00fan, Indonesia y Jap\u00f3n.","potentialAction":[{"@type":"SearchAction","target":{"@type":"EntryPoint","urlTemplate":"https:\/\/concettaprobanza.com\/?s={search_term_string}"},"query-input":{"@type":"PropertyValueSpecification","valueRequired":true,"valueName":"search_term_string"}}],"inLanguage":"eu"}]}},"_links":{"self":[{"href":"https:\/\/concettaprobanza.com\/eu\/wp-json\/wp\/v2\/pages\/30104","targetHints":{"allow":["GET"]}}],"collection":[{"href":"https:\/\/concettaprobanza.com\/eu\/wp-json\/wp\/v2\/pages"}],"about":[{"href":"https:\/\/concettaprobanza.com\/eu\/wp-json\/wp\/v2\/types\/page"}],"author":[{"embeddable":true,"href":"https:\/\/concettaprobanza.com\/eu\/wp-json\/wp\/v2\/users\/2"}],"replies":[{"embeddable":true,"href":"https:\/\/concettaprobanza.com\/eu\/wp-json\/wp\/v2\/comments?post=30104"}],"version-history":[{"count":0,"href":"https:\/\/concettaprobanza.com\/eu\/wp-json\/wp\/v2\/pages\/30104\/revisions"}],"wp:attachment":[{"href":"https:\/\/concettaprobanza.com\/eu\/wp-json\/wp\/v2\/media?parent=30104"}],"curies":[{"name":"wp","href":"https:\/\/api.w.org\/{rel}","templated":true}]}}