{"id":30227,"date":"2025-04-08T12:40:46","date_gmt":"2025-04-08T12:40:46","guid":{"rendered":"https:\/\/concettaprobanza.live-website.com\/?page_id=30227"},"modified":"2026-04-15T14:00:18","modified_gmt":"2026-04-15T14:00:18","slug":"ilustraciones","status":"publish","type":"page","link":"https:\/\/concettaprobanza.com\/eu\/ilustraciones\/","title":{"rendered":"Ilustrazioak"},"content":{"rendered":"<div data-elementor-type=\"wp-post\" data-elementor-id=\"30227\" class=\"elementor elementor-30227\" data-elementor-post-type=\"page\">\n\t\t\t\t\t\t<section class=\"elementor-section elementor-top-section elementor-element elementor-element-274baea7 elementor-section-full_width elementor-section-height-default elementor-section-height-default neuron-fixed-no\" data-id=\"274baea7\" data-element_type=\"section\">\n\t\t\t\t\t\t<div class=\"elementor-container elementor-column-gap-no\">\n\t\t\t\t\t<div class=\"elementor-column elementor-col-100 elementor-top-column elementor-element elementor-element-763641f\" data-id=\"763641f\" data-element_type=\"column\">\n\t\t\t<div class=\"elementor-widget-wrap elementor-element-populated\">\n\t\t\t\t<div class=\"elementor-element elementor-element-5aeb986 e-grid e-con-boxed neuron-fixed-no e-con e-parent\" data-id=\"5aeb986\" data-element_type=\"container\">\n\t\t\t\t\t<div class=\"e-con-inner\">\n\t\t<div class=\"elementor-element elementor-element-8780ff1 e-con-full e-flex neuron-fixed-no e-con e-child\" data-id=\"8780ff1\" data-element_type=\"container\">\n\t\t\t\t<div class=\"elementor-element elementor-element-745e2c1 hover-trigger elementor-widget elementor-widget-image\" data-id=\"745e2c1\" data-element_type=\"widget\" data-widget_type=\"image.default\">\n\t\t\t\t<div class=\"elementor-widget-container\">\n\t\t\t\t\t\t\t\t\t\t\t\t\t\t\t\t<a href=\"https:\/\/concettaprobanza.com\/eu\/libros\/\" aria-label=\"Liburuak\">\n\t\t\t\t\t\t\t<img fetchpriority=\"high\" decoding=\"async\" width=\"652\" height=\"652\" src=\"https:\/\/concettaprobanza.com\/wp-content\/uploads\/2025\/04\/01.Libros.jpg\" class=\"attachment-full size-full wp-image-30229\" alt=\"\" srcset=\"https:\/\/concettaprobanza.com\/wp-content\/uploads\/2025\/04\/01.Libros.jpg 652w, https:\/\/concettaprobanza.com\/wp-content\/uploads\/2025\/04\/01.Libros-300x300.jpg 300w, https:\/\/concettaprobanza.com\/wp-content\/uploads\/2025\/04\/01.Libros-150x150.jpg 150w, https:\/\/concettaprobanza.com\/wp-content\/uploads\/2025\/04\/01.Libros-12x12.jpg 12w, https:\/\/concettaprobanza.com\/wp-content\/uploads\/2025\/04\/01.Libros-500x500.jpg 500w, https:\/\/concettaprobanza.com\/wp-content\/uploads\/2025\/04\/01.Libros-600x600.jpg 600w, https:\/\/concettaprobanza.com\/wp-content\/uploads\/2025\/04\/01.Libros-100x100.jpg 100w\" sizes=\"(max-width: 652px) 100vw, 652px\" \/>\t\t\t\t\t\t\t\t<\/a>\n\t\t\t\t\t\t\t\t\t\t\t\t\t\t\t<\/div>\n\t\t\t\t<\/div>\n\t\t<div class=\"elementor-element elementor-element-a2bcb20 e-con-full hover-target e-flex neuron-fixed-no e-con e-child\" data-id=\"a2bcb20\" data-element_type=\"container\" data-settings=\"{&quot;background_background&quot;:&quot;classic&quot;}\">\n\t\t\t\t<div class=\"elementor-element elementor-element-7eeeb25 elementor-widget elementor-widget-heading\" data-id=\"7eeeb25\" data-element_type=\"widget\" data-widget_type=\"heading.default\">\n\t\t\t\t<div class=\"elementor-widget-container\">\n\t\t\t\t\t<h2 class=\"elementor-heading-title elementor-size-default\"><a href=\"https:\/\/concettaprobanza.com\/eu\/libros\/\" aria-label=\"libros1\">Liburuak<\/a><\/h2>\t\t\t\t<\/div>\n\t\t\t\t<\/div>\n\t\t\t\t<\/div>\n\t\t\t\t<\/div>\n\t\t<div class=\"elementor-element elementor-element-87970cd e-con-full e-flex neuron-fixed-no e-con e-child\" data-id=\"87970cd\" data-element_type=\"container\">\n\t\t\t\t<div class=\"elementor-element elementor-element-fb2fa10 hover-trigger elementor-widget elementor-widget-image\" data-id=\"fb2fa10\" data-element_type=\"widget\" data-widget_type=\"image.default\">\n\t\t\t\t<div class=\"elementor-widget-container\">\n\t\t\t\t\t\t\t\t\t\t\t\t\t\t\t\t<a href=\"https:\/\/concettaprobanza.com\/eu\/editorial\/\" aria-label=\"editorial\">\n\t\t\t\t\t\t\t<img decoding=\"async\" width=\"652\" height=\"652\" src=\"https:\/\/concettaprobanza.com\/wp-content\/uploads\/2025\/04\/05.Editorial.jpg\" class=\"attachment-large size-large wp-image-30234\" alt=\"\" srcset=\"https:\/\/concettaprobanza.com\/wp-content\/uploads\/2025\/04\/05.Editorial.jpg 652w, https:\/\/concettaprobanza.com\/wp-content\/uploads\/2025\/04\/05.Editorial-300x300.jpg 300w, https:\/\/concettaprobanza.com\/wp-content\/uploads\/2025\/04\/05.Editorial-150x150.jpg 150w, https:\/\/concettaprobanza.com\/wp-content\/uploads\/2025\/04\/05.Editorial-12x12.jpg 12w, https:\/\/concettaprobanza.com\/wp-content\/uploads\/2025\/04\/05.Editorial-500x500.jpg 500w, https:\/\/concettaprobanza.com\/wp-content\/uploads\/2025\/04\/05.Editorial-600x600.jpg 600w, https:\/\/concettaprobanza.com\/wp-content\/uploads\/2025\/04\/05.Editorial-100x100.jpg 100w\" sizes=\"(max-width: 652px) 100vw, 652px\" \/>\t\t\t\t\t\t\t\t<\/a>\n\t\t\t\t\t\t\t\t\t\t\t\t\t\t\t<\/div>\n\t\t\t\t<\/div>\n\t\t<div class=\"elementor-element elementor-element-1bc03ac e-con-full hover-target e-flex neuron-fixed-no e-con e-child\" data-id=\"1bc03ac\" data-element_type=\"container\" data-settings=\"{&quot;background_background&quot;:&quot;classic&quot;}\">\n\t\t\t\t<div class=\"elementor-element elementor-element-f7ef582 elementor-widget elementor-widget-heading\" data-id=\"f7ef582\" data-element_type=\"widget\" data-widget_type=\"heading.default\">\n\t\t\t\t<div class=\"elementor-widget-container\">\n\t\t\t\t\t<h2 class=\"elementor-heading-title elementor-size-default\"><a href=\"https:\/\/concettaprobanza.com\/eu\/editorial\/\" aria-label=\"editorial1\">Editorial<\/a><\/h2>\t\t\t\t<\/div>\n\t\t\t\t<\/div>\n\t\t\t\t<\/div>\n\t\t\t\t<\/div>\n\t\t<div class=\"elementor-element elementor-element-d115101 e-con-full e-flex neuron-fixed-no e-con e-child\" data-id=\"d115101\" data-element_type=\"container\">\n\t\t\t\t<div class=\"elementor-element elementor-element-f1781c1 hover-trigger elementor-widget elementor-widget-image\" data-id=\"f1781c1\" data-element_type=\"widget\" data-widget_type=\"image.default\">\n\t\t\t\t<div class=\"elementor-widget-container\">\n\t\t\t\t\t\t\t\t\t\t\t\t\t\t\t\t<a href=\"https:\/\/concettaprobanza.com\/eu\/carteles\/\" aria-label=\"carteles\">\n\t\t\t\t\t\t\t<img decoding=\"async\" width=\"652\" height=\"652\" src=\"https:\/\/concettaprobanza.com\/wp-content\/uploads\/2025\/04\/06.Carteles.jpg\" class=\"attachment-large size-large wp-image-30235\" alt=\"\" srcset=\"https:\/\/concettaprobanza.com\/wp-content\/uploads\/2025\/04\/06.Carteles.jpg 652w, https:\/\/concettaprobanza.com\/wp-content\/uploads\/2025\/04\/06.Carteles-300x300.jpg 300w, https:\/\/concettaprobanza.com\/wp-content\/uploads\/2025\/04\/06.Carteles-150x150.jpg 150w, https:\/\/concettaprobanza.com\/wp-content\/uploads\/2025\/04\/06.Carteles-12x12.jpg 12w, https:\/\/concettaprobanza.com\/wp-content\/uploads\/2025\/04\/06.Carteles-500x500.jpg 500w, https:\/\/concettaprobanza.com\/wp-content\/uploads\/2025\/04\/06.Carteles-600x600.jpg 600w, https:\/\/concettaprobanza.com\/wp-content\/uploads\/2025\/04\/06.Carteles-100x100.jpg 100w\" sizes=\"(max-width: 652px) 100vw, 652px\" \/>\t\t\t\t\t\t\t\t<\/a>\n\t\t\t\t\t\t\t\t\t\t\t\t\t\t\t<\/div>\n\t\t\t\t<\/div>\n\t\t<div class=\"elementor-element elementor-element-a474490 e-con-full hover-target e-flex neuron-fixed-no e-con e-child\" data-id=\"a474490\" data-element_type=\"container\" data-settings=\"{&quot;background_background&quot;:&quot;classic&quot;}\">\n\t\t\t\t<div class=\"elementor-element elementor-element-fd1d695 elementor-widget elementor-widget-heading\" data-id=\"fd1d695\" data-element_type=\"widget\" data-widget_type=\"heading.default\">\n\t\t\t\t<div class=\"elementor-widget-container\">\n\t\t\t\t\t<h2 class=\"elementor-heading-title elementor-size-default\"><a href=\"https:\/\/concettaprobanza.com\/eu\/carteles\/\" aria-label=\"carteles1\">Kartelak<\/a><\/h2>\t\t\t\t<\/div>\n\t\t\t\t<\/div>\n\t\t\t\t<\/div>\n\t\t\t\t<\/div>\n\t\t<div class=\"elementor-element elementor-element-a1af16e e-con-full e-flex neuron-fixed-no e-con e-child\" data-id=\"a1af16e\" data-element_type=\"container\">\n\t\t\t\t<div class=\"elementor-element elementor-element-e1db4ad hover-trigger elementor-widget elementor-widget-image\" data-id=\"e1db4ad\" data-element_type=\"widget\" data-widget_type=\"image.default\">\n\t\t\t\t<div class=\"elementor-widget-container\">\n\t\t\t\t\t\t\t\t\t\t\t\t\t\t\t\t<a href=\"https:\/\/concettaprobanza.com\/eu\/discos\/\" aria-label=\"discos\">\n\t\t\t\t\t\t\t<img loading=\"lazy\" decoding=\"async\" width=\"652\" height=\"652\" src=\"https:\/\/concettaprobanza.com\/wp-content\/uploads\/2025\/04\/07.Discos.jpg\" class=\"attachment-large size-large wp-image-30236\" alt=\"\" srcset=\"https:\/\/concettaprobanza.com\/wp-content\/uploads\/2025\/04\/07.Discos.jpg 652w, https:\/\/concettaprobanza.com\/wp-content\/uploads\/2025\/04\/07.Discos-300x300.jpg 300w, https:\/\/concettaprobanza.com\/wp-content\/uploads\/2025\/04\/07.Discos-150x150.jpg 150w, https:\/\/concettaprobanza.com\/wp-content\/uploads\/2025\/04\/07.Discos-12x12.jpg 12w, https:\/\/concettaprobanza.com\/wp-content\/uploads\/2025\/04\/07.Discos-500x500.jpg 500w, https:\/\/concettaprobanza.com\/wp-content\/uploads\/2025\/04\/07.Discos-600x600.jpg 600w, https:\/\/concettaprobanza.com\/wp-content\/uploads\/2025\/04\/07.Discos-100x100.jpg 100w\" sizes=\"(max-width: 652px) 100vw, 652px\" \/>\t\t\t\t\t\t\t\t<\/a>\n\t\t\t\t\t\t\t\t\t\t\t\t\t\t\t<\/div>\n\t\t\t\t<\/div>\n\t\t<div class=\"elementor-element elementor-element-7186d66 e-con-full hover-target e-flex neuron-fixed-no e-con e-child\" data-id=\"7186d66\" data-element_type=\"container\" data-settings=\"{&quot;background_background&quot;:&quot;classic&quot;}\">\n\t\t\t\t<div class=\"elementor-element elementor-element-b82cca5 elementor-widget elementor-widget-heading\" data-id=\"b82cca5\" data-element_type=\"widget\" data-widget_type=\"heading.default\">\n\t\t\t\t<div class=\"elementor-widget-container\">\n\t\t\t\t\t<h2 class=\"elementor-heading-title elementor-size-default\"><a href=\"https:\/\/concettaprobanza.com\/eu\/discos\/\" aria-label=\"discos1\">Diskoak<\/a><\/h2>\t\t\t\t<\/div>\n\t\t\t\t<\/div>\n\t\t\t\t<\/div>\n\t\t\t\t<\/div>\n\t\t<div class=\"elementor-element elementor-element-351b173 e-con-full e-flex neuron-fixed-no e-con e-child\" data-id=\"351b173\" data-element_type=\"container\">\n\t\t\t\t<div class=\"elementor-element elementor-element-961471f hover-trigger elementor-widget elementor-widget-image\" data-id=\"961471f\" data-element_type=\"widget\" data-widget_type=\"image.default\">\n\t\t\t\t<div class=\"elementor-widget-container\">\n\t\t\t\t\t\t\t\t\t\t\t\t\t\t\t\t<a href=\"https:\/\/concettaprobanza.com\/eu\/en-directo\/\" aria-label=\"en directo\">\n\t\t\t\t\t\t\t<img loading=\"lazy\" decoding=\"async\" width=\"652\" height=\"652\" src=\"https:\/\/concettaprobanza.com\/wp-content\/uploads\/2025\/04\/08.Endirecto.jpg\" class=\"attachment-large size-large wp-image-30237\" alt=\"\" srcset=\"https:\/\/concettaprobanza.com\/wp-content\/uploads\/2025\/04\/08.Endirecto.jpg 652w, https:\/\/concettaprobanza.com\/wp-content\/uploads\/2025\/04\/08.Endirecto-300x300.jpg 300w, https:\/\/concettaprobanza.com\/wp-content\/uploads\/2025\/04\/08.Endirecto-150x150.jpg 150w, https:\/\/concettaprobanza.com\/wp-content\/uploads\/2025\/04\/08.Endirecto-12x12.jpg 12w, https:\/\/concettaprobanza.com\/wp-content\/uploads\/2025\/04\/08.Endirecto-500x500.jpg 500w, https:\/\/concettaprobanza.com\/wp-content\/uploads\/2025\/04\/08.Endirecto-600x600.jpg 600w, https:\/\/concettaprobanza.com\/wp-content\/uploads\/2025\/04\/08.Endirecto-100x100.jpg 100w\" sizes=\"(max-width: 652px) 100vw, 652px\" \/>\t\t\t\t\t\t\t\t<\/a>\n\t\t\t\t\t\t\t\t\t\t\t\t\t\t\t<\/div>\n\t\t\t\t<\/div>\n\t\t<div class=\"elementor-element elementor-element-a073e80 e-con-full hover-target e-flex neuron-fixed-no e-con e-child\" data-id=\"a073e80\" data-element_type=\"container\" data-settings=\"{&quot;background_background&quot;:&quot;classic&quot;}\">\n\t\t\t\t<div class=\"elementor-element elementor-element-052a826 elementor-widget elementor-widget-heading\" data-id=\"052a826\" data-element_type=\"widget\" data-widget_type=\"heading.default\">\n\t\t\t\t<div class=\"elementor-widget-container\">\n\t\t\t\t\t<h2 class=\"elementor-heading-title elementor-size-default\"><a href=\"https:\/\/concettaprobanza.com\/eu\/en-directo\/\" aria-label=\"endirecto1\">Bizi<\/a><\/h2>\t\t\t\t<\/div>\n\t\t\t\t<\/div>\n\t\t\t\t<\/div>\n\t\t\t\t<\/div>\n\t\t\t\t\t<\/div>\n\t\t\t\t<\/div>\n\t\t\t\t\t<\/div>\n\t\t<\/div>\n\t\t\t\t\t<\/div>\n\t\t<\/section>\n\t\t<div class=\"elementor-element elementor-element-5892e65 e-flex e-con-boxed neuron-fixed-no e-con e-parent\" data-id=\"5892e65\" data-element_type=\"container\">\n\t\t\t\t\t<div class=\"e-con-inner\">\n\t\t\t\t<div class=\"elementor-element elementor-element-207d909 e-transform elementor-widget elementor-widget-heading\" data-id=\"207d909\" data-element_type=\"widget\" data-settings=\"{&quot;_transform_scale_effect&quot;:{&quot;unit&quot;:&quot;px&quot;,&quot;size&quot;:0.3,&quot;sizes&quot;:[]},&quot;_transform_scale_effect_tablet&quot;:{&quot;unit&quot;:&quot;px&quot;,&quot;size&quot;:&quot;&quot;,&quot;sizes&quot;:[]},&quot;_transform_scale_effect_mobile&quot;:{&quot;unit&quot;:&quot;px&quot;,&quot;size&quot;:&quot;&quot;,&quot;sizes&quot;:[]}}\" data-widget_type=\"heading.default\">\n\t\t\t\t<div class=\"elementor-widget-container\">\n\t\t\t\t\t<h1 class=\"elementor-heading-title elementor-size-default\">Ilustraciones de Concetta Probanza<\/h1>\t\t\t\t<\/div>\n\t\t\t\t<\/div>\n\t\t\t\t<div class=\"elementor-element elementor-element-8c47498 elementor-icon-list--layout-inline elementor-align-center elementor-list-item-link-full_width elementor-widget elementor-widget-icon-list\" data-id=\"8c47498\" data-element_type=\"widget\" data-widget_type=\"icon-list.default\">\n\t\t\t\t<div class=\"elementor-widget-container\">\n\t\t\t\t\t\t\t<ul class=\"elementor-icon-list-items elementor-inline-items\">\n\t\t\t\t\t\t\t<li class=\"elementor-icon-list-item elementor-inline-item\">\n\t\t\t\t\t\t\t\t\t\t\t<a href=\"https:\/\/concettaprobanza.live-website.com\/aviso-legal\">\n\n\t\t\t\t\t\t\t\t\t\t\t<span class=\"elementor-icon-list-text\">Lege-oharra<\/span>\n\t\t\t\t\t\t\t\t\t\t\t<\/a>\n\t\t\t\t\t\t\t\t\t<\/li>\n\t\t\t\t\t\t\t\t<li class=\"elementor-icon-list-item elementor-inline-item\">\n\t\t\t\t\t\t\t\t\t\t\t<a href=\"https:\/\/concettaprobanza.live-website.com\/politica-de-cookies\">\n\n\t\t\t\t\t\t\t\t\t\t\t<span class=\"elementor-icon-list-text\">Cookie politika<\/span>\n\t\t\t\t\t\t\t\t\t\t\t<\/a>\n\t\t\t\t\t\t\t\t\t<\/li>\n\t\t\t\t\t\t\t\t<li class=\"elementor-icon-list-item elementor-inline-item\">\n\t\t\t\t\t\t\t\t\t\t\t<a href=\"https:\/\/concettaprobanza.live-website.com\/terminos-y-condiciones\">\n\n\t\t\t\t\t\t\t\t\t\t\t<span class=\"elementor-icon-list-text\">Baldintzak eta baldintzak<\/span>\n\t\t\t\t\t\t\t\t\t\t\t<\/a>\n\t\t\t\t\t\t\t\t\t<\/li>\n\t\t\t\t\t\t<\/ul>\n\t\t\t\t\t\t<\/div>\n\t\t\t\t<\/div>\n\t\t\t\t<div class=\"elementor-element elementor-element-3f2e69d elementor-widget elementor-widget-image\" data-id=\"3f2e69d\" data-element_type=\"widget\" data-widget_type=\"image.default\">\n\t\t\t\t<div class=\"elementor-widget-container\">\n\t\t\t\t\t\t\t\t\t\t\t\t\t\t\t<img loading=\"lazy\" decoding=\"async\" width=\"1024\" height=\"96\" src=\"https:\/\/concettaprobanza.com\/wp-content\/uploads\/2025\/04\/CONBANDERA_KITDIGITAL-1024x96-1.png.webp\" class=\"attachment-large size-large wp-image-30151\" alt=\"\" srcset=\"https:\/\/concettaprobanza.com\/wp-content\/uploads\/2025\/04\/CONBANDERA_KITDIGITAL-1024x96-1.png.webp 1024w, https:\/\/concettaprobanza.com\/wp-content\/uploads\/2025\/04\/CONBANDERA_KITDIGITAL-1024x96-1.png-300x28.webp 300w, https:\/\/concettaprobanza.com\/wp-content\/uploads\/2025\/04\/CONBANDERA_KITDIGITAL-1024x96-1.png-768x72.webp 768w, https:\/\/concettaprobanza.com\/wp-content\/uploads\/2025\/04\/CONBANDERA_KITDIGITAL-1024x96-1.png-600x56.webp 600w\" sizes=\"(max-width: 1024px) 100vw, 1024px\" \/>\t\t\t\t\t\t\t\t\t\t\t\t\t\t\t<\/div>\n\t\t\t\t<\/div>\n\t\t\t\t\t<\/div>\n\t\t\t\t<\/div>\n\t\t\t\t<\/div>","protected":false},"excerpt":{"rendered":"<p>Libros Editorial Carteles Discos En directo Ilustraciones de Concetta Probanza Aviso legal Pol\u00edtica de cookies T\u00e9rminos y condiciones<\/p>","protected":false},"author":2,"featured_media":0,"parent":0,"menu_order":42,"comment_status":"closed","ping_status":"closed","template":"elementor_theme","meta":{"_acf_changed":false,"footnotes":""},"class_list":["post-30227","page","type-page","status-publish","hentry"],"acf":[],"yoast_head":"<!-- This site is optimized with the Yoast SEO plugin v25.6 - https:\/\/yoast.com\/wordpress\/plugins\/seo\/ -->\n<title>Ilustraciones Art\u00edsticas | Concetta Probanza<\/title>\n<meta name=\"description\" content=\"Explora las ilustraciones de Concetta Probanza, llenas de color, detalle y creatividad para cada proyecto editorial. \u00a1Desc\u00fabrelas ya!\" \/>\n<meta name=\"robots\" content=\"index, follow, max-snippet:-1, max-image-preview:large, max-video-preview:-1\" \/>\n<link rel=\"canonical\" href=\"https:\/\/concettaprobanza.com\/eu\/ilustraciones\/\" \/>\n<meta property=\"og:locale\" content=\"en_US\" \/>\n<meta property=\"og:type\" content=\"article\" \/>\n<meta property=\"og:title\" content=\"Ilustraciones Art\u00edsticas | Concetta Probanza\" \/>\n<meta property=\"og:description\" content=\"Explora las ilustraciones de Concetta Probanza, llenas de color, detalle y creatividad para cada proyecto editorial. \u00a1Desc\u00fabrelas ya!\" \/>\n<meta property=\"og:url\" content=\"https:\/\/concettaprobanza.com\/eu\/ilustraciones\/\" \/>\n<meta property=\"og:site_name\" content=\"Concetta Probanza\" \/>\n<meta property=\"article:modified_time\" content=\"2026-04-15T14:00:18+00:00\" \/>\n<meta property=\"og:image\" content=\"https:\/\/concettaprobanza.com\/wp-content\/uploads\/2025\/04\/01.Libros.jpg\" \/>\n\t<meta property=\"og:image:width\" content=\"652\" \/>\n\t<meta property=\"og:image:height\" content=\"652\" \/>\n\t<meta property=\"og:image:type\" content=\"image\/jpeg\" \/>\n<meta name=\"twitter:card\" content=\"summary_large_image\" \/>\n<meta name=\"twitter:label1\" content=\"Est. reading time\" \/>\n\t<meta name=\"twitter:data1\" content=\"2 minutua\" \/>\n<script type=\"application\/ld+json\" class=\"yoast-schema-graph\">{\"@context\":\"https:\/\/schema.org\",\"@graph\":[{\"@type\":\"WebPage\",\"@id\":\"https:\/\/concettaprobanza.com\/ilustraciones\/\",\"url\":\"https:\/\/concettaprobanza.com\/ilustraciones\/\",\"name\":\"Ilustraciones Art\u00edsticas | Concetta Probanza\",\"isPartOf\":{\"@id\":\"https:\/\/concettaprobanza.com\/#website\"},\"primaryImageOfPage\":{\"@id\":\"https:\/\/concettaprobanza.com\/ilustraciones\/#primaryimage\"},\"image\":{\"@id\":\"https:\/\/concettaprobanza.com\/ilustraciones\/#primaryimage\"},\"thumbnailUrl\":\"https:\/\/concettaprobanza.com\/wp-content\/uploads\/2025\/04\/01.Libros.jpg\",\"datePublished\":\"2025-04-08T12:40:46+00:00\",\"dateModified\":\"2026-04-15T14:00:18+00:00\",\"description\":\"Explora las ilustraciones de Concetta Probanza, llenas de color, detalle y creatividad para cada proyecto editorial. \u00a1Desc\u00fabrelas ya!\",\"breadcrumb\":{\"@id\":\"https:\/\/concettaprobanza.com\/ilustraciones\/#breadcrumb\"},\"inLanguage\":\"eu\",\"potentialAction\":[{\"@type\":\"ReadAction\",\"target\":[\"https:\/\/concettaprobanza.com\/ilustraciones\/\"]}]},{\"@type\":\"ImageObject\",\"inLanguage\":\"eu\",\"@id\":\"https:\/\/concettaprobanza.com\/ilustraciones\/#primaryimage\",\"url\":\"https:\/\/concettaprobanza.com\/wp-content\/uploads\/2025\/04\/01.Libros.jpg\",\"contentUrl\":\"https:\/\/concettaprobanza.com\/wp-content\/uploads\/2025\/04\/01.Libros.jpg\"},{\"@type\":\"BreadcrumbList\",\"@id\":\"https:\/\/concettaprobanza.com\/ilustraciones\/#breadcrumb\",\"itemListElement\":[{\"@type\":\"ListItem\",\"position\":1,\"name\":\"Portada\",\"item\":\"https:\/\/concettaprobanza.com\/\"},{\"@type\":\"ListItem\",\"position\":2,\"name\":\"Ilustraciones\"}]},{\"@type\":\"WebSite\",\"@id\":\"https:\/\/concettaprobanza.com\/#website\",\"url\":\"https:\/\/concettaprobanza.com\/\",\"name\":\"Concetta Probanza\",\"description\":\"Concetta Probanza es una ilustradora con formaci\u00f3n en Bellas Artes y grabado, cuya trayectoria lo llev\u00f3 del lienzo y la madera al mundo editorial y el arte digital. Sus ilustraciones, llenas de detalle y sensibilidad, evocan los paisajes y culturas que descubri\u00f3 en sus viajes por Senegal, Camer\u00fan, Indonesia y Jap\u00f3n.\",\"potentialAction\":[{\"@type\":\"SearchAction\",\"target\":{\"@type\":\"EntryPoint\",\"urlTemplate\":\"https:\/\/concettaprobanza.com\/?s={search_term_string}\"},\"query-input\":{\"@type\":\"PropertyValueSpecification\",\"valueRequired\":true,\"valueName\":\"search_term_string\"}}],\"inLanguage\":\"eu\"}]}<\/script>\n<!-- \/ Yoast SEO plugin. -->","yoast_head_json":{"title":"Ilustraciones Art\u00edsticas | Concetta Probanza","description":"Explora las ilustraciones de Concetta Probanza, llenas de color, detalle y creatividad para cada proyecto editorial. \u00a1Desc\u00fabrelas ya!","robots":{"index":"index","follow":"follow","max-snippet":"max-snippet:-1","max-image-preview":"max-image-preview:large","max-video-preview":"max-video-preview:-1"},"canonical":"https:\/\/concettaprobanza.com\/eu\/ilustraciones\/","og_locale":"en_US","og_type":"article","og_title":"Ilustraciones Art\u00edsticas | Concetta Probanza","og_description":"Explora las ilustraciones de Concetta Probanza, llenas de color, detalle y creatividad para cada proyecto editorial. \u00a1Desc\u00fabrelas ya!","og_url":"https:\/\/concettaprobanza.com\/eu\/ilustraciones\/","og_site_name":"Concetta Probanza","article_modified_time":"2026-04-15T14:00:18+00:00","og_image":[{"width":652,"height":652,"url":"https:\/\/concettaprobanza.com\/wp-content\/uploads\/2025\/04\/01.Libros.jpg","type":"image\/jpeg"}],"twitter_card":"summary_large_image","twitter_misc":{"Est. reading time":"2 minutua"},"schema":{"@context":"https:\/\/schema.org","@graph":[{"@type":"WebPage","@id":"https:\/\/concettaprobanza.com\/ilustraciones\/","url":"https:\/\/concettaprobanza.com\/ilustraciones\/","name":"Ilustraciones Art\u00edsticas | Concetta Probanza","isPartOf":{"@id":"https:\/\/concettaprobanza.com\/#website"},"primaryImageOfPage":{"@id":"https:\/\/concettaprobanza.com\/ilustraciones\/#primaryimage"},"image":{"@id":"https:\/\/concettaprobanza.com\/ilustraciones\/#primaryimage"},"thumbnailUrl":"https:\/\/concettaprobanza.com\/wp-content\/uploads\/2025\/04\/01.Libros.jpg","datePublished":"2025-04-08T12:40:46+00:00","dateModified":"2026-04-15T14:00:18+00:00","description":"Explora las ilustraciones de Concetta Probanza, llenas de color, detalle y creatividad para cada proyecto editorial. \u00a1Desc\u00fabrelas ya!","breadcrumb":{"@id":"https:\/\/concettaprobanza.com\/ilustraciones\/#breadcrumb"},"inLanguage":"eu","potentialAction":[{"@type":"ReadAction","target":["https:\/\/concettaprobanza.com\/ilustraciones\/"]}]},{"@type":"ImageObject","inLanguage":"eu","@id":"https:\/\/concettaprobanza.com\/ilustraciones\/#primaryimage","url":"https:\/\/concettaprobanza.com\/wp-content\/uploads\/2025\/04\/01.Libros.jpg","contentUrl":"https:\/\/concettaprobanza.com\/wp-content\/uploads\/2025\/04\/01.Libros.jpg"},{"@type":"BreadcrumbList","@id":"https:\/\/concettaprobanza.com\/ilustraciones\/#breadcrumb","itemListElement":[{"@type":"ListItem","position":1,"name":"Portada","item":"https:\/\/concettaprobanza.com\/"},{"@type":"ListItem","position":2,"name":"Ilustraciones"}]},{"@type":"WebSite","@id":"https:\/\/concettaprobanza.com\/#website","url":"https:\/\/concettaprobanza.com\/","name":"Concetta Probanza","description":"Concetta Probanza es una ilustradora con formaci\u00f3n en Bellas Artes y grabado, cuya trayectoria lo llev\u00f3 del lienzo y la madera al mundo editorial y el arte digital. Sus ilustraciones, llenas de detalle y sensibilidad, evocan los paisajes y culturas que descubri\u00f3 en sus viajes por Senegal, Camer\u00fan, Indonesia y Jap\u00f3n.","potentialAction":[{"@type":"SearchAction","target":{"@type":"EntryPoint","urlTemplate":"https:\/\/concettaprobanza.com\/?s={search_term_string}"},"query-input":{"@type":"PropertyValueSpecification","valueRequired":true,"valueName":"search_term_string"}}],"inLanguage":"eu"}]}},"_links":{"self":[{"href":"https:\/\/concettaprobanza.com\/eu\/wp-json\/wp\/v2\/pages\/30227","targetHints":{"allow":["GET"]}}],"collection":[{"href":"https:\/\/concettaprobanza.com\/eu\/wp-json\/wp\/v2\/pages"}],"about":[{"href":"https:\/\/concettaprobanza.com\/eu\/wp-json\/wp\/v2\/types\/page"}],"author":[{"embeddable":true,"href":"https:\/\/concettaprobanza.com\/eu\/wp-json\/wp\/v2\/users\/2"}],"replies":[{"embeddable":true,"href":"https:\/\/concettaprobanza.com\/eu\/wp-json\/wp\/v2\/comments?post=30227"}],"version-history":[{"count":0,"href":"https:\/\/concettaprobanza.com\/eu\/wp-json\/wp\/v2\/pages\/30227\/revisions"}],"wp:attachment":[{"href":"https:\/\/concettaprobanza.com\/eu\/wp-json\/wp\/v2\/media?parent=30227"}],"curies":[{"name":"wp","href":"https:\/\/api.w.org\/{rel}","templated":true}]}}