{"id":30266,"date":"2025-04-08T17:10:03","date_gmt":"2025-04-08T17:10:03","guid":{"rendered":"https:\/\/ultbit.com\/concettav2\/?page_id=30266"},"modified":"2025-08-04T13:07:19","modified_gmt":"2025-08-04T13:07:19","slug":"editorial","status":"publish","type":"page","link":"https:\/\/concettaprobanza.com\/eu\/editorial\/","title":{"rendered":"Editorial"},"content":{"rendered":"<div data-elementor-type=\"wp-post\" data-elementor-id=\"30266\" class=\"elementor elementor-30266\" data-elementor-post-type=\"page\">\n\t\t\t\t\t\t<section class=\"elementor-section elementor-top-section elementor-element elementor-element-274baea7 elementor-section-full_width elementor-section-height-default elementor-section-height-default neuron-fixed-no\" data-id=\"274baea7\" data-element_type=\"section\">\n\t\t\t\t\t\t<div class=\"elementor-container elementor-column-gap-no\">\n\t\t\t\t\t<div class=\"elementor-column elementor-col-100 elementor-top-column elementor-element elementor-element-763641f\" data-id=\"763641f\" data-element_type=\"column\">\n\t\t\t<div class=\"elementor-widget-wrap elementor-element-populated\">\n\t\t\t\t\t\t<div class=\"elementor-element elementor-element-7b0e7e3b h-offset--no elementor-widget elementor-widget-neuron-posts\" data-id=\"7b0e7e3b\" data-element_type=\"widget\" data-widget_type=\"neuron-posts.default\">\n\t\t\t\t<div class=\"elementor-widget-container\">\n\t\t\t\t\t\t\t<div class=\"l-posts-wrapper l-filters-holder l-posts-wrapper--meta-outside h-overflow-hidden l-portfolio-wrapper\" data-posts=\"7b0e7e3b\">\n\t\t\t\t\t\t\t\t\t<div class=\"l-portfolio-wrapper__items-holder l-portfolio-wrapper__items-holder--meta-outside h-overflow-hidden\">\n\t\t\t\t    <div class=\"row masonry\" data-masonry-id=\"81c971534d0e2ca919aae3b502021b01\">\n                                <div class=\"selector col-lg-3 editorial post-29872 portfolio type-portfolio status-publish has-post-thumbnail hentry portfolio_category-editorial\" data-id=\"29872\" data-columns=\"4-columns\">\n                <div class=\"o-post o-portfolio-item wow h-fadeInUpNeuron\" >\n                        <div class=\"o-neuron-hover\">\r\n        <div class=\"o-neuron-hover-holder\">\r\n            <div class=\"o-neuron-hover-holder__header\">\r\n                                    <a href=\"https:\/\/concettaprobanza.com\/eu\/portfolio\/pergola-suplemento-cultural-del-periodico-bilbao-1997-2025\/\" class=\"o-neuron-hover-holder__header__media\">\r\n                                                    <div class=\"h-calculated-image\" style=\"padding-bottom: 126.348984% !important;\">\r\n                                <img fetchpriority=\"high\" decoding=\"async\" width=\"1427\" height=\"1803\" src=\"https:\/\/concettaprobanza.com\/wp-content\/uploads\/2025\/04\/Pergola-01_Borges-1.jpg\" class=\"attachment-full size-full wp-post-image\" alt=\"\" srcset=\"https:\/\/concettaprobanza.com\/wp-content\/uploads\/2025\/04\/Pergola-01_Borges-1.jpg 1427w, https:\/\/concettaprobanza.com\/wp-content\/uploads\/2025\/04\/Pergola-01_Borges-1-237x300.jpg 237w, https:\/\/concettaprobanza.com\/wp-content\/uploads\/2025\/04\/Pergola-01_Borges-1-810x1024.jpg 810w, https:\/\/concettaprobanza.com\/wp-content\/uploads\/2025\/04\/Pergola-01_Borges-1-768x970.jpg 768w, https:\/\/concettaprobanza.com\/wp-content\/uploads\/2025\/04\/Pergola-01_Borges-1-1216x1536.jpg 1216w, https:\/\/concettaprobanza.com\/wp-content\/uploads\/2025\/04\/Pergola-01_Borges-1-9x12.jpg 9w, https:\/\/concettaprobanza.com\/wp-content\/uploads\/2025\/04\/Pergola-01_Borges-1-600x758.jpg 600w\" sizes=\"(max-width: 1427px) 100vw, 1427px\" \/>                            <\/div>\r\n                                            <\/a>\r\n                                            <\/div>\r\n                    <\/div>\r\n    <\/div>\r\n<div class=\"o-portfolio-item__content o-neuron-post__content\">\r\n            <h5 class=\"o-portfolio-item__title o-neuron-post__title\"><a href=\"https:\/\/concettaprobanza.com\/eu\/portfolio\/pergola-suplemento-cultural-del-periodico-bilbao-1997-2025\/\">P\u00e9rgola, suplemento cultural del peri\u00f3dico Bilbao (1997-2025)<\/a><\/h5>\r\n        <\/div>                <\/div>\n            <\/div>\n                                <div class=\"selector col-lg-3 editorial post-29867 portfolio type-portfolio status-publish has-post-thumbnail hentry portfolio_category-editorial\" data-id=\"29867\" data-columns=\"4-columns\">\n                <div class=\"o-post o-portfolio-item wow h-fadeInUpNeuron\" data-wow-delay=\"0.2s\">\n                        <div class=\"o-neuron-hover\">\r\n        <div class=\"o-neuron-hover-holder\">\r\n            <div class=\"o-neuron-hover-holder__header\">\r\n                                    <a href=\"https:\/\/concettaprobanza.com\/eu\/portfolio\/administrazioa-euskaraz-revista-del-ivap-1999-2025\/\" class=\"o-neuron-hover-holder__header__media\">\r\n                                                    <div class=\"h-calculated-image\" style=\"padding-bottom: 130.977735% !important;\">\r\n                                <img decoding=\"async\" width=\"1033\" height=\"1353\" src=\"https:\/\/concettaprobanza.com\/wp-content\/uploads\/2025\/04\/AE100-17-2.jpg\" class=\"attachment-full size-full wp-post-image\" alt=\"\" srcset=\"https:\/\/concettaprobanza.com\/wp-content\/uploads\/2025\/04\/AE100-17-2.jpg 1033w, https:\/\/concettaprobanza.com\/wp-content\/uploads\/2025\/04\/AE100-17-2-229x300.jpg 229w, https:\/\/concettaprobanza.com\/wp-content\/uploads\/2025\/04\/AE100-17-2-782x1024.jpg 782w, https:\/\/concettaprobanza.com\/wp-content\/uploads\/2025\/04\/AE100-17-2-768x1006.jpg 768w, https:\/\/concettaprobanza.com\/wp-content\/uploads\/2025\/04\/AE100-17-2-9x12.jpg 9w, https:\/\/concettaprobanza.com\/wp-content\/uploads\/2025\/04\/AE100-17-2-600x786.jpg 600w\" sizes=\"(max-width: 1033px) 100vw, 1033px\" \/>                            <\/div>\r\n                                            <\/a>\r\n                                            <\/div>\r\n                    <\/div>\r\n    <\/div>\r\n<div class=\"o-portfolio-item__content o-neuron-post__content\">\r\n            <h5 class=\"o-portfolio-item__title o-neuron-post__title\"><a href=\"https:\/\/concettaprobanza.com\/eu\/portfolio\/administrazioa-euskaraz-revista-del-ivap-1999-2025\/\">Administrazioa euskaraz, revista del IVAP (1999-2025)<\/a><\/h5>\r\n        <\/div>                <\/div>\n            <\/div>\n                                <div class=\"selector col-lg-3 editorial post-29864 portfolio type-portfolio status-publish has-post-thumbnail hentry portfolio_category-editorial\" data-id=\"29864\" data-columns=\"4-columns\">\n                <div class=\"o-post o-portfolio-item wow h-fadeInUpNeuron\" data-wow-delay=\"0.4s\">\n                        <div class=\"o-neuron-hover\">\r\n        <div class=\"o-neuron-hover-holder\">\r\n            <div class=\"o-neuron-hover-holder__header\">\r\n                                    <a href=\"https:\/\/concettaprobanza.com\/eu\/portfolio\/gonagorri-podcast-sobre-literatura-infantil-y-juvenil-2021-2025\/\" class=\"o-neuron-hover-holder__header__media\">\r\n                                                    <div class=\"h-calculated-image\" style=\"padding-bottom: 69.000534% !important;\">\r\n                                <img decoding=\"async\" width=\"1871\" height=\"1291\" src=\"https:\/\/concettaprobanza.com\/wp-content\/uploads\/2025\/04\/09Gonagorri-1.jpg\" class=\"attachment-full size-full wp-post-image\" alt=\"\" srcset=\"https:\/\/concettaprobanza.com\/wp-content\/uploads\/2025\/04\/09Gonagorri-1.jpg 1871w, https:\/\/concettaprobanza.com\/wp-content\/uploads\/2025\/04\/09Gonagorri-1-300x207.jpg 300w, https:\/\/concettaprobanza.com\/wp-content\/uploads\/2025\/04\/09Gonagorri-1-1024x707.jpg 1024w, https:\/\/concettaprobanza.com\/wp-content\/uploads\/2025\/04\/09Gonagorri-1-768x530.jpg 768w, https:\/\/concettaprobanza.com\/wp-content\/uploads\/2025\/04\/09Gonagorri-1-1536x1060.jpg 1536w, https:\/\/concettaprobanza.com\/wp-content\/uploads\/2025\/04\/09Gonagorri-1-18x12.jpg 18w, https:\/\/concettaprobanza.com\/wp-content\/uploads\/2025\/04\/09Gonagorri-1-600x414.jpg 600w\" sizes=\"(max-width: 1871px) 100vw, 1871px\" \/>                            <\/div>\r\n                                            <\/a>\r\n                                            <\/div>\r\n                    <\/div>\r\n    <\/div>\r\n<div class=\"o-portfolio-item__content o-neuron-post__content\">\r\n            <h5 class=\"o-portfolio-item__title o-neuron-post__title\"><a href=\"https:\/\/concettaprobanza.com\/eu\/portfolio\/gonagorri-podcast-sobre-literatura-infantil-y-juvenil-2021-2025\/\">Gonagorri, podcast sobre literatura infantil y juvenil (2021-2025)<\/a><\/h5>\r\n        <\/div>                <\/div>\n            <\/div>\n                                <div class=\"selector col-lg-3 editorial post-29856 portfolio type-portfolio status-publish has-post-thumbnail hentry portfolio_category-editorial\" data-id=\"29856\" data-columns=\"4-columns\">\n                <div class=\"o-post o-portfolio-item wow h-fadeInUpNeuron\" data-wow-delay=\"0.6s\">\n                        <div class=\"o-neuron-hover\">\r\n        <div class=\"o-neuron-hover-holder\">\r\n            <div class=\"o-neuron-hover-holder__header\">\r\n                                    <a href=\"https:\/\/concettaprobanza.com\/eu\/portfolio\/behinola-revista-sobre-literatura-infantil-y-juvenil-2018\/\" class=\"o-neuron-hover-holder__header__media\">\r\n                                                    <div class=\"h-calculated-image\" style=\"padding-bottom: 101.282051% !important;\">\r\n                                <img loading=\"lazy\" decoding=\"async\" width=\"468\" height=\"474\" src=\"https:\/\/concettaprobanza.com\/wp-content\/uploads\/2025\/04\/Behinola38_concetta-2-1.jpg\" class=\"attachment-full size-full wp-post-image\" alt=\"\" srcset=\"https:\/\/concettaprobanza.com\/wp-content\/uploads\/2025\/04\/Behinola38_concetta-2-1.jpg 468w, https:\/\/concettaprobanza.com\/wp-content\/uploads\/2025\/04\/Behinola38_concetta-2-1-296x300.jpg 296w, https:\/\/concettaprobanza.com\/wp-content\/uploads\/2025\/04\/Behinola38_concetta-2-1-12x12.jpg 12w, https:\/\/concettaprobanza.com\/wp-content\/uploads\/2025\/04\/Behinola38_concetta-2-1-100x100.jpg 100w\" sizes=\"(max-width: 468px) 100vw, 468px\" \/>                            <\/div>\r\n                                            <\/a>\r\n                                            <\/div>\r\n                    <\/div>\r\n    <\/div>\r\n<div class=\"o-portfolio-item__content o-neuron-post__content\">\r\n            <h5 class=\"o-portfolio-item__title o-neuron-post__title\"><a href=\"https:\/\/concettaprobanza.com\/eu\/portfolio\/behinola-revista-sobre-literatura-infantil-y-juvenil-2018\/\">Behinola, revista sobre literatura infantil y juvenil (2018)<\/a><\/h5>\r\n        <\/div>                <\/div>\n            <\/div>\n                                <div class=\"selector col-lg-3 editorial post-29853 portfolio type-portfolio status-publish has-post-thumbnail hentry portfolio_category-editorial\" data-id=\"29853\" data-columns=\"4-columns\">\n                <div class=\"o-post o-portfolio-item wow h-fadeInUpNeuron\" data-wow-delay=\"0.8s\">\n                        <div class=\"o-neuron-hover\">\r\n        <div class=\"o-neuron-hover-holder\">\r\n            <div class=\"o-neuron-hover-holder__header\">\r\n                                    <a href=\"https:\/\/concettaprobanza.com\/eu\/portfolio\/solasaldiak-entrevista-a-bernardo-atxaga-2004\/\" class=\"o-neuron-hover-holder__header__media\">\r\n                                                    <div class=\"h-calculated-image\" style=\"padding-bottom: 123.910939% !important;\">\r\n                                <img loading=\"lazy\" decoding=\"async\" width=\"1033\" height=\"1280\" src=\"https:\/\/concettaprobanza.com\/wp-content\/uploads\/2025\/04\/Solasaldiak_Atxaga_CUb.jpg\" class=\"attachment-full size-full wp-post-image\" alt=\"\" srcset=\"https:\/\/concettaprobanza.com\/wp-content\/uploads\/2025\/04\/Solasaldiak_Atxaga_CUb.jpg 1033w, https:\/\/concettaprobanza.com\/wp-content\/uploads\/2025\/04\/Solasaldiak_Atxaga_CUb-242x300.jpg 242w, https:\/\/concettaprobanza.com\/wp-content\/uploads\/2025\/04\/Solasaldiak_Atxaga_CUb-826x1024.jpg 826w, https:\/\/concettaprobanza.com\/wp-content\/uploads\/2025\/04\/Solasaldiak_Atxaga_CUb-768x952.jpg 768w, https:\/\/concettaprobanza.com\/wp-content\/uploads\/2025\/04\/Solasaldiak_Atxaga_CUb-10x12.jpg 10w, https:\/\/concettaprobanza.com\/wp-content\/uploads\/2025\/04\/Solasaldiak_Atxaga_CUb-600x743.jpg 600w\" sizes=\"(max-width: 1033px) 100vw, 1033px\" \/>                            <\/div>\r\n                                            <\/a>\r\n                                            <\/div>\r\n                    <\/div>\r\n    <\/div>\r\n<div class=\"o-portfolio-item__content o-neuron-post__content\">\r\n            <h5 class=\"o-portfolio-item__title o-neuron-post__title\"><a href=\"https:\/\/concettaprobanza.com\/eu\/portfolio\/solasaldiak-entrevista-a-bernardo-atxaga-2004\/\">Solasaldiak, entrevista a Bernardo Atxaga (2004)<\/a><\/h5>\r\n        <\/div>                <\/div>\n            <\/div>\n            <\/div>\n\n\n\n\n\t\t\t<\/div>\n        <\/div>\n        \t\t\t\t<\/div>\n\t\t\t\t<\/div>\n\t\t\t\t\t<\/div>\n\t\t<\/div>\n\t\t\t\t\t<\/div>\n\t\t<\/section>\n\t\t<div class=\"elementor-element elementor-element-3eb39d3 e-flex e-con-boxed neuron-fixed-no e-con e-parent\" data-id=\"3eb39d3\" data-element_type=\"container\">\n\t\t\t\t\t<div class=\"e-con-inner\">\n\t\t\t\t<div class=\"elementor-element elementor-element-478abbe elementor-icon-list--layout-inline elementor-align-center elementor-list-item-link-full_width elementor-widget elementor-widget-icon-list\" data-id=\"478abbe\" data-element_type=\"widget\" data-widget_type=\"icon-list.default\">\n\t\t\t\t<div class=\"elementor-widget-container\">\n\t\t\t\t\t\t\t<ul class=\"elementor-icon-list-items elementor-inline-items\">\n\t\t\t\t\t\t\t<li class=\"elementor-icon-list-item elementor-inline-item\">\n\t\t\t\t\t\t\t\t\t\t\t<a href=\"https:\/\/concettaprobanza.live-website.com\/aviso-legal\">\n\n\t\t\t\t\t\t\t\t\t\t\t<span class=\"elementor-icon-list-text\">Lege-oharra<\/span>\n\t\t\t\t\t\t\t\t\t\t\t<\/a>\n\t\t\t\t\t\t\t\t\t<\/li>\n\t\t\t\t\t\t\t\t<li class=\"elementor-icon-list-item elementor-inline-item\">\n\t\t\t\t\t\t\t\t\t\t\t<a href=\"https:\/\/concettaprobanza.live-website.com\/politica-de-cookies\">\n\n\t\t\t\t\t\t\t\t\t\t\t<span class=\"elementor-icon-list-text\">Cookie politika<\/span>\n\t\t\t\t\t\t\t\t\t\t\t<\/a>\n\t\t\t\t\t\t\t\t\t<\/li>\n\t\t\t\t\t\t\t\t<li class=\"elementor-icon-list-item elementor-inline-item\">\n\t\t\t\t\t\t\t\t\t\t\t<a href=\"https:\/\/concettaprobanza.live-website.com\/terminos-y-condiciones\">\n\n\t\t\t\t\t\t\t\t\t\t\t<span class=\"elementor-icon-list-text\">Baldintzak eta baldintzak<\/span>\n\t\t\t\t\t\t\t\t\t\t\t<\/a>\n\t\t\t\t\t\t\t\t\t<\/li>\n\t\t\t\t\t\t<\/ul>\n\t\t\t\t\t\t<\/div>\n\t\t\t\t<\/div>\n\t\t\t\t<div class=\"elementor-element elementor-element-edafa32 elementor-widget elementor-widget-image\" data-id=\"edafa32\" data-element_type=\"widget\" data-widget_type=\"image.default\">\n\t\t\t\t<div class=\"elementor-widget-container\">\n\t\t\t\t\t\t\t\t\t\t\t\t\t\t\t<img loading=\"lazy\" decoding=\"async\" width=\"1024\" height=\"96\" src=\"https:\/\/concettaprobanza.com\/wp-content\/uploads\/2025\/04\/CONBANDERA_KITDIGITAL-1024x96-1.png.webp\" class=\"attachment-large size-large wp-image-30151\" alt=\"\" srcset=\"https:\/\/concettaprobanza.com\/wp-content\/uploads\/2025\/04\/CONBANDERA_KITDIGITAL-1024x96-1.png.webp 1024w, https:\/\/concettaprobanza.com\/wp-content\/uploads\/2025\/04\/CONBANDERA_KITDIGITAL-1024x96-1.png-300x28.webp 300w, https:\/\/concettaprobanza.com\/wp-content\/uploads\/2025\/04\/CONBANDERA_KITDIGITAL-1024x96-1.png-768x72.webp 768w, https:\/\/concettaprobanza.com\/wp-content\/uploads\/2025\/04\/CONBANDERA_KITDIGITAL-1024x96-1.png-600x56.webp 600w\" sizes=\"(max-width: 1024px) 100vw, 1024px\" \/>\t\t\t\t\t\t\t\t\t\t\t\t\t\t\t<\/div>\n\t\t\t\t<\/div>\n\t\t\t\t\t<\/div>\n\t\t\t\t<\/div>\n\t\t\t\t<\/div>","protected":false},"excerpt":{"rendered":"<p>P\u00e9rgola, suplemento cultural del peri\u00f3dico Bilbao (1997-2025) Gonagorri, podcast sobre literatura infantil y juvenil (2021-2025) Behinola, revista sobre&#8230;<\/p>","protected":false},"author":2,"featured_media":0,"parent":0,"menu_order":42,"comment_status":"closed","ping_status":"closed","template":"elementor_theme","meta":{"_acf_changed":false,"footnotes":""},"class_list":["post-30266","page","type-page","status-publish","hentry"],"acf":[],"yoast_head":"<!-- This site is optimized with the Yoast SEO plugin v25.6 - https:\/\/yoast.com\/wordpress\/plugins\/seo\/ -->\n<title>Ilustraci\u00f3n Editorial | Concetta Probanza<\/title>\n<meta name=\"description\" content=\"Descubre la ilustraci\u00f3n editorial de Concetta Probanza, donde cada proyecto combina arte y narrativa visual. \u00a1Explora su creatividad ya!\" \/>\n<meta name=\"robots\" content=\"index, follow, max-snippet:-1, max-image-preview:large, max-video-preview:-1\" \/>\n<link rel=\"canonical\" href=\"https:\/\/concettaprobanza.com\/eu\/editorial\/\" \/>\n<meta property=\"og:locale\" content=\"en_US\" \/>\n<meta property=\"og:type\" content=\"article\" \/>\n<meta property=\"og:title\" content=\"Ilustraci\u00f3n Editorial | Concetta Probanza\" \/>\n<meta property=\"og:description\" content=\"Descubre la ilustraci\u00f3n editorial de Concetta Probanza, donde cada proyecto combina arte y narrativa visual. \u00a1Explora su creatividad ya!\" \/>\n<meta property=\"og:url\" content=\"https:\/\/concettaprobanza.com\/eu\/editorial\/\" \/>\n<meta property=\"og:site_name\" content=\"Concetta Probanza\" \/>\n<meta property=\"article:modified_time\" content=\"2025-08-04T13:07:19+00:00\" \/>\n<meta property=\"og:image\" content=\"https:\/\/concettaprobanza.live-website.com\/wp-content\/uploads\/2025\/04\/Pergola-01_Borges-1.jpg\" \/>\n<meta name=\"twitter:card\" content=\"summary_large_image\" \/>\n<meta name=\"twitter:label1\" content=\"Est. reading time\" \/>\n\t<meta name=\"twitter:data1\" content=\"2 minutua\" \/>\n<script type=\"application\/ld+json\" class=\"yoast-schema-graph\">{\"@context\":\"https:\/\/schema.org\",\"@graph\":[{\"@type\":\"WebPage\",\"@id\":\"https:\/\/concettaprobanza.com\/editorial\/\",\"url\":\"https:\/\/concettaprobanza.com\/editorial\/\",\"name\":\"Ilustraci\u00f3n Editorial | Concetta Probanza\",\"isPartOf\":{\"@id\":\"https:\/\/concettaprobanza.com\/#website\"},\"primaryImageOfPage\":{\"@id\":\"https:\/\/concettaprobanza.com\/editorial\/#primaryimage\"},\"image\":{\"@id\":\"https:\/\/concettaprobanza.com\/editorial\/#primaryimage\"},\"thumbnailUrl\":\"https:\/\/concettaprobanza.live-website.com\/wp-content\/uploads\/2025\/04\/Pergola-01_Borges-1.jpg\",\"datePublished\":\"2025-04-08T17:10:03+00:00\",\"dateModified\":\"2025-08-04T13:07:19+00:00\",\"description\":\"Descubre la ilustraci\u00f3n editorial de Concetta Probanza, donde cada proyecto combina arte y narrativa visual. \u00a1Explora su creatividad ya!\",\"breadcrumb\":{\"@id\":\"https:\/\/concettaprobanza.com\/editorial\/#breadcrumb\"},\"inLanguage\":\"eu\",\"potentialAction\":[{\"@type\":\"ReadAction\",\"target\":[\"https:\/\/concettaprobanza.com\/editorial\/\"]}]},{\"@type\":\"ImageObject\",\"inLanguage\":\"eu\",\"@id\":\"https:\/\/concettaprobanza.com\/editorial\/#primaryimage\",\"url\":\"https:\/\/concettaprobanza.live-website.com\/wp-content\/uploads\/2025\/04\/Pergola-01_Borges-1.jpg\",\"contentUrl\":\"https:\/\/concettaprobanza.live-website.com\/wp-content\/uploads\/2025\/04\/Pergola-01_Borges-1.jpg\"},{\"@type\":\"BreadcrumbList\",\"@id\":\"https:\/\/concettaprobanza.com\/editorial\/#breadcrumb\",\"itemListElement\":[{\"@type\":\"ListItem\",\"position\":1,\"name\":\"Portada\",\"item\":\"https:\/\/concettaprobanza.com\/\"},{\"@type\":\"ListItem\",\"position\":2,\"name\":\"Editorial\"}]},{\"@type\":\"WebSite\",\"@id\":\"https:\/\/concettaprobanza.com\/#website\",\"url\":\"https:\/\/concettaprobanza.com\/\",\"name\":\"Concetta Probanza\",\"description\":\"Concetta Probanza es una ilustradora con formaci\u00f3n en Bellas Artes y grabado, cuya trayectoria lo llev\u00f3 del lienzo y la madera al mundo editorial y el arte digital. Sus ilustraciones, llenas de detalle y sensibilidad, evocan los paisajes y culturas que descubri\u00f3 en sus viajes por Senegal, Camer\u00fan, Indonesia y Jap\u00f3n.\",\"potentialAction\":[{\"@type\":\"SearchAction\",\"target\":{\"@type\":\"EntryPoint\",\"urlTemplate\":\"https:\/\/concettaprobanza.com\/?s={search_term_string}\"},\"query-input\":{\"@type\":\"PropertyValueSpecification\",\"valueRequired\":true,\"valueName\":\"search_term_string\"}}],\"inLanguage\":\"eu\"}]}<\/script>\n<!-- \/ Yoast SEO plugin. -->","yoast_head_json":{"title":"Ilustraci\u00f3n Editorial | Concetta Probanza","description":"Descubre la ilustraci\u00f3n editorial de Concetta Probanza, donde cada proyecto combina arte y narrativa visual. \u00a1Explora su creatividad ya!","robots":{"index":"index","follow":"follow","max-snippet":"max-snippet:-1","max-image-preview":"max-image-preview:large","max-video-preview":"max-video-preview:-1"},"canonical":"https:\/\/concettaprobanza.com\/eu\/editorial\/","og_locale":"en_US","og_type":"article","og_title":"Ilustraci\u00f3n Editorial | Concetta Probanza","og_description":"Descubre la ilustraci\u00f3n editorial de Concetta Probanza, donde cada proyecto combina arte y narrativa visual. \u00a1Explora su creatividad ya!","og_url":"https:\/\/concettaprobanza.com\/eu\/editorial\/","og_site_name":"Concetta Probanza","article_modified_time":"2025-08-04T13:07:19+00:00","og_image":[{"url":"https:\/\/concettaprobanza.live-website.com\/wp-content\/uploads\/2025\/04\/Pergola-01_Borges-1.jpg","type":"","width":"","height":""}],"twitter_card":"summary_large_image","twitter_misc":{"Est. reading time":"2 minutua"},"schema":{"@context":"https:\/\/schema.org","@graph":[{"@type":"WebPage","@id":"https:\/\/concettaprobanza.com\/editorial\/","url":"https:\/\/concettaprobanza.com\/editorial\/","name":"Ilustraci\u00f3n Editorial | Concetta Probanza","isPartOf":{"@id":"https:\/\/concettaprobanza.com\/#website"},"primaryImageOfPage":{"@id":"https:\/\/concettaprobanza.com\/editorial\/#primaryimage"},"image":{"@id":"https:\/\/concettaprobanza.com\/editorial\/#primaryimage"},"thumbnailUrl":"https:\/\/concettaprobanza.live-website.com\/wp-content\/uploads\/2025\/04\/Pergola-01_Borges-1.jpg","datePublished":"2025-04-08T17:10:03+00:00","dateModified":"2025-08-04T13:07:19+00:00","description":"Descubre la ilustraci\u00f3n editorial de Concetta Probanza, donde cada proyecto combina arte y narrativa visual. \u00a1Explora su creatividad ya!","breadcrumb":{"@id":"https:\/\/concettaprobanza.com\/editorial\/#breadcrumb"},"inLanguage":"eu","potentialAction":[{"@type":"ReadAction","target":["https:\/\/concettaprobanza.com\/editorial\/"]}]},{"@type":"ImageObject","inLanguage":"eu","@id":"https:\/\/concettaprobanza.com\/editorial\/#primaryimage","url":"https:\/\/concettaprobanza.live-website.com\/wp-content\/uploads\/2025\/04\/Pergola-01_Borges-1.jpg","contentUrl":"https:\/\/concettaprobanza.live-website.com\/wp-content\/uploads\/2025\/04\/Pergola-01_Borges-1.jpg"},{"@type":"BreadcrumbList","@id":"https:\/\/concettaprobanza.com\/editorial\/#breadcrumb","itemListElement":[{"@type":"ListItem","position":1,"name":"Portada","item":"https:\/\/concettaprobanza.com\/"},{"@type":"ListItem","position":2,"name":"Editorial"}]},{"@type":"WebSite","@id":"https:\/\/concettaprobanza.com\/#website","url":"https:\/\/concettaprobanza.com\/","name":"Concetta Probanza","description":"Concetta Probanza es una ilustradora con formaci\u00f3n en Bellas Artes y grabado, cuya trayectoria lo llev\u00f3 del lienzo y la madera al mundo editorial y el arte digital. Sus ilustraciones, llenas de detalle y sensibilidad, evocan los paisajes y culturas que descubri\u00f3 en sus viajes por Senegal, Camer\u00fan, Indonesia y Jap\u00f3n.","potentialAction":[{"@type":"SearchAction","target":{"@type":"EntryPoint","urlTemplate":"https:\/\/concettaprobanza.com\/?s={search_term_string}"},"query-input":{"@type":"PropertyValueSpecification","valueRequired":true,"valueName":"search_term_string"}}],"inLanguage":"eu"}]}},"_links":{"self":[{"href":"https:\/\/concettaprobanza.com\/eu\/wp-json\/wp\/v2\/pages\/30266","targetHints":{"allow":["GET"]}}],"collection":[{"href":"https:\/\/concettaprobanza.com\/eu\/wp-json\/wp\/v2\/pages"}],"about":[{"href":"https:\/\/concettaprobanza.com\/eu\/wp-json\/wp\/v2\/types\/page"}],"author":[{"embeddable":true,"href":"https:\/\/concettaprobanza.com\/eu\/wp-json\/wp\/v2\/users\/2"}],"replies":[{"embeddable":true,"href":"https:\/\/concettaprobanza.com\/eu\/wp-json\/wp\/v2\/comments?post=30266"}],"version-history":[{"count":0,"href":"https:\/\/concettaprobanza.com\/eu\/wp-json\/wp\/v2\/pages\/30266\/revisions"}],"wp:attachment":[{"href":"https:\/\/concettaprobanza.com\/eu\/wp-json\/wp\/v2\/media?parent=30266"}],"curies":[{"name":"wp","href":"https:\/\/api.w.org\/{rel}","templated":true}]}}