{"id":30276,"date":"2025-04-08T17:14:38","date_gmt":"2025-04-08T17:14:38","guid":{"rendered":"https:\/\/ultbit.com\/concettav2\/?page_id=30276"},"modified":"2025-08-04T13:05:25","modified_gmt":"2025-08-04T13:05:25","slug":"libros","status":"publish","type":"page","link":"https:\/\/concettaprobanza.com\/eu\/libros\/","title":{"rendered":"Liburuak"},"content":{"rendered":"<div data-elementor-type=\"wp-post\" data-elementor-id=\"30276\" class=\"elementor elementor-30276\" data-elementor-post-type=\"page\">\n\t\t\t\t\t\t<section class=\"elementor-section elementor-top-section elementor-element elementor-element-274baea7 elementor-section-full_width elementor-section-height-default elementor-section-height-default neuron-fixed-no\" data-id=\"274baea7\" data-element_type=\"section\">\n\t\t\t\t\t\t<div class=\"elementor-container elementor-column-gap-no\">\n\t\t\t\t\t<div class=\"elementor-column elementor-col-100 elementor-top-column elementor-element elementor-element-763641f\" data-id=\"763641f\" data-element_type=\"column\">\n\t\t\t<div class=\"elementor-widget-wrap elementor-element-populated\">\n\t\t\t\t<div class=\"elementor-element elementor-element-5aeb986 e-grid e-con-boxed neuron-fixed-no e-con e-parent\" data-id=\"5aeb986\" data-element_type=\"container\">\n\t\t\t\t\t<div class=\"e-con-inner\">\n\t\t<div class=\"elementor-element elementor-element-6fead12 e-con-full e-flex neuron-fixed-no e-con e-child\" data-id=\"6fead12\" data-element_type=\"container\">\n\t\t\t\t<div class=\"elementor-element elementor-element-93ee153 hover-trigger elementor-widget elementor-widget-image\" data-id=\"93ee153\" data-element_type=\"widget\" data-widget_type=\"image.default\">\n\t\t\t\t<div class=\"elementor-widget-container\">\n\t\t\t\t\t\t\t\t\t\t\t\t\t\t\t\t<a href=\"https:\/\/concettaprobanza.com\/eu\/literatura\/\" aria-label=\"literatura\">\n\t\t\t\t\t\t\t<img fetchpriority=\"high\" decoding=\"async\" width=\"652\" height=\"652\" src=\"https:\/\/concettaprobanza.com\/wp-content\/uploads\/2025\/04\/1212.png\" class=\"attachment-full size-full wp-image-30239\" alt=\"\" srcset=\"https:\/\/concettaprobanza.com\/wp-content\/uploads\/2025\/04\/1212.png 652w, https:\/\/concettaprobanza.com\/wp-content\/uploads\/2025\/04\/1212-300x300.png 300w, https:\/\/concettaprobanza.com\/wp-content\/uploads\/2025\/04\/1212-150x150.png 150w, https:\/\/concettaprobanza.com\/wp-content\/uploads\/2025\/04\/1212-12x12.png 12w, https:\/\/concettaprobanza.com\/wp-content\/uploads\/2025\/04\/1212-500x500.png 500w, https:\/\/concettaprobanza.com\/wp-content\/uploads\/2025\/04\/1212-600x600.png 600w, https:\/\/concettaprobanza.com\/wp-content\/uploads\/2025\/04\/1212-100x100.png 100w\" sizes=\"(max-width: 652px) 100vw, 652px\" \/>\t\t\t\t\t\t\t\t<\/a>\n\t\t\t\t\t\t\t\t\t\t\t\t\t\t\t<\/div>\n\t\t\t\t<\/div>\n\t\t<div class=\"elementor-element elementor-element-a10fae0 e-con-full hover-target e-flex neuron-fixed-no e-con e-child\" data-id=\"a10fae0\" data-element_type=\"container\" data-settings=\"{&quot;background_background&quot;:&quot;classic&quot;}\">\n\t\t\t\t<div class=\"elementor-element elementor-element-e3361d3 elementor-widget elementor-widget-heading\" data-id=\"e3361d3\" data-element_type=\"widget\" data-widget_type=\"heading.default\">\n\t\t\t\t<div class=\"elementor-widget-container\">\n\t\t\t\t\t<h4 class=\"elementor-heading-title elementor-size-default\"><a href=\"https:\/\/concettaprobanza.com\/eu\/literatura\/\" aria-label=\"literautra1\">Literatura<\/a><\/h4>\t\t\t\t<\/div>\n\t\t\t\t<\/div>\n\t\t\t\t<\/div>\n\t\t\t\t<\/div>\n\t\t<div class=\"elementor-element elementor-element-83fcf31 e-con-full e-flex neuron-fixed-no e-con e-child\" data-id=\"83fcf31\" data-element_type=\"container\">\n\t\t\t\t<div class=\"elementor-element elementor-element-9370d8b hover-trigger elementor-widget elementor-widget-image\" data-id=\"9370d8b\" data-element_type=\"widget\" data-widget_type=\"image.default\">\n\t\t\t\t<div class=\"elementor-widget-container\">\n\t\t\t\t\t\t\t\t\t\t\t\t\t\t\t\t<a href=\"https:\/\/concettaprobanza.com\/eu\/cubiertas\/\" aria-label=\"cubiertas\">\n\t\t\t\t\t\t\t<img decoding=\"async\" width=\"652\" height=\"652\" src=\"https:\/\/concettaprobanza.com\/wp-content\/uploads\/2025\/04\/02.png\" class=\"attachment-large size-large wp-image-30232\" alt=\"\" srcset=\"https:\/\/concettaprobanza.com\/wp-content\/uploads\/2025\/04\/02.png 652w, https:\/\/concettaprobanza.com\/wp-content\/uploads\/2025\/04\/02-300x300.png 300w, https:\/\/concettaprobanza.com\/wp-content\/uploads\/2025\/04\/02-150x150.png 150w, https:\/\/concettaprobanza.com\/wp-content\/uploads\/2025\/04\/02-12x12.png 12w, https:\/\/concettaprobanza.com\/wp-content\/uploads\/2025\/04\/02-500x500.png 500w, https:\/\/concettaprobanza.com\/wp-content\/uploads\/2025\/04\/02-600x600.png 600w, https:\/\/concettaprobanza.com\/wp-content\/uploads\/2025\/04\/02-100x100.png 100w\" sizes=\"(max-width: 652px) 100vw, 652px\" \/>\t\t\t\t\t\t\t\t<\/a>\n\t\t\t\t\t\t\t\t\t\t\t\t\t\t\t<\/div>\n\t\t\t\t<\/div>\n\t\t<div class=\"elementor-element elementor-element-03d82d3 e-con-full hover-target e-flex neuron-fixed-no e-con e-child\" data-id=\"03d82d3\" data-element_type=\"container\" data-settings=\"{&quot;background_background&quot;:&quot;classic&quot;}\">\n\t\t\t\t<div class=\"elementor-element elementor-element-404cebb elementor-widget elementor-widget-heading\" data-id=\"404cebb\" data-element_type=\"widget\" data-widget_type=\"heading.default\">\n\t\t\t\t<div class=\"elementor-widget-container\">\n\t\t\t\t\t<h4 class=\"elementor-heading-title elementor-size-default\"><a href=\"https:\/\/concettaprobanza.com\/eu\/cubiertas\/\" aria-label=\"cubiertas1\">Azalak<\/a><\/h4>\t\t\t\t<\/div>\n\t\t\t\t<\/div>\n\t\t\t\t<\/div>\n\t\t\t\t<\/div>\n\t\t<div class=\"elementor-element elementor-element-215c1c8 e-con-full e-flex neuron-fixed-no e-con e-child\" data-id=\"215c1c8\" data-element_type=\"container\">\n\t\t\t\t<div class=\"elementor-element elementor-element-4907780 hover-trigger elementor-widget elementor-widget-image\" data-id=\"4907780\" data-element_type=\"widget\" data-widget_type=\"image.default\">\n\t\t\t\t<div class=\"elementor-widget-container\">\n\t\t\t\t\t\t\t\t\t\t\t\t\t\t\t\t<a href=\"https:\/\/concettaprobanza.com\/eu\/otras-publicaciones\/\" aria-label=\"otras publicaciones\">\n\t\t\t\t\t\t\t<img decoding=\"async\" width=\"652\" height=\"652\" src=\"https:\/\/concettaprobanza.com\/wp-content\/uploads\/2025\/04\/f12.png\" class=\"attachment-large size-large wp-image-30238\" alt=\"\" srcset=\"https:\/\/concettaprobanza.com\/wp-content\/uploads\/2025\/04\/f12.png 652w, https:\/\/concettaprobanza.com\/wp-content\/uploads\/2025\/04\/f12-300x300.png 300w, https:\/\/concettaprobanza.com\/wp-content\/uploads\/2025\/04\/f12-150x150.png 150w, https:\/\/concettaprobanza.com\/wp-content\/uploads\/2025\/04\/f12-12x12.png 12w, https:\/\/concettaprobanza.com\/wp-content\/uploads\/2025\/04\/f12-500x500.png 500w, https:\/\/concettaprobanza.com\/wp-content\/uploads\/2025\/04\/f12-600x600.png 600w, https:\/\/concettaprobanza.com\/wp-content\/uploads\/2025\/04\/f12-100x100.png 100w\" sizes=\"(max-width: 652px) 100vw, 652px\" \/>\t\t\t\t\t\t\t\t<\/a>\n\t\t\t\t\t\t\t\t\t\t\t\t\t\t\t<\/div>\n\t\t\t\t<\/div>\n\t\t<div class=\"elementor-element elementor-element-04546d2 e-con-full hover-target e-flex neuron-fixed-no e-con e-child\" data-id=\"04546d2\" data-element_type=\"container\" data-settings=\"{&quot;background_background&quot;:&quot;classic&quot;}\">\n\t\t\t\t<div class=\"elementor-element elementor-element-5363c8b elementor-widget elementor-widget-heading\" data-id=\"5363c8b\" data-element_type=\"widget\" data-widget_type=\"heading.default\">\n\t\t\t\t<div class=\"elementor-widget-container\">\n\t\t\t\t\t<h4 class=\"elementor-heading-title elementor-size-default\"><a href=\"https:\/\/concettaprobanza.com\/eu\/otras-publicaciones\/\" aria-label=\"otras1\">Beste argitalpen batzuk<\/a><\/h4>\t\t\t\t<\/div>\n\t\t\t\t<\/div>\n\t\t\t\t<\/div>\n\t\t\t\t<\/div>\n\t\t\t\t\t<\/div>\n\t\t\t\t<\/div>\n\t\t\t\t\t<\/div>\n\t\t<\/div>\n\t\t\t\t\t<\/div>\n\t\t<\/section>\n\t\t<div class=\"elementor-element elementor-element-5892e65 e-flex e-con-boxed neuron-fixed-no e-con e-parent\" data-id=\"5892e65\" data-element_type=\"container\">\n\t\t\t\t\t<div class=\"e-con-inner\">\n\t\t\t\t<div class=\"elementor-element elementor-element-8c47498 elementor-icon-list--layout-inline elementor-align-center elementor-list-item-link-full_width elementor-widget elementor-widget-icon-list\" data-id=\"8c47498\" data-element_type=\"widget\" data-widget_type=\"icon-list.default\">\n\t\t\t\t<div class=\"elementor-widget-container\">\n\t\t\t\t\t\t\t<ul class=\"elementor-icon-list-items elementor-inline-items\">\n\t\t\t\t\t\t\t<li class=\"elementor-icon-list-item elementor-inline-item\">\n\t\t\t\t\t\t\t\t\t\t\t<a href=\"https:\/\/concettaprobanza.live-website.com\/aviso-legal\">\n\n\t\t\t\t\t\t\t\t\t\t\t<span class=\"elementor-icon-list-text\">Lege-oharra<\/span>\n\t\t\t\t\t\t\t\t\t\t\t<\/a>\n\t\t\t\t\t\t\t\t\t<\/li>\n\t\t\t\t\t\t\t\t<li class=\"elementor-icon-list-item elementor-inline-item\">\n\t\t\t\t\t\t\t\t\t\t\t<a href=\"https:\/\/concettaprobanza.live-website.com\/politica-de-cookies\">\n\n\t\t\t\t\t\t\t\t\t\t\t<span class=\"elementor-icon-list-text\">Cookie politika<\/span>\n\t\t\t\t\t\t\t\t\t\t\t<\/a>\n\t\t\t\t\t\t\t\t\t<\/li>\n\t\t\t\t\t\t\t\t<li class=\"elementor-icon-list-item elementor-inline-item\">\n\t\t\t\t\t\t\t\t\t\t\t<a href=\"https:\/\/concettaprobanza.live-website.com\/terminos-y-condiciones\">\n\n\t\t\t\t\t\t\t\t\t\t\t<span class=\"elementor-icon-list-text\">Baldintzak eta baldintzak<\/span>\n\t\t\t\t\t\t\t\t\t\t\t<\/a>\n\t\t\t\t\t\t\t\t\t<\/li>\n\t\t\t\t\t\t<\/ul>\n\t\t\t\t\t\t<\/div>\n\t\t\t\t<\/div>\n\t\t\t\t<div class=\"elementor-element elementor-element-3f2e69d elementor-widget elementor-widget-image\" data-id=\"3f2e69d\" data-element_type=\"widget\" data-widget_type=\"image.default\">\n\t\t\t\t<div class=\"elementor-widget-container\">\n\t\t\t\t\t\t\t\t\t\t\t\t\t\t\t<img loading=\"lazy\" decoding=\"async\" width=\"1024\" height=\"96\" src=\"https:\/\/concettaprobanza.com\/wp-content\/uploads\/2025\/04\/CONBANDERA_KITDIGITAL-1024x96-1.png.webp\" class=\"attachment-large size-large wp-image-30151\" alt=\"\" srcset=\"https:\/\/concettaprobanza.com\/wp-content\/uploads\/2025\/04\/CONBANDERA_KITDIGITAL-1024x96-1.png.webp 1024w, https:\/\/concettaprobanza.com\/wp-content\/uploads\/2025\/04\/CONBANDERA_KITDIGITAL-1024x96-1.png-300x28.webp 300w, https:\/\/concettaprobanza.com\/wp-content\/uploads\/2025\/04\/CONBANDERA_KITDIGITAL-1024x96-1.png-768x72.webp 768w, https:\/\/concettaprobanza.com\/wp-content\/uploads\/2025\/04\/CONBANDERA_KITDIGITAL-1024x96-1.png-600x56.webp 600w\" sizes=\"(max-width: 1024px) 100vw, 1024px\" \/>\t\t\t\t\t\t\t\t\t\t\t\t\t\t\t<\/div>\n\t\t\t\t<\/div>\n\t\t\t\t\t<\/div>\n\t\t\t\t<\/div>\n\t\t\t\t<\/div>","protected":false},"excerpt":{"rendered":"<p>Literatura Cubiertas Otras publicaciones Aviso legal Pol\u00edtica de cookies T\u00e9rminos y condiciones<\/p>","protected":false},"author":2,"featured_media":0,"parent":0,"menu_order":42,"comment_status":"closed","ping_status":"closed","template":"elementor_theme","meta":{"_acf_changed":false,"footnotes":""},"class_list":["post-30276","page","type-page","status-publish","hentry"],"acf":[],"yoast_head":"<!-- This site is optimized with the Yoast SEO plugin v25.6 - https:\/\/yoast.com\/wordpress\/plugins\/seo\/ -->\n<title>Libros Ilustrados | Concetta Probanza<\/title>\n<meta name=\"description\" content=\"Explora los libros ilustrados por Concetta Probanza, llenos de detalle, creatividad y emoci\u00f3n visual. \u00a1Descubre sus obras \u00fanicas ya!\" \/>\n<meta name=\"robots\" content=\"index, follow, max-snippet:-1, max-image-preview:large, max-video-preview:-1\" \/>\n<link rel=\"canonical\" href=\"https:\/\/concettaprobanza.com\/eu\/libros\/\" \/>\n<meta property=\"og:locale\" content=\"en_US\" \/>\n<meta property=\"og:type\" content=\"article\" \/>\n<meta property=\"og:title\" content=\"Libros Ilustrados | Concetta Probanza\" \/>\n<meta property=\"og:description\" content=\"Explora los libros ilustrados por Concetta Probanza, llenos de detalle, creatividad y emoci\u00f3n visual. \u00a1Descubre sus obras \u00fanicas ya!\" \/>\n<meta property=\"og:url\" content=\"https:\/\/concettaprobanza.com\/eu\/libros\/\" \/>\n<meta property=\"og:site_name\" content=\"Concetta Probanza\" \/>\n<meta property=\"article:modified_time\" content=\"2025-08-04T13:05:25+00:00\" \/>\n<meta property=\"og:image\" content=\"https:\/\/concettaprobanza.com\/wp-content\/uploads\/2025\/04\/1212.png\" \/>\n<meta name=\"twitter:card\" content=\"summary_large_image\" \/>\n<meta name=\"twitter:label1\" content=\"Est. reading time\" \/>\n\t<meta name=\"twitter:data1\" content=\"1 minutua\" \/>\n<script type=\"application\/ld+json\" class=\"yoast-schema-graph\">{\"@context\":\"https:\/\/schema.org\",\"@graph\":[{\"@type\":\"WebPage\",\"@id\":\"https:\/\/concettaprobanza.com\/libros\/\",\"url\":\"https:\/\/concettaprobanza.com\/libros\/\",\"name\":\"Libros Ilustrados | Concetta Probanza\",\"isPartOf\":{\"@id\":\"https:\/\/concettaprobanza.com\/#website\"},\"primaryImageOfPage\":{\"@id\":\"https:\/\/concettaprobanza.com\/libros\/#primaryimage\"},\"image\":{\"@id\":\"https:\/\/concettaprobanza.com\/libros\/#primaryimage\"},\"thumbnailUrl\":\"https:\/\/concettaprobanza.com\/wp-content\/uploads\/2025\/04\/1212.png\",\"datePublished\":\"2025-04-08T17:14:38+00:00\",\"dateModified\":\"2025-08-04T13:05:25+00:00\",\"description\":\"Explora los libros ilustrados por Concetta Probanza, llenos de detalle, creatividad y emoci\u00f3n visual. \u00a1Descubre sus obras \u00fanicas ya!\",\"breadcrumb\":{\"@id\":\"https:\/\/concettaprobanza.com\/libros\/#breadcrumb\"},\"inLanguage\":\"eu\",\"potentialAction\":[{\"@type\":\"ReadAction\",\"target\":[\"https:\/\/concettaprobanza.com\/libros\/\"]}]},{\"@type\":\"ImageObject\",\"inLanguage\":\"eu\",\"@id\":\"https:\/\/concettaprobanza.com\/libros\/#primaryimage\",\"url\":\"https:\/\/concettaprobanza.com\/wp-content\/uploads\/2025\/04\/1212.png\",\"contentUrl\":\"https:\/\/concettaprobanza.com\/wp-content\/uploads\/2025\/04\/1212.png\"},{\"@type\":\"BreadcrumbList\",\"@id\":\"https:\/\/concettaprobanza.com\/libros\/#breadcrumb\",\"itemListElement\":[{\"@type\":\"ListItem\",\"position\":1,\"name\":\"Portada\",\"item\":\"https:\/\/concettaprobanza.com\/\"},{\"@type\":\"ListItem\",\"position\":2,\"name\":\"Libros\"}]},{\"@type\":\"WebSite\",\"@id\":\"https:\/\/concettaprobanza.com\/#website\",\"url\":\"https:\/\/concettaprobanza.com\/\",\"name\":\"Concetta Probanza\",\"description\":\"Concetta Probanza es una ilustradora con formaci\u00f3n en Bellas Artes y grabado, cuya trayectoria lo llev\u00f3 del lienzo y la madera al mundo editorial y el arte digital. Sus ilustraciones, llenas de detalle y sensibilidad, evocan los paisajes y culturas que descubri\u00f3 en sus viajes por Senegal, Camer\u00fan, Indonesia y Jap\u00f3n.\",\"potentialAction\":[{\"@type\":\"SearchAction\",\"target\":{\"@type\":\"EntryPoint\",\"urlTemplate\":\"https:\/\/concettaprobanza.com\/?s={search_term_string}\"},\"query-input\":{\"@type\":\"PropertyValueSpecification\",\"valueRequired\":true,\"valueName\":\"search_term_string\"}}],\"inLanguage\":\"eu\"}]}<\/script>\n<!-- \/ Yoast SEO plugin. -->","yoast_head_json":{"title":"Libros Ilustrados | Concetta Probanza","description":"Explora los libros ilustrados por Concetta Probanza, llenos de detalle, creatividad y emoci\u00f3n visual. \u00a1Descubre sus obras \u00fanicas ya!","robots":{"index":"index","follow":"follow","max-snippet":"max-snippet:-1","max-image-preview":"max-image-preview:large","max-video-preview":"max-video-preview:-1"},"canonical":"https:\/\/concettaprobanza.com\/eu\/libros\/","og_locale":"en_US","og_type":"article","og_title":"Libros Ilustrados | Concetta Probanza","og_description":"Explora los libros ilustrados por Concetta Probanza, llenos de detalle, creatividad y emoci\u00f3n visual. \u00a1Descubre sus obras \u00fanicas ya!","og_url":"https:\/\/concettaprobanza.com\/eu\/libros\/","og_site_name":"Concetta Probanza","article_modified_time":"2025-08-04T13:05:25+00:00","og_image":[{"url":"https:\/\/concettaprobanza.com\/wp-content\/uploads\/2025\/04\/1212.png","type":"","width":"","height":""}],"twitter_card":"summary_large_image","twitter_misc":{"Est. reading time":"1 minutua"},"schema":{"@context":"https:\/\/schema.org","@graph":[{"@type":"WebPage","@id":"https:\/\/concettaprobanza.com\/libros\/","url":"https:\/\/concettaprobanza.com\/libros\/","name":"Libros Ilustrados | Concetta Probanza","isPartOf":{"@id":"https:\/\/concettaprobanza.com\/#website"},"primaryImageOfPage":{"@id":"https:\/\/concettaprobanza.com\/libros\/#primaryimage"},"image":{"@id":"https:\/\/concettaprobanza.com\/libros\/#primaryimage"},"thumbnailUrl":"https:\/\/concettaprobanza.com\/wp-content\/uploads\/2025\/04\/1212.png","datePublished":"2025-04-08T17:14:38+00:00","dateModified":"2025-08-04T13:05:25+00:00","description":"Explora los libros ilustrados por Concetta Probanza, llenos de detalle, creatividad y emoci\u00f3n visual. \u00a1Descubre sus obras \u00fanicas ya!","breadcrumb":{"@id":"https:\/\/concettaprobanza.com\/libros\/#breadcrumb"},"inLanguage":"eu","potentialAction":[{"@type":"ReadAction","target":["https:\/\/concettaprobanza.com\/libros\/"]}]},{"@type":"ImageObject","inLanguage":"eu","@id":"https:\/\/concettaprobanza.com\/libros\/#primaryimage","url":"https:\/\/concettaprobanza.com\/wp-content\/uploads\/2025\/04\/1212.png","contentUrl":"https:\/\/concettaprobanza.com\/wp-content\/uploads\/2025\/04\/1212.png"},{"@type":"BreadcrumbList","@id":"https:\/\/concettaprobanza.com\/libros\/#breadcrumb","itemListElement":[{"@type":"ListItem","position":1,"name":"Portada","item":"https:\/\/concettaprobanza.com\/"},{"@type":"ListItem","position":2,"name":"Libros"}]},{"@type":"WebSite","@id":"https:\/\/concettaprobanza.com\/#website","url":"https:\/\/concettaprobanza.com\/","name":"Concetta Probanza","description":"Concetta Probanza es una ilustradora con formaci\u00f3n en Bellas Artes y grabado, cuya trayectoria lo llev\u00f3 del lienzo y la madera al mundo editorial y el arte digital. Sus ilustraciones, llenas de detalle y sensibilidad, evocan los paisajes y culturas que descubri\u00f3 en sus viajes por Senegal, Camer\u00fan, Indonesia y Jap\u00f3n.","potentialAction":[{"@type":"SearchAction","target":{"@type":"EntryPoint","urlTemplate":"https:\/\/concettaprobanza.com\/?s={search_term_string}"},"query-input":{"@type":"PropertyValueSpecification","valueRequired":true,"valueName":"search_term_string"}}],"inLanguage":"eu"}]}},"_links":{"self":[{"href":"https:\/\/concettaprobanza.com\/eu\/wp-json\/wp\/v2\/pages\/30276","targetHints":{"allow":["GET"]}}],"collection":[{"href":"https:\/\/concettaprobanza.com\/eu\/wp-json\/wp\/v2\/pages"}],"about":[{"href":"https:\/\/concettaprobanza.com\/eu\/wp-json\/wp\/v2\/types\/page"}],"author":[{"embeddable":true,"href":"https:\/\/concettaprobanza.com\/eu\/wp-json\/wp\/v2\/users\/2"}],"replies":[{"embeddable":true,"href":"https:\/\/concettaprobanza.com\/eu\/wp-json\/wp\/v2\/comments?post=30276"}],"version-history":[{"count":0,"href":"https:\/\/concettaprobanza.com\/eu\/wp-json\/wp\/v2\/pages\/30276\/revisions"}],"wp:attachment":[{"href":"https:\/\/concettaprobanza.com\/eu\/wp-json\/wp\/v2\/media?parent=30276"}],"curies":[{"name":"wp","href":"https:\/\/api.w.org\/{rel}","templated":true}]}}